{"id":203,"date":"2020-06-04T08:53:34","date_gmt":"2020-06-04T01:53:34","guid":{"rendered":"http:\/\/thucphamchucnang6.muathemedep.vn\/?post_type=product&#038;p=203"},"modified":"2020-06-11T13:43:07","modified_gmt":"2020-06-11T06:43:07","slug":"son-gao-huong-cam","status":"publish","type":"product","link":"https:\/\/webthucpham12.vidoweb.vn\/?product=son-gao-huong-cam","title":{"rendered":"Son G\u1ea1o H\u01b0\u01a1ng cam"},"content":{"rendered":"<p><strong>M\u00f4i c\u1ee7a b\u1ea1n b\u1ecb th\u00e2m, kh\u00f4 n\u1ebb v\u00e0 nhanh tr\u00f4i son!<\/strong><\/p>\n<p>Ngh\u0129a l\u00e0 l\u1edbp bi\u1ec3u b\u00ec c\u1ee7a m\u00f4i \u0111ang b\u1ecb \u1ea3nh h\u01b0\u1edfng nghi\u00eam tr\u1ecdng b\u1edfi m\u00f4i tr\u01b0\u1eddng v\u00e0 kh\u00f4ng \u0111\u01b0\u1ee3c ch\u0103m s\u00f3c \u0111\u00fang c\u00e1ch. Ngh\u0129a l\u00e0 b\u1ea1n ch\u01b0a c\u00f3 th\u00f3i quen d\u01b0\u1ee1ng m\u00f4i h\u00e0ng ng\u00e0y, kh\u00f4ng ch\u1ed1ng n\u1eafng cho m\u00f4i khi ra n\u1eafng, kh\u00f4ng t\u1ea9y t\u1ebf b\u00e0o ch\u1ebft th\u01b0\u1eddng xuy\u00ean cho m\u00f4i, ho\u1eb7c th\u1ecfi son d\u01b0\u1ee1ng c\u1ee7a b\u1ea1n ch\u01b0a \u0111\u1ee7 \u201cd\u01b0\u1ee1ng\u201d\u2026<\/p>\n<p>N\u1ebfu v\u1eady, b\u1ea1n c\u1ea7n c\u00f3:<\/p>\n<ul>\n<li>M\u1ed9t th\u1ecfi son l\u00f3t tr\u01b0\u1edbc khi t\u00f4 son m\u00e0u gi\u00fap m\u00f4i kh\u00f4ng c\u00f2n bong tr\u00f3c, th\u00e2m s\u1ea1m.<\/li>\n<li>M\u1ed9t th\u1ecfi son d\u01b0\u1ee1ng gi\u00e0u \u1ea9m gi\u00fap m\u00f4i c\u0103ng m\u1ecdng, h\u1ed3ng h\u00e0o b\u1ea5t ch\u1ea5p n\u1eafng g\u1eaft v\u00e0 \u0111i\u1ec1u h\u00f2a ro ro.<\/li>\n<li>M\u1ed9t lo\u1ea1i m\u1eb7t n\u1ea1 ng\u1ee7 gi\u00fap m\u00f4i \u0111\u01b0\u1ee3c d\u01b0\u1ee1ng m\u1ec1m, h\u1ed3i ph\u1ee5c kh\u1ecfe kho\u1eafn trong \u0111\u00eam.<\/li>\n<li>L\u00e0nh \u0111\u1ebfn m\u1ee9c c\u00f3 th\u1ec3 \u0103n \u0111\u01b0\u1ee3c, \u0111\u1ec3 c\u00f3 th\u1ec3 d\u00f9ng cho b\u00e9 v\u00e0 an to\u00e0n cho c\u1ea3 m\u1eb9 b\u1ea7u.<\/li>\n<\/ul>\n<p><strong>T\u1ea5t c\u1ea3 \u0111i\u1ec1u tr\u00ean \u0111\u1ec1u c\u00f3 trong th\u1ecfi son d\u01b0\u1ee1ng C\u1ecf m\u1ec1m. V\u1edbi 4 lo\u1ea1i \u1ee9ng v\u1edbi 4 ch\u1ee9c n\u0103ng:<\/strong><\/p>\n<ul>\n<li><strong>SON G\u1ea0O<\/strong>\u00a0thu\u1ea7n khi\u1ebft \u201cL\u00e0nh nh\u01b0 c\u01a1m\u201d v\u1edbi 100% th\u00e0nh ph\u1ea7n thu\u1ea7n khi\u1ebft t\u1eeb thi\u00ean nhi\u00ean. Son kh\u00f4ng m\u00e0u, m\u1ec1m v\u00e0 \u1ea9m. \u0110\u1eb7c bi\u1ec7t ph\u00f9 h\u1ee3p d\u01b0\u1ee1ng m\u00f4i ban \u0111\u00eam. Ph\u00f9 h\u1ee3p cho m\u1eb9 b\u1ea7u, tr\u1ebb s\u01a1 sinh v\u00e0 tr\u1ebb nh\u1ecf.<\/li>\n<li><strong>SON G\u1ea0O TR\u00c0 XANH<\/strong>\u00a0kh\u00f4ng m\u00e0u, \u0111\u01b0\u1ee3c b\u1ed5 sung b\u1ed9t Matcha tr\u00e0 xanh gi\u00fap ch\u1ed1ng l\u00e3o h\u00f3a cho m\u00f4i c\u00f9ng h\u01b0\u01a1ng b\u1ea1c h\u00e0 the m\u00e1t.<\/li>\n<li><strong>SON G\u1ea0O H\u01af\u01a0NG D\u00c2U<\/strong>\u00a0v\u1edbi v\u1ecb d\u00e2u ng\u1ecdt ng\u00e0o v\u00e0 ch\u00fat m\u00e0u kho\u00e1ng thi\u00ean nhi\u00ean, l\u00ean m\u00e0u m\u00f4i \u1eedng h\u1ed3ng xinh y\u00eau m\u1ecdng m\u01b0\u1edbt. Th\u00edch h\u1ee3p d\u01b0\u1ee1ng h\u00e0ng ng\u00e0y khi \u0111i l\u00e0m, \u0111i ch\u01a1i.<\/li>\n<li><strong>SON G\u1ea0O H\u01af\u01a0NG CAM<\/strong>\u00a0v\u1edbi h\u01b0\u01a1ng cam d\u1ec5 ch\u1ecbu c\u00f9ng s\u1eafc cam ph\u1edbt nh\u1eb9 gi\u00fap n\u00e9t m\u00f4i lu\u00f4n t\u01b0\u01a1i m\u1edbi. Th\u00edch h\u1ee3p d\u01b0\u1ee1ng h\u00e0ng ng\u00e0y khi \u0111i l\u00e0m, \u0111i ch\u01a1i.<\/li>\n<\/ul>\n<p><strong>Th\u00e0nh ph\u1ea7n:\u00a0<\/strong>D\u1ea7u c\u00e1m g\u1ea1o, d\u1ea7u qu\u1ea3 b\u01a1, d\u1ea7u h\u1ea1nh nh\u00e2n, b\u01a1 shea, s\u00e1p ong, s\u00e1p candelila, vitamin E, m\u00e0u kho\u00e1ng h\u1ed3ng\/b\u1ed9t matcha, h\u01b0\u01a1ng d\u00e2u\/ h\u01b0\u01a1ng b\u1ea1c h\u00e0. Kh\u00f4ng ch\u1ea5t b\u1ea3o qu\u1ea3n.<\/p>\n<p><strong>S\u1ed1 CBMP: 3515\/18\/CBMP-HN<\/strong><\/p>\n","protected":false},"excerpt":{"rendered":"<p><strong>SON G\u1ea0O H\u01af\u01a0NG CAM<\/strong>\u00a0v\u1edbi h\u01b0\u01a1ng cam d\u1ec5 ch\u1ecbu c\u00f9ng s\u1eafc cam ph\u1edbt nh\u1eb9 gi\u00fap n\u00e9t m\u00f4i lu\u00f4n t\u01b0\u01a1i m\u1edbi. Th\u00edch h\u1ee3p d\u01b0\u1ee1ng h\u00e0ng ng\u00e0y khi \u0111i l\u00e0m, \u0111i ch\u01a1i.<\/p>\n<p><strong>S\u1ed1 CBMP: 3515\/18\/CBMP-HN<\/strong><\/p>\n","protected":false},"featured_media":207,"comment_status":"open","ping_status":"closed","template":"","meta":[],"product_brand":[],"product_cat":[23,15],"product_tag":[],"class_list":{"0":"post-203","1":"product","2":"type-product","3":"status-publish","4":"has-post-thumbnail","6":"product_cat-son-duong-moi","7":"product_cat-son-moi","9":"first","10":"instock","11":"featured","12":"shipping-taxable","13":"purchasable","14":"product-type-simple"},"yoast_head":"<!-- This site is optimized with the Yoast SEO plugin v27.6 - https:\/\/yoast.com\/product\/yoast-seo-wordpress\/ -->\n<title>Son G\u1ea1o H\u01b0\u01a1ng cam - Th\u1ef1c Ph\u1ea9m 12<\/title>\n<meta name=\"robots\" content=\"noindex, follow, max-snippet:-1, max-image-preview:large, max-video-preview:-1\" \/>\n<meta property=\"og:locale\" content=\"vi_VN\" \/>\n<meta property=\"og:type\" content=\"article\" \/>\n<meta property=\"og:title\" content=\"Son G\u1ea1o H\u01b0\u01a1ng cam - Th\u1ef1c Ph\u1ea9m 12\" \/>\n<meta property=\"og:description\" content=\"SON G\u1ea0O H\u01af\u01a0NG CAM\u00a0v\u1edbi h\u01b0\u01a1ng cam d\u1ec5 ch\u1ecbu c\u00f9ng s\u1eafc cam ph\u1edbt nh\u1eb9 gi\u00fap n\u00e9t m\u00f4i lu\u00f4n t\u01b0\u01a1i m\u1edbi. Th\u00edch h\u1ee3p d\u01b0\u1ee1ng h\u00e0ng ng\u00e0y khi \u0111i l\u00e0m, \u0111i ch\u01a1i.  S\u1ed1 CBMP: 3515\/18\/CBMP-HN\" \/>\n<meta property=\"og:url\" content=\"https:\/\/webthucpham12.vidoweb.vn\/?product=son-gao-huong-cam\" \/>\n<meta property=\"og:site_name\" content=\"Th\u1ef1c Ph\u1ea9m 12\" \/>\n<meta property=\"article:modified_time\" content=\"2020-06-11T06:43:07+00:00\" \/>\n<meta property=\"og:image\" content=\"https:\/\/webthucpham12.vidoweb.vn\/wp-content\/uploads\/2020\/06\/untitled-4-01.jpg\" \/>\n\t<meta property=\"og:image:width\" content=\"510\" \/>\n\t<meta property=\"og:image:height\" content=\"510\" \/>\n\t<meta property=\"og:image:type\" content=\"image\/jpeg\" \/>\n<meta name=\"twitter:card\" content=\"summary_large_image\" \/>\n<meta name=\"twitter:label1\" content=\"\u01af\u1edbc t\u00ednh th\u1eddi gian \u0111\u1ecdc\" \/>\n\t<meta name=\"twitter:data1\" content=\"3 ph\u00fat\" \/>\n<script type=\"application\/ld+json\" class=\"yoast-schema-graph\">{\"@context\":\"https:\\\/\\\/schema.org\",\"@graph\":[{\"@type\":\"WebPage\",\"@id\":\"https:\\\/\\\/webthucpham12.vidoweb.vn\\\/?product=son-gao-huong-cam\",\"url\":\"https:\\\/\\\/webthucpham12.vidoweb.vn\\\/?product=son-gao-huong-cam\",\"name\":\"Son G\u1ea1o H\u01b0\u01a1ng cam - Th\u1ef1c Ph\u1ea9m 12\",\"isPartOf\":{\"@id\":\"https:\\\/\\\/webthucpham12.vidoweb.vn\\\/#website\"},\"primaryImageOfPage\":{\"@id\":\"https:\\\/\\\/webthucpham12.vidoweb.vn\\\/?product=son-gao-huong-cam#primaryimage\"},\"image\":{\"@id\":\"https:\\\/\\\/webthucpham12.vidoweb.vn\\\/?product=son-gao-huong-cam#primaryimage\"},\"thumbnailUrl\":\"https:\\\/\\\/webthucpham12.vidoweb.vn\\\/wp-content\\\/uploads\\\/2020\\\/06\\\/untitled-4-01.jpg\",\"datePublished\":\"2020-06-04T01:53:34+00:00\",\"dateModified\":\"2020-06-11T06:43:07+00:00\",\"breadcrumb\":{\"@id\":\"https:\\\/\\\/webthucpham12.vidoweb.vn\\\/?product=son-gao-huong-cam#breadcrumb\"},\"inLanguage\":\"vi\",\"potentialAction\":[{\"@type\":\"ReadAction\",\"target\":[\"https:\\\/\\\/webthucpham12.vidoweb.vn\\\/?product=son-gao-huong-cam\"]}]},{\"@type\":\"ImageObject\",\"inLanguage\":\"vi\",\"@id\":\"https:\\\/\\\/webthucpham12.vidoweb.vn\\\/?product=son-gao-huong-cam#primaryimage\",\"url\":\"https:\\\/\\\/webthucpham12.vidoweb.vn\\\/wp-content\\\/uploads\\\/2020\\\/06\\\/untitled-4-01.jpg\",\"contentUrl\":\"https:\\\/\\\/webthucpham12.vidoweb.vn\\\/wp-content\\\/uploads\\\/2020\\\/06\\\/untitled-4-01.jpg\",\"width\":510,\"height\":510},{\"@type\":\"BreadcrumbList\",\"@id\":\"https:\\\/\\\/webthucpham12.vidoweb.vn\\\/?product=son-gao-huong-cam#breadcrumb\",\"itemListElement\":[{\"@type\":\"ListItem\",\"position\":1,\"name\":\"Trang ch\u1ee7\",\"item\":\"https:\\\/\\\/webthucpham12.vidoweb.vn\\\/\"},{\"@type\":\"ListItem\",\"position\":2,\"name\":\"Son G\u1ea1o H\u01b0\u01a1ng cam\"}]},{\"@type\":\"WebSite\",\"@id\":\"https:\\\/\\\/webthucpham12.vidoweb.vn\\\/#website\",\"url\":\"https:\\\/\\\/webthucpham12.vidoweb.vn\\\/\",\"name\":\"Th\u1ef1c Ph\u1ea9m 12\",\"description\":\"\",\"potentialAction\":[{\"@type\":\"SearchAction\",\"target\":{\"@type\":\"EntryPoint\",\"urlTemplate\":\"https:\\\/\\\/webthucpham12.vidoweb.vn\\\/?s={search_term_string}\"},\"query-input\":{\"@type\":\"PropertyValueSpecification\",\"valueRequired\":true,\"valueName\":\"search_term_string\"}}],\"inLanguage\":\"vi\"}]}<\/script>\n<!-- \/ Yoast SEO plugin. -->","yoast_head_json":{"title":"Son G\u1ea1o H\u01b0\u01a1ng cam - Th\u1ef1c Ph\u1ea9m 12","robots":{"index":"noindex","follow":"follow","max-snippet":"max-snippet:-1","max-image-preview":"max-image-preview:large","max-video-preview":"max-video-preview:-1"},"og_locale":"vi_VN","og_type":"article","og_title":"Son G\u1ea1o H\u01b0\u01a1ng cam - Th\u1ef1c Ph\u1ea9m 12","og_description":"SON G\u1ea0O H\u01af\u01a0NG CAM\u00a0v\u1edbi h\u01b0\u01a1ng cam d\u1ec5 ch\u1ecbu c\u00f9ng s\u1eafc cam ph\u1edbt nh\u1eb9 gi\u00fap n\u00e9t m\u00f4i lu\u00f4n t\u01b0\u01a1i m\u1edbi. Th\u00edch h\u1ee3p d\u01b0\u1ee1ng h\u00e0ng ng\u00e0y khi \u0111i l\u00e0m, \u0111i ch\u01a1i.  S\u1ed1 CBMP: 3515\/18\/CBMP-HN","og_url":"https:\/\/webthucpham12.vidoweb.vn\/?product=son-gao-huong-cam","og_site_name":"Th\u1ef1c Ph\u1ea9m 12","article_modified_time":"2020-06-11T06:43:07+00:00","og_image":[{"width":510,"height":510,"url":"https:\/\/webthucpham12.vidoweb.vn\/wp-content\/uploads\/2020\/06\/untitled-4-01.jpg","type":"image\/jpeg"}],"twitter_card":"summary_large_image","twitter_misc":{"\u01af\u1edbc t\u00ednh th\u1eddi gian \u0111\u1ecdc":"3 ph\u00fat"},"schema":{"@context":"https:\/\/schema.org","@graph":[{"@type":"WebPage","@id":"https:\/\/webthucpham12.vidoweb.vn\/?product=son-gao-huong-cam","url":"https:\/\/webthucpham12.vidoweb.vn\/?product=son-gao-huong-cam","name":"Son G\u1ea1o H\u01b0\u01a1ng cam - Th\u1ef1c Ph\u1ea9m 12","isPartOf":{"@id":"https:\/\/webthucpham12.vidoweb.vn\/#website"},"primaryImageOfPage":{"@id":"https:\/\/webthucpham12.vidoweb.vn\/?product=son-gao-huong-cam#primaryimage"},"image":{"@id":"https:\/\/webthucpham12.vidoweb.vn\/?product=son-gao-huong-cam#primaryimage"},"thumbnailUrl":"https:\/\/webthucpham12.vidoweb.vn\/wp-content\/uploads\/2020\/06\/untitled-4-01.jpg","datePublished":"2020-06-04T01:53:34+00:00","dateModified":"2020-06-11T06:43:07+00:00","breadcrumb":{"@id":"https:\/\/webthucpham12.vidoweb.vn\/?product=son-gao-huong-cam#breadcrumb"},"inLanguage":"vi","potentialAction":[{"@type":"ReadAction","target":["https:\/\/webthucpham12.vidoweb.vn\/?product=son-gao-huong-cam"]}]},{"@type":"ImageObject","inLanguage":"vi","@id":"https:\/\/webthucpham12.vidoweb.vn\/?product=son-gao-huong-cam#primaryimage","url":"https:\/\/webthucpham12.vidoweb.vn\/wp-content\/uploads\/2020\/06\/untitled-4-01.jpg","contentUrl":"https:\/\/webthucpham12.vidoweb.vn\/wp-content\/uploads\/2020\/06\/untitled-4-01.jpg","width":510,"height":510},{"@type":"BreadcrumbList","@id":"https:\/\/webthucpham12.vidoweb.vn\/?product=son-gao-huong-cam#breadcrumb","itemListElement":[{"@type":"ListItem","position":1,"name":"Trang ch\u1ee7","item":"https:\/\/webthucpham12.vidoweb.vn\/"},{"@type":"ListItem","position":2,"name":"Son G\u1ea1o H\u01b0\u01a1ng cam"}]},{"@type":"WebSite","@id":"https:\/\/webthucpham12.vidoweb.vn\/#website","url":"https:\/\/webthucpham12.vidoweb.vn\/","name":"Th\u1ef1c Ph\u1ea9m 12","description":"","potentialAction":[{"@type":"SearchAction","target":{"@type":"EntryPoint","urlTemplate":"https:\/\/webthucpham12.vidoweb.vn\/?s={search_term_string}"},"query-input":{"@type":"PropertyValueSpecification","valueRequired":true,"valueName":"search_term_string"}}],"inLanguage":"vi"}]}},"_links":{"self":[{"href":"https:\/\/webthucpham12.vidoweb.vn\/index.php?rest_route=\/wp\/v2\/product\/203","targetHints":{"allow":["GET"]}}],"collection":[{"href":"https:\/\/webthucpham12.vidoweb.vn\/index.php?rest_route=\/wp\/v2\/product"}],"about":[{"href":"https:\/\/webthucpham12.vidoweb.vn\/index.php?rest_route=\/wp\/v2\/types\/product"}],"replies":[{"embeddable":true,"href":"https:\/\/webthucpham12.vidoweb.vn\/index.php?rest_route=%2Fwp%2Fv2%2Fcomments&post=203"}],"wp:featuredmedia":[{"embeddable":true,"href":"https:\/\/webthucpham12.vidoweb.vn\/index.php?rest_route=\/wp\/v2\/media\/207"}],"wp:attachment":[{"href":"https:\/\/webthucpham12.vidoweb.vn\/index.php?rest_route=%2Fwp%2Fv2%2Fmedia&parent=203"}],"wp:term":[{"taxonomy":"product_brand","embeddable":true,"href":"https:\/\/webthucpham12.vidoweb.vn\/index.php?rest_route=%2Fwp%2Fv2%2Fproduct_brand&post=203"},{"taxonomy":"product_cat","embeddable":true,"href":"https:\/\/webthucpham12.vidoweb.vn\/index.php?rest_route=%2Fwp%2Fv2%2Fproduct_cat&post=203"},{"taxonomy":"product_tag","embeddable":true,"href":"https:\/\/webthucpham12.vidoweb.vn\/index.php?rest_route=%2Fwp%2Fv2%2Fproduct_tag&post=203"}],"curies":[{"name":"wp","href":"https:\/\/api.w.org\/{rel}","templated":true}]}}