{"id":217,"date":"2020-06-11T13:27:58","date_gmt":"2020-06-11T06:27:58","guid":{"rendered":"http:\/\/thucphamchucnang6.muathemedep.vn\/?post_type=product&#038;p=217"},"modified":"2020-06-11T13:43:00","modified_gmt":"2020-06-11T06:43:00","slug":"combo-first-date-taptap","status":"publish","type":"product","link":"https:\/\/webthucpham12.vidoweb.vn\/?product=combo-first-date-taptap","title":{"rendered":"Combo First Date Taptap"},"content":{"rendered":"<p><strong>Combo FIRST DATE Tap Tap\u00a0gi\u00fap l\u00e0m s\u1ea1ch s\u00e2u da v\u00e0 cung c\u1ea5p c\u00e1c d\u01b0\u1ee1ng ch\u1ea5t c\u1ea7n thi\u1ebft cho da, \u0111\u1ed3ng th\u1eddi gi\u00fap gi\u1ea3m t\u00ecnh tr\u1ea1ng m\u1ee5n c\u00e1m, m\u1ee5n \u0111\u1ea7u \u0111en, se kh\u00edt l\u1ed7 ch\u00e2n l\u00f4ng, gi\u1ea3m th\u00e2m n\u00e1m gi\u00fap l\u00e0n da s\u00e1ng h\u1ed3ng h\u01a1n.<\/strong><\/p>\n<h2>B\u1ed9 d\u01b0\u1ee1ng da g\u1ed3m 4 b\u01b0\u1edbc:<\/h2>\n<ul>\n<li><strong>B1- D\u1ea7u r\u1eeda m\u1eb7t 3S:<\/strong>\u00a0ho\u00e0 tan l\u1edbp trang \u0111i\u1ec3m, b\u00e3 nh\u1eddn v\u00e0 b\u1ee5i b\u1ea9n, l\u00e0m s\u1ea1ch v\u00e0 thu nh\u1ecf l\u1ed7 ch\u00e2n l\u00f4ng, gi\u00fap da s\u1ea1ch m\u1ecbn. D\u00f9ng massage m\u1eb7t k\u00edch th\u00edch tu\u1ea7n ho\u00e0n gi\u00fap da h\u1ed3ng h\u00e0o.<\/li>\n<li><strong>B2 \u2013 B\u1ed9t r\u1eeda m\u1eb7t Tap Tap:\u00a0<\/strong>cu\u1ed1n tr\u00f4i b\u1ee5i b\u1ea9n tr\u00ean da, nh\u1eb9 nh\u00e0ng l\u1ea5y \u0111i l\u1edbp t\u1ebf b\u00e0o ch\u1ebft, s\u1ea1ch m\u1ecbn, s\u1ea1ch m\u1ee5n \u0111\u1ea7u \u0111en v\u00e0 m\u1ee5n c\u00e1m.<br \/>\nC\u00f3 th\u1ec3 d\u00f9ng \u0111\u1eafp m\u1eb7t n\u1ea1 gi\u00fap s\u00e1ng da.<\/li>\n<li><strong>B3 \u2013 X\u1ecbt kho\u00e1ng hoa h\u1ed3ng\/ Hoa sen:<\/strong>\u00a0d\u00f9ng nh\u01b0 x\u1ecbt kho\u00e1ng cung c\u1ea5p \u0111\u1ed9 \u1ea9m t\u1ee9c th\u1eddi cho da, gi\u00fap da m\u1ec1m m\u1ecbn. D\u00f9ng nh\u01b0 toner (n\u01b0\u1edbc hoa h\u1ed3ng) sau b\u01b0\u1edbc r\u1eeda m\u1eb7t, l\u00e0m s\u1ea1ch s\u00e2u th\u00eam, c\u00e2n b\u1eb1ng pH cho da.<\/li>\n<li><strong>B4 \u2013 Serum \u0111\u00eam Ho\u00e0ng Lan<\/strong>\u00a0ch\u1ee9a d\u1ea7u n\u1ee5 t\u1ea7m xu\u00e2n qu\u00fd gi\u00e1 k\u1ebft h\u1ee3p tinh d\u1ea7u Ho\u00e0ng Lan, d\u1ea7u g\u1ea5c\u2026 gi\u00fap cung c\u1ea5p d\u01b0\u1ee1ng ch\u1ea5t cho da, gi\u00fap da m\u1ec1m m\u1ecbn t\u01b0\u01a1i s\u00e1ng, g\u00f3p ph\u1ea7n ng\u0103n ng\u1eeba l\u00e3o h\u00f3a da, l\u00e0m m\u1edd c\u00e1c v\u1ebft th\u00e2m, nh\u0103n, n\u00e1m tr\u00ean da mang \u0111\u1ebfn 1 l\u00e0n da kh\u00f4ng tu\u1ed5i.<\/li>\n<\/ul>\n<p><strong>Th\u00e0nh ph\u1ea7n:<\/strong><\/p>\n<ul>\n<li>D\u1ea7u r\u1eeda m\u1eb7t 3S: D\u1ea7u th\u1ea7u d\u1ea7u, D\u1ea7u Olive, D\u1ea7u h\u1ea1t nho, Ch\u1ea5t nh\u0169 h\u00f3a, Tinh d\u1ea7u cam, Tinh d\u1ea7u chanh,\u2026<\/li>\n<li>B\u1ed9t r\u1eeda m\u1eb7t Taptap:\u00a0B\u1ed9t \u0111\u1eadu xanh, B\u1ed9t \u0111\u1eadu \u0111\u1ecf, B\u1ed9t y\u1ebfn m\u1ea1ch, B\u1ed9t c\u00e1m g\u1ea1o, B\u1ed9t tr\u00e0 xanh, B\u1ed9t b\u1ea1ch ch\u1ec9,\u2026<\/li>\n<li>Toner Hoa H\u1ed3ng:\u00a0N\u01b0\u1edbc c\u1ea5t, Chi\u1ebft xu\u1ea5t tr\u00e0 xanh, Tinh d\u1ea7u hoa h\u1ed3ng,\u2026<\/li>\n<li>Toner Hoa Sen:\u00a0N\u01b0\u1edbc c\u1ea5t, Chi\u1ebft xu\u1ea5t tr\u00e0 xanh, Tinh d\u1ea7u Hoa sen,\u2026<\/li>\n<li>Serum \u0111\u00eam Ho\u00e0ng Lan: D\u1ea7u h\u1ea1t nho, D\u1ea7u h\u1ea1nh nh\u00e2n, D\u1ea7u n\u1ee5 t\u00e2m xu\u00e2n, D\u1ea7u Argan, D\u1ea7u g\u1ea5c, Vitamin E, Tinh d\u1ea7u ng\u1ecdc lan t\u00e2y,\u2026<\/li>\n<\/ul>\n","protected":false},"excerpt":{"rendered":"<p><strong>Combo First Date &#8211;\u00a0<\/strong>Nh\u01b0 m\u00f4t cu\u1ed9c h\u1eb9n h\u00f2 \u0111\u1ea7u ti\u00ean c\u1ee7a da v\u00e0 m\u1ef9 ph\u1ea9m, l\u00e0 b\u01b0\u1edbc l\u00e0m quen \u0111\u01a1n gi\u1ea3n v\u00e0 hi\u1ec7u qu\u1ea3 cho nh\u1eefng b\u1ea1n l\u1ea7n \u0111\u1ea7u ch\u0103m s\u00f3c da theo quy tr\u00ecnh nhi\u1ec1u b\u01b0\u1edbc.<\/p>\n","protected":false},"featured_media":218,"comment_status":"open","ping_status":"closed","template":"","meta":[],"product_brand":[],"product_cat":[40,43],"product_tag":[],"class_list":{"0":"post-217","1":"product","2":"type-product","3":"status-publish","4":"has-post-thumbnail","6":"product_cat-combo-khuyen-mai","7":"product_cat-combo-khuyen-mai-khac","9":"first","10":"instock","11":"sale","12":"featured","13":"shipping-taxable","14":"purchasable","15":"product-type-simple"},"yoast_head":"<!-- This site is optimized with the Yoast SEO plugin v27.6 - https:\/\/yoast.com\/product\/yoast-seo-wordpress\/ -->\n<title>Combo First Date Taptap - Th\u1ef1c Ph\u1ea9m 12<\/title>\n<meta name=\"robots\" content=\"noindex, follow, max-snippet:-1, max-image-preview:large, max-video-preview:-1\" \/>\n<meta property=\"og:locale\" content=\"vi_VN\" \/>\n<meta property=\"og:type\" content=\"article\" \/>\n<meta property=\"og:title\" content=\"Combo First Date Taptap - Th\u1ef1c Ph\u1ea9m 12\" \/>\n<meta property=\"og:description\" content=\"Combo First Date -\u00a0Nh\u01b0 m\u00f4t cu\u1ed9c h\u1eb9n h\u00f2 \u0111\u1ea7u ti\u00ean c\u1ee7a da v\u00e0 m\u1ef9 ph\u1ea9m, l\u00e0 b\u01b0\u1edbc l\u00e0m quen \u0111\u01a1n gi\u1ea3n v\u00e0 hi\u1ec7u qu\u1ea3 cho nh\u1eefng b\u1ea1n l\u1ea7n \u0111\u1ea7u ch\u0103m s\u00f3c da theo quy tr\u00ecnh nhi\u1ec1u b\u01b0\u1edbc.\" \/>\n<meta property=\"og:url\" content=\"https:\/\/webthucpham12.vidoweb.vn\/?product=combo-first-date-taptap\" \/>\n<meta property=\"og:site_name\" content=\"Th\u1ef1c Ph\u1ea9m 12\" \/>\n<meta property=\"article:modified_time\" content=\"2020-06-11T06:43:00+00:00\" \/>\n<meta property=\"og:image\" content=\"https:\/\/webthucpham12.vidoweb.vn\/wp-content\/uploads\/2020\/06\/combo-hh-01-1.jpg\" \/>\n\t<meta property=\"og:image:width\" content=\"510\" \/>\n\t<meta property=\"og:image:height\" content=\"510\" \/>\n\t<meta property=\"og:image:type\" content=\"image\/jpeg\" \/>\n<meta name=\"twitter:card\" content=\"summary_large_image\" \/>\n<meta name=\"twitter:label1\" content=\"\u01af\u1edbc t\u00ednh th\u1eddi gian \u0111\u1ecdc\" \/>\n\t<meta name=\"twitter:data1\" content=\"3 ph\u00fat\" \/>\n<script type=\"application\/ld+json\" class=\"yoast-schema-graph\">{\"@context\":\"https:\\\/\\\/schema.org\",\"@graph\":[{\"@type\":\"WebPage\",\"@id\":\"https:\\\/\\\/webthucpham12.vidoweb.vn\\\/?product=combo-first-date-taptap\",\"url\":\"https:\\\/\\\/webthucpham12.vidoweb.vn\\\/?product=combo-first-date-taptap\",\"name\":\"Combo First Date Taptap - Th\u1ef1c Ph\u1ea9m 12\",\"isPartOf\":{\"@id\":\"https:\\\/\\\/webthucpham12.vidoweb.vn\\\/#website\"},\"primaryImageOfPage\":{\"@id\":\"https:\\\/\\\/webthucpham12.vidoweb.vn\\\/?product=combo-first-date-taptap#primaryimage\"},\"image\":{\"@id\":\"https:\\\/\\\/webthucpham12.vidoweb.vn\\\/?product=combo-first-date-taptap#primaryimage\"},\"thumbnailUrl\":\"https:\\\/\\\/webthucpham12.vidoweb.vn\\\/wp-content\\\/uploads\\\/2020\\\/06\\\/combo-hh-01-1.jpg\",\"datePublished\":\"2020-06-11T06:27:58+00:00\",\"dateModified\":\"2020-06-11T06:43:00+00:00\",\"breadcrumb\":{\"@id\":\"https:\\\/\\\/webthucpham12.vidoweb.vn\\\/?product=combo-first-date-taptap#breadcrumb\"},\"inLanguage\":\"vi\",\"potentialAction\":[{\"@type\":\"ReadAction\",\"target\":[\"https:\\\/\\\/webthucpham12.vidoweb.vn\\\/?product=combo-first-date-taptap\"]}]},{\"@type\":\"ImageObject\",\"inLanguage\":\"vi\",\"@id\":\"https:\\\/\\\/webthucpham12.vidoweb.vn\\\/?product=combo-first-date-taptap#primaryimage\",\"url\":\"https:\\\/\\\/webthucpham12.vidoweb.vn\\\/wp-content\\\/uploads\\\/2020\\\/06\\\/combo-hh-01-1.jpg\",\"contentUrl\":\"https:\\\/\\\/webthucpham12.vidoweb.vn\\\/wp-content\\\/uploads\\\/2020\\\/06\\\/combo-hh-01-1.jpg\",\"width\":510,\"height\":510},{\"@type\":\"BreadcrumbList\",\"@id\":\"https:\\\/\\\/webthucpham12.vidoweb.vn\\\/?product=combo-first-date-taptap#breadcrumb\",\"itemListElement\":[{\"@type\":\"ListItem\",\"position\":1,\"name\":\"Trang ch\u1ee7\",\"item\":\"https:\\\/\\\/webthucpham12.vidoweb.vn\\\/\"},{\"@type\":\"ListItem\",\"position\":2,\"name\":\"Combo First Date Taptap\"}]},{\"@type\":\"WebSite\",\"@id\":\"https:\\\/\\\/webthucpham12.vidoweb.vn\\\/#website\",\"url\":\"https:\\\/\\\/webthucpham12.vidoweb.vn\\\/\",\"name\":\"Th\u1ef1c Ph\u1ea9m 12\",\"description\":\"\",\"potentialAction\":[{\"@type\":\"SearchAction\",\"target\":{\"@type\":\"EntryPoint\",\"urlTemplate\":\"https:\\\/\\\/webthucpham12.vidoweb.vn\\\/?s={search_term_string}\"},\"query-input\":{\"@type\":\"PropertyValueSpecification\",\"valueRequired\":true,\"valueName\":\"search_term_string\"}}],\"inLanguage\":\"vi\"}]}<\/script>\n<!-- \/ Yoast SEO plugin. -->","yoast_head_json":{"title":"Combo First Date Taptap - Th\u1ef1c Ph\u1ea9m 12","robots":{"index":"noindex","follow":"follow","max-snippet":"max-snippet:-1","max-image-preview":"max-image-preview:large","max-video-preview":"max-video-preview:-1"},"og_locale":"vi_VN","og_type":"article","og_title":"Combo First Date Taptap - Th\u1ef1c Ph\u1ea9m 12","og_description":"Combo First Date -\u00a0Nh\u01b0 m\u00f4t cu\u1ed9c h\u1eb9n h\u00f2 \u0111\u1ea7u ti\u00ean c\u1ee7a da v\u00e0 m\u1ef9 ph\u1ea9m, l\u00e0 b\u01b0\u1edbc l\u00e0m quen \u0111\u01a1n gi\u1ea3n v\u00e0 hi\u1ec7u qu\u1ea3 cho nh\u1eefng b\u1ea1n l\u1ea7n \u0111\u1ea7u ch\u0103m s\u00f3c da theo quy tr\u00ecnh nhi\u1ec1u b\u01b0\u1edbc.","og_url":"https:\/\/webthucpham12.vidoweb.vn\/?product=combo-first-date-taptap","og_site_name":"Th\u1ef1c Ph\u1ea9m 12","article_modified_time":"2020-06-11T06:43:00+00:00","og_image":[{"width":510,"height":510,"url":"https:\/\/webthucpham12.vidoweb.vn\/wp-content\/uploads\/2020\/06\/combo-hh-01-1.jpg","type":"image\/jpeg"}],"twitter_card":"summary_large_image","twitter_misc":{"\u01af\u1edbc t\u00ednh th\u1eddi gian \u0111\u1ecdc":"3 ph\u00fat"},"schema":{"@context":"https:\/\/schema.org","@graph":[{"@type":"WebPage","@id":"https:\/\/webthucpham12.vidoweb.vn\/?product=combo-first-date-taptap","url":"https:\/\/webthucpham12.vidoweb.vn\/?product=combo-first-date-taptap","name":"Combo First Date Taptap - Th\u1ef1c Ph\u1ea9m 12","isPartOf":{"@id":"https:\/\/webthucpham12.vidoweb.vn\/#website"},"primaryImageOfPage":{"@id":"https:\/\/webthucpham12.vidoweb.vn\/?product=combo-first-date-taptap#primaryimage"},"image":{"@id":"https:\/\/webthucpham12.vidoweb.vn\/?product=combo-first-date-taptap#primaryimage"},"thumbnailUrl":"https:\/\/webthucpham12.vidoweb.vn\/wp-content\/uploads\/2020\/06\/combo-hh-01-1.jpg","datePublished":"2020-06-11T06:27:58+00:00","dateModified":"2020-06-11T06:43:00+00:00","breadcrumb":{"@id":"https:\/\/webthucpham12.vidoweb.vn\/?product=combo-first-date-taptap#breadcrumb"},"inLanguage":"vi","potentialAction":[{"@type":"ReadAction","target":["https:\/\/webthucpham12.vidoweb.vn\/?product=combo-first-date-taptap"]}]},{"@type":"ImageObject","inLanguage":"vi","@id":"https:\/\/webthucpham12.vidoweb.vn\/?product=combo-first-date-taptap#primaryimage","url":"https:\/\/webthucpham12.vidoweb.vn\/wp-content\/uploads\/2020\/06\/combo-hh-01-1.jpg","contentUrl":"https:\/\/webthucpham12.vidoweb.vn\/wp-content\/uploads\/2020\/06\/combo-hh-01-1.jpg","width":510,"height":510},{"@type":"BreadcrumbList","@id":"https:\/\/webthucpham12.vidoweb.vn\/?product=combo-first-date-taptap#breadcrumb","itemListElement":[{"@type":"ListItem","position":1,"name":"Trang ch\u1ee7","item":"https:\/\/webthucpham12.vidoweb.vn\/"},{"@type":"ListItem","position":2,"name":"Combo First Date Taptap"}]},{"@type":"WebSite","@id":"https:\/\/webthucpham12.vidoweb.vn\/#website","url":"https:\/\/webthucpham12.vidoweb.vn\/","name":"Th\u1ef1c Ph\u1ea9m 12","description":"","potentialAction":[{"@type":"SearchAction","target":{"@type":"EntryPoint","urlTemplate":"https:\/\/webthucpham12.vidoweb.vn\/?s={search_term_string}"},"query-input":{"@type":"PropertyValueSpecification","valueRequired":true,"valueName":"search_term_string"}}],"inLanguage":"vi"}]}},"_links":{"self":[{"href":"https:\/\/webthucpham12.vidoweb.vn\/index.php?rest_route=\/wp\/v2\/product\/217","targetHints":{"allow":["GET"]}}],"collection":[{"href":"https:\/\/webthucpham12.vidoweb.vn\/index.php?rest_route=\/wp\/v2\/product"}],"about":[{"href":"https:\/\/webthucpham12.vidoweb.vn\/index.php?rest_route=\/wp\/v2\/types\/product"}],"replies":[{"embeddable":true,"href":"https:\/\/webthucpham12.vidoweb.vn\/index.php?rest_route=%2Fwp%2Fv2%2Fcomments&post=217"}],"wp:featuredmedia":[{"embeddable":true,"href":"https:\/\/webthucpham12.vidoweb.vn\/index.php?rest_route=\/wp\/v2\/media\/218"}],"wp:attachment":[{"href":"https:\/\/webthucpham12.vidoweb.vn\/index.php?rest_route=%2Fwp%2Fv2%2Fmedia&parent=217"}],"wp:term":[{"taxonomy":"product_brand","embeddable":true,"href":"https:\/\/webthucpham12.vidoweb.vn\/index.php?rest_route=%2Fwp%2Fv2%2Fproduct_brand&post=217"},{"taxonomy":"product_cat","embeddable":true,"href":"https:\/\/webthucpham12.vidoweb.vn\/index.php?rest_route=%2Fwp%2Fv2%2Fproduct_cat&post=217"},{"taxonomy":"product_tag","embeddable":true,"href":"https:\/\/webthucpham12.vidoweb.vn\/index.php?rest_route=%2Fwp%2Fv2%2Fproduct_tag&post=217"}],"curies":[{"name":"wp","href":"https:\/\/api.w.org\/{rel}","templated":true}]}}