{"id":221,"date":"2020-06-11T13:31:11","date_gmt":"2020-06-11T06:31:11","guid":{"rendered":"http:\/\/thucphamchucnang6.muathemedep.vn\/?post_type=product&#038;p=221"},"modified":"2020-06-11T13:42:57","modified_gmt":"2020-06-11T06:42:57","slug":"la-tam-duoc-lieu-co-mem","status":"publish","type":"product","link":"https:\/\/webthucpham12.vidoweb.vn\/?product=la-tam-duoc-lieu-co-mem","title":{"rendered":"L\u00e1 t\u1eafm D\u01b0\u1ee3c li\u1ec7u C\u1ecf m\u1ec1m"},"content":{"rendered":"<p><strong>N\u1ea4U N\u01af\u1edaC L\u00c1 T\u1eaeM CHO B\u00c9<\/strong>\u00a0ch\u01b0a bao gi\u1edd\u00a0<strong>NHANH<\/strong>\u00a0\u0111\u1ebfn th\u1ebf!<\/p>\n<p>Tr\u01b0\u1edbc \u0111\u00e2y, m\u1ed7i l\u1ea7n t\u1eafm cho b\u00e9, l\u00e0 c\u00e1c b\u00e0 v\u00e0 m\u1eb9 \u1edf qu\u00ea s\u1ebd \u0111i m\u1ea5y v\u00f2ng quanh l\u00e0ng, c\u00f2n \u1edf th\u00e0nh ph\u1ed1 th\u00ec c\u0169ng ph\u1ea3i ra t\u1eadn ch\u1ee3 to \u0111\u1ec3 ki\u1ebfm cho \u0111\u1ee7 c\u00e0nh kim ng\u00e2n, n\u1eafm s\u00e0i \u0111\u1ea5t, nh\u00e1nh h\u01b0\u01a1ng nhu, l\u00e1 tr\u00e0 xanh r\u1ed3i r\u1eeda s\u1ea1ch, \u0111un nh\u1ecf l\u1eeda l\u00e2u l\u00e2u m\u1edbi \u0111\u01b0\u1ee3c n\u1ed3i n\u01b0\u1edbc t\u1eafm th\u01a1m l\u1eebng pha cho b\u00e9. V\u1ea5t v\u1ea3 k\u1ef3 c\u00f4ng l\u00e0 v\u1eady nh\u01b0ng \u0111\u1ed5i l\u1ea1i b\u00e9 lu\u00f4n l\u00e0nh da m\u00e1t th\u1ecbt, ng\u1ee7 ngon, ch\u1eb3ng bao gi\u1edd m\u1ea9n ng\u1ee9a, r\u00f4m s\u1ea3y v\u00e0 c\u0169ng kh\u00f4ng c\u1ea3m m\u1ea1o.<\/p>\n<p>!! Th\u1ebf nh\u01b0ng, cu\u1ed9c s\u1ed1ng hi\u1ec7n \u0111\u1ea1i ng\u00e0y m\u1ed9t b\u1eadn r\u1ed9n h\u01a1n. Gi\u00e1 c\u00f3 \u0111\u01b0\u1ee3c n\u1ed3i n\u01b0\u1edbc l\u00e1 t\u1eafm cho con m\u00e0 kh\u00f4ng m\u1ea5t c\u00f4ng \u0111un n\u1ea5u l\u1ecd m\u1ecd th\u00ec t\u1ed1t bi\u1ebft m\u1ea5y, b\u00e9 s\u1ebd kh\u00f4ng ph\u1ea3i \u201cch\u1ecbu \u0111\u1ef1ng\u201d s\u1eefa t\u1eafm h\u00f3a h\u1ecdc g\u1eafn m\u00e1c \u201cbaby\u201d nh\u01b0ng \u0111\u1ea7y h\u01b0\u01a1ng li\u1ec7u v\u00e0 ch\u1ea5t b\u1ea3o qu\u1ea3n \u0111\u1ed9c h\u1ea1i.<\/p>\n<p>Th\u1ea5u hi\u1ec3u s\u1ef1 b\u1eadn r\u1ed9n v\u00e0 n\u1ed7i b\u0103n kho\u0103n c\u1ee7a m\u1eb9, C\u1ecf M\u1ec1m HomeLab \u0111\u00e3 ho\u00e0n thi\u1ec7n s\u1ea3n ph\u1ea9m \u201cL\u00e1 t\u1eafm D\u01af\u1ee2C LI\u1ec6U\u201d theo c\u00f4ng th\u1ee9c d\u00e2n gian v\u1edbi t\u1ef7 l\u1ec7 ph\u00f9 h\u1ee3p c\u1ee7a h\u01b0\u01a1ng nhu, s\u00e0i \u0111\u1ea5t, kim ng\u00e2n, tr\u00e0 xanh, b\u1ed5 sung th\u00eam tinh d\u1ea7u tr\u00e0m gi\u00f3 b\u00e9 \u0111\u01b0\u1ee3c t\u1eafm m\u00e1t an to\u00e0n v\u00e0 kho\u1ebb m\u1ea1nh\u2026<\/p>\n<p>Ch\u1ec9 1 t\u00fai l\u1ecdc nh\u1ecf ng\u00e2m trong n\u01b0\u1edbc s\u00f4i sau 5 ph\u00fat l\u00e0 c\u00f3 ngay n\u01b0\u1edbc t\u1eafm d\u01b0\u1ee3c li\u1ec7u cho b\u00e9. B\u00e9 s\u1ebd m\u00e1t da m\u00e1t th\u1ecbt, ng\u1ee7 ngon ch\u00f3ng l\u1edbn. Ph\u00f9 h\u1ee3p v\u1edbi t\u00ecnh tr\u1ea1ng da b\u1ecb m\u1ea9n ng\u1ee9a, r\u00f4m s\u1ea3y hay c\u1ea3m l\u1ea1nh n\u1eefa, \u0111\u1ed3ng th\u1eddi gi\u00fap l\u00e0nh da cho c\u1ea3 c\u00e1c b\u00e9 vi\u00eam da c\u01a1 \u0111\u1ecba.<\/p>\n<p><strong>Th\u00e0nh ph\u1ea7n:<\/strong>S\u00e0i \u0111\u1ea5t, Kim ng\u00e2n, H\u01b0\u01a1ng nhu, K\u00e9 \u0111\u1ea7u ng\u1ef1a, Tr\u00e0 xanh, H\u1ea1t m\u00f9i, Tinh d\u1ea7u Tr\u00e0m gi\u00f3, Tinh d\u1ea7u Khuynh di\u1ec7p\u2026<\/p>\n<p>Trong s\u1ea3n ph\u1ea9m L\u00e1 t\u1eafm D\u01b0\u1ee3c li\u1ec7u c\u00f2n c\u00f3 ch\u1ee9a tinh d\u1ea7u Tr\u00e0m gi\u00f3 v\u00e0 tinh d\u1ea7u Khuynh di\u1ec7p l\u00e0 2 lo\u1ea1i tinh d\u1ea7u thi\u00ean nhi\u00ean th\u00edch h\u1ee3p trong vi\u1ec7c gi\u1eef \u1ea5m cho b\u00e9. N\u00ean \u0111\u01b0\u1ee3c xem l\u00e0 s\u1ea3n ph\u1ea9m t\u1eafm cho b\u00e9 v\u00e0o m\u00f9a l\u1ea1nh n\u00e0y kh\u00e1 hi\u1ec7u qu\u1ea3. B\u00e9 c\u00f3 th\u1ec3 t\u1eafm s\u1ea1ch an to\u00e0n m\u00e0 m\u1eb9 th\u00ec an t\u00e2m.<\/p>\n<p><strong>S\u1ed1 CBMP: 44\/16\/CBMP-TB<\/strong><\/p>\n","protected":false},"excerpt":{"rendered":"<p>Gi\u00fap b\u00e9 ng\u1ee7 ngon, ng\u1eeba ng\u1ee9a, ng\u1eeba r\u00f4m s\u1ea3y. Gi\u1eef \u1ea5m cho b\u00e9 khi t\u1eafm. An to\u00e0n cho m\u1eb9 b\u1ea7u, tr\u1ebb s\u01a1 sinh<\/p>\n<p><strong>S\u1ed1 CBMP: 66\/18\/CBMP-TB<\/strong><\/p>\n","protected":false},"featured_media":222,"comment_status":"open","ping_status":"closed","template":"","meta":[],"product_brand":[],"product_cat":[33,34],"product_tag":[],"class_list":{"0":"post-221","1":"product","2":"type-product","3":"status-publish","4":"has-post-thumbnail","6":"product_cat-san-pham-danh-cho-be","7":"product_cat-san-pham-tam-be","9":"first","10":"instock","11":"featured","12":"shipping-taxable","13":"purchasable","14":"product-type-simple"},"yoast_head":"<!-- This site is optimized with the Yoast SEO plugin v27.6 - https:\/\/yoast.com\/product\/yoast-seo-wordpress\/ -->\n<title>L\u00e1 t\u1eafm D\u01b0\u1ee3c li\u1ec7u C\u1ecf m\u1ec1m - Th\u1ef1c Ph\u1ea9m 12<\/title>\n<meta name=\"robots\" content=\"noindex, follow, max-snippet:-1, max-image-preview:large, max-video-preview:-1\" \/>\n<meta property=\"og:locale\" content=\"vi_VN\" \/>\n<meta property=\"og:type\" content=\"article\" \/>\n<meta property=\"og:title\" content=\"L\u00e1 t\u1eafm D\u01b0\u1ee3c li\u1ec7u C\u1ecf m\u1ec1m - Th\u1ef1c Ph\u1ea9m 12\" \/>\n<meta property=\"og:description\" content=\"Gi\u00fap b\u00e9 ng\u1ee7 ngon, ng\u1eeba ng\u1ee9a, ng\u1eeba r\u00f4m s\u1ea3y. Gi\u1eef \u1ea5m cho b\u00e9 khi t\u1eafm. An to\u00e0n cho m\u1eb9 b\u1ea7u, tr\u1ebb s\u01a1 sinh  S\u1ed1 CBMP: 66\/18\/CBMP-TB\" \/>\n<meta property=\"og:url\" content=\"https:\/\/webthucpham12.vidoweb.vn\/?product=la-tam-duoc-lieu-co-mem\" \/>\n<meta property=\"og:site_name\" content=\"Th\u1ef1c Ph\u1ea9m 12\" \/>\n<meta property=\"article:modified_time\" content=\"2020-06-11T06:42:57+00:00\" \/>\n<meta property=\"og:image\" content=\"https:\/\/webthucpham12.vidoweb.vn\/wp-content\/uploads\/2020\/06\/anh-combo-cac-san-pham-33-510x510-1.jpg\" \/>\n\t<meta property=\"og:image:width\" content=\"510\" \/>\n\t<meta property=\"og:image:height\" content=\"510\" \/>\n\t<meta property=\"og:image:type\" content=\"image\/jpeg\" \/>\n<meta name=\"twitter:card\" content=\"summary_large_image\" \/>\n<meta name=\"twitter:label1\" content=\"\u01af\u1edbc t\u00ednh th\u1eddi gian \u0111\u1ecdc\" \/>\n\t<meta name=\"twitter:data1\" content=\"3 ph\u00fat\" \/>\n<script type=\"application\/ld+json\" class=\"yoast-schema-graph\">{\"@context\":\"https:\\\/\\\/schema.org\",\"@graph\":[{\"@type\":\"WebPage\",\"@id\":\"https:\\\/\\\/webthucpham12.vidoweb.vn\\\/?product=la-tam-duoc-lieu-co-mem\",\"url\":\"https:\\\/\\\/webthucpham12.vidoweb.vn\\\/?product=la-tam-duoc-lieu-co-mem\",\"name\":\"L\u00e1 t\u1eafm D\u01b0\u1ee3c li\u1ec7u C\u1ecf m\u1ec1m - Th\u1ef1c Ph\u1ea9m 12\",\"isPartOf\":{\"@id\":\"https:\\\/\\\/webthucpham12.vidoweb.vn\\\/#website\"},\"primaryImageOfPage\":{\"@id\":\"https:\\\/\\\/webthucpham12.vidoweb.vn\\\/?product=la-tam-duoc-lieu-co-mem#primaryimage\"},\"image\":{\"@id\":\"https:\\\/\\\/webthucpham12.vidoweb.vn\\\/?product=la-tam-duoc-lieu-co-mem#primaryimage\"},\"thumbnailUrl\":\"https:\\\/\\\/webthucpham12.vidoweb.vn\\\/wp-content\\\/uploads\\\/2020\\\/06\\\/anh-combo-cac-san-pham-33-510x510-1.jpg\",\"datePublished\":\"2020-06-11T06:31:11+00:00\",\"dateModified\":\"2020-06-11T06:42:57+00:00\",\"breadcrumb\":{\"@id\":\"https:\\\/\\\/webthucpham12.vidoweb.vn\\\/?product=la-tam-duoc-lieu-co-mem#breadcrumb\"},\"inLanguage\":\"vi\",\"potentialAction\":[{\"@type\":\"ReadAction\",\"target\":[\"https:\\\/\\\/webthucpham12.vidoweb.vn\\\/?product=la-tam-duoc-lieu-co-mem\"]}]},{\"@type\":\"ImageObject\",\"inLanguage\":\"vi\",\"@id\":\"https:\\\/\\\/webthucpham12.vidoweb.vn\\\/?product=la-tam-duoc-lieu-co-mem#primaryimage\",\"url\":\"https:\\\/\\\/webthucpham12.vidoweb.vn\\\/wp-content\\\/uploads\\\/2020\\\/06\\\/anh-combo-cac-san-pham-33-510x510-1.jpg\",\"contentUrl\":\"https:\\\/\\\/webthucpham12.vidoweb.vn\\\/wp-content\\\/uploads\\\/2020\\\/06\\\/anh-combo-cac-san-pham-33-510x510-1.jpg\",\"width\":510,\"height\":510},{\"@type\":\"BreadcrumbList\",\"@id\":\"https:\\\/\\\/webthucpham12.vidoweb.vn\\\/?product=la-tam-duoc-lieu-co-mem#breadcrumb\",\"itemListElement\":[{\"@type\":\"ListItem\",\"position\":1,\"name\":\"Trang ch\u1ee7\",\"item\":\"https:\\\/\\\/webthucpham12.vidoweb.vn\\\/\"},{\"@type\":\"ListItem\",\"position\":2,\"name\":\"L\u00e1 t\u1eafm D\u01b0\u1ee3c li\u1ec7u C\u1ecf m\u1ec1m\"}]},{\"@type\":\"WebSite\",\"@id\":\"https:\\\/\\\/webthucpham12.vidoweb.vn\\\/#website\",\"url\":\"https:\\\/\\\/webthucpham12.vidoweb.vn\\\/\",\"name\":\"Th\u1ef1c Ph\u1ea9m 12\",\"description\":\"\",\"potentialAction\":[{\"@type\":\"SearchAction\",\"target\":{\"@type\":\"EntryPoint\",\"urlTemplate\":\"https:\\\/\\\/webthucpham12.vidoweb.vn\\\/?s={search_term_string}\"},\"query-input\":{\"@type\":\"PropertyValueSpecification\",\"valueRequired\":true,\"valueName\":\"search_term_string\"}}],\"inLanguage\":\"vi\"}]}<\/script>\n<!-- \/ Yoast SEO plugin. -->","yoast_head_json":{"title":"L\u00e1 t\u1eafm D\u01b0\u1ee3c li\u1ec7u C\u1ecf m\u1ec1m - Th\u1ef1c Ph\u1ea9m 12","robots":{"index":"noindex","follow":"follow","max-snippet":"max-snippet:-1","max-image-preview":"max-image-preview:large","max-video-preview":"max-video-preview:-1"},"og_locale":"vi_VN","og_type":"article","og_title":"L\u00e1 t\u1eafm D\u01b0\u1ee3c li\u1ec7u C\u1ecf m\u1ec1m - Th\u1ef1c Ph\u1ea9m 12","og_description":"Gi\u00fap b\u00e9 ng\u1ee7 ngon, ng\u1eeba ng\u1ee9a, ng\u1eeba r\u00f4m s\u1ea3y. Gi\u1eef \u1ea5m cho b\u00e9 khi t\u1eafm. An to\u00e0n cho m\u1eb9 b\u1ea7u, tr\u1ebb s\u01a1 sinh  S\u1ed1 CBMP: 66\/18\/CBMP-TB","og_url":"https:\/\/webthucpham12.vidoweb.vn\/?product=la-tam-duoc-lieu-co-mem","og_site_name":"Th\u1ef1c Ph\u1ea9m 12","article_modified_time":"2020-06-11T06:42:57+00:00","og_image":[{"width":510,"height":510,"url":"https:\/\/webthucpham12.vidoweb.vn\/wp-content\/uploads\/2020\/06\/anh-combo-cac-san-pham-33-510x510-1.jpg","type":"image\/jpeg"}],"twitter_card":"summary_large_image","twitter_misc":{"\u01af\u1edbc t\u00ednh th\u1eddi gian \u0111\u1ecdc":"3 ph\u00fat"},"schema":{"@context":"https:\/\/schema.org","@graph":[{"@type":"WebPage","@id":"https:\/\/webthucpham12.vidoweb.vn\/?product=la-tam-duoc-lieu-co-mem","url":"https:\/\/webthucpham12.vidoweb.vn\/?product=la-tam-duoc-lieu-co-mem","name":"L\u00e1 t\u1eafm D\u01b0\u1ee3c li\u1ec7u C\u1ecf m\u1ec1m - Th\u1ef1c Ph\u1ea9m 12","isPartOf":{"@id":"https:\/\/webthucpham12.vidoweb.vn\/#website"},"primaryImageOfPage":{"@id":"https:\/\/webthucpham12.vidoweb.vn\/?product=la-tam-duoc-lieu-co-mem#primaryimage"},"image":{"@id":"https:\/\/webthucpham12.vidoweb.vn\/?product=la-tam-duoc-lieu-co-mem#primaryimage"},"thumbnailUrl":"https:\/\/webthucpham12.vidoweb.vn\/wp-content\/uploads\/2020\/06\/anh-combo-cac-san-pham-33-510x510-1.jpg","datePublished":"2020-06-11T06:31:11+00:00","dateModified":"2020-06-11T06:42:57+00:00","breadcrumb":{"@id":"https:\/\/webthucpham12.vidoweb.vn\/?product=la-tam-duoc-lieu-co-mem#breadcrumb"},"inLanguage":"vi","potentialAction":[{"@type":"ReadAction","target":["https:\/\/webthucpham12.vidoweb.vn\/?product=la-tam-duoc-lieu-co-mem"]}]},{"@type":"ImageObject","inLanguage":"vi","@id":"https:\/\/webthucpham12.vidoweb.vn\/?product=la-tam-duoc-lieu-co-mem#primaryimage","url":"https:\/\/webthucpham12.vidoweb.vn\/wp-content\/uploads\/2020\/06\/anh-combo-cac-san-pham-33-510x510-1.jpg","contentUrl":"https:\/\/webthucpham12.vidoweb.vn\/wp-content\/uploads\/2020\/06\/anh-combo-cac-san-pham-33-510x510-1.jpg","width":510,"height":510},{"@type":"BreadcrumbList","@id":"https:\/\/webthucpham12.vidoweb.vn\/?product=la-tam-duoc-lieu-co-mem#breadcrumb","itemListElement":[{"@type":"ListItem","position":1,"name":"Trang ch\u1ee7","item":"https:\/\/webthucpham12.vidoweb.vn\/"},{"@type":"ListItem","position":2,"name":"L\u00e1 t\u1eafm D\u01b0\u1ee3c li\u1ec7u C\u1ecf m\u1ec1m"}]},{"@type":"WebSite","@id":"https:\/\/webthucpham12.vidoweb.vn\/#website","url":"https:\/\/webthucpham12.vidoweb.vn\/","name":"Th\u1ef1c Ph\u1ea9m 12","description":"","potentialAction":[{"@type":"SearchAction","target":{"@type":"EntryPoint","urlTemplate":"https:\/\/webthucpham12.vidoweb.vn\/?s={search_term_string}"},"query-input":{"@type":"PropertyValueSpecification","valueRequired":true,"valueName":"search_term_string"}}],"inLanguage":"vi"}]}},"_links":{"self":[{"href":"https:\/\/webthucpham12.vidoweb.vn\/index.php?rest_route=\/wp\/v2\/product\/221","targetHints":{"allow":["GET"]}}],"collection":[{"href":"https:\/\/webthucpham12.vidoweb.vn\/index.php?rest_route=\/wp\/v2\/product"}],"about":[{"href":"https:\/\/webthucpham12.vidoweb.vn\/index.php?rest_route=\/wp\/v2\/types\/product"}],"replies":[{"embeddable":true,"href":"https:\/\/webthucpham12.vidoweb.vn\/index.php?rest_route=%2Fwp%2Fv2%2Fcomments&post=221"}],"wp:featuredmedia":[{"embeddable":true,"href":"https:\/\/webthucpham12.vidoweb.vn\/index.php?rest_route=\/wp\/v2\/media\/222"}],"wp:attachment":[{"href":"https:\/\/webthucpham12.vidoweb.vn\/index.php?rest_route=%2Fwp%2Fv2%2Fmedia&parent=221"}],"wp:term":[{"taxonomy":"product_brand","embeddable":true,"href":"https:\/\/webthucpham12.vidoweb.vn\/index.php?rest_route=%2Fwp%2Fv2%2Fproduct_brand&post=221"},{"taxonomy":"product_cat","embeddable":true,"href":"https:\/\/webthucpham12.vidoweb.vn\/index.php?rest_route=%2Fwp%2Fv2%2Fproduct_cat&post=221"},{"taxonomy":"product_tag","embeddable":true,"href":"https:\/\/webthucpham12.vidoweb.vn\/index.php?rest_route=%2Fwp%2Fv2%2Fproduct_tag&post=221"}],"curies":[{"name":"wp","href":"https:\/\/api.w.org\/{rel}","templated":true}]}}