{"id":224,"date":"2020-06-11T13:33:20","date_gmt":"2020-06-11T06:33:20","guid":{"rendered":"http:\/\/thucphamchucnang6.muathemedep.vn\/?post_type=product&#038;p=224"},"modified":"2020-06-11T13:42:55","modified_gmt":"2020-06-11T06:42:55","slug":"thao-moc-goi-dau-co-mem","status":"publish","type":"product","link":"https:\/\/webthucpham12.vidoweb.vn\/?product=thao-moc-goi-dau-co-mem","title":{"rendered":"Th\u1ea3o m\u1ed9c g\u1ed9i \u0111\u1ea7u C\u1ecf m\u1ec1m"},"content":{"rendered":"<p>B\u1ea1n b\u1ecb r\u1ee5ng t\u00f3c sau sinh hay do tu\u1ed5i t\u00e1c? Do G\u00e0u v\u00e0 n\u1ea5m da \u0111\u1ea7u?<\/p>\n<p>T\u00f3c R\u1ee5ng l\u00e0m b\u1ea1n lo l\u1eafng? Nhi\u1ec1u G\u00e0u l\u00e0m b\u1ea1n t\u1ef1 ti trong giao ti\u1ebfp?<\/p>\n<p><strong>C\u1ecf M\u1ec1m m\u00e1ch b\u1ea1n s\u1eed d\u1ee5ng Th\u1ea3o m\u1ed9c G\u1ed9i \u0111\u1ea7u x\u00f3a tan m\u1ecdi mu\u1ed9n phi\u1ec1n nh\u00e9! V\u00ec:<\/strong><\/p>\n<ul>\n<li>T\u1eeb b\u1ecf d\u1ea7u g\u1ed9i ho\u00e1 ph\u1ea9m l\u00e0 B\u01b0\u1edbc \u0111\u1ea7u ti\u00ean khuy\u00ean l\u00e0m \u0111\u1ed1i v\u1edbi m\u1ecdi tr\u01b0\u1eddng h\u1ee3p R\u1ee5ng t\u00f3c v\u00e0 nhi\u1ec1u G\u00e0u, b\u1edfi ch\u1ea5t t\u1ea9y r\u1eeda ho\u00e1 h\u1ecdc khi\u1ebfn da \u0111\u1ea7u b\u1ecb m\u1ea5t ch\u1ea5t nh\u1eddn b\u1ea3o v\u1ec7 t\u1ef1 nhi\u00ean v\u00e0 ch\u1ea5t t\u1ea1o m\u01b0\u1ee3t silicon l\u00e0m b\u00edt t\u1eafc nang t\u00f3c g\u00e2y r\u1ee5ng t\u00f3c n\u1eb7ng n\u1ec1.<\/li>\n<li>92,5% kh\u00e1ch h\u00e0ng c\u1ee7a C\u1ecf M\u1ec1m sau khi d\u00f9ng Th\u1ea3o m\u1ed9c g\u1ed9i \u0111\u1ea7u li\u1ec7u tr\u00ecnh 3 h\u1ed9p \u0111\u1ec1u cho ph\u1ea3n h\u1ed3i t\u00f3c kh\u00f4ng c\u00f2n g\u00e3y r\u1ee5ng, t\u00f3c con m\u1ecdc nhi\u1ec1u, \u0111\u1ea7u c\u0169ng h\u1ebft g\u00e0u.<\/li>\n<\/ul>\n<p><strong>V\u1edbi nh\u1eefng nguy\u00ean li\u1ec7u Vi\u1ec7t Nam an to\u00e0n, Th\u1ea3o m\u1ed9c g\u1ed9i \u0111\u1ea7u \u0111\u01b0\u1ee3c \u0111\u00fac k\u1ebft t\u1eeb kinh nghi\u1ec7m d\u00e2n gian qu\u00fd gi\u00e1 v\u1edbi t\u1ec9 l\u1ec7 \u0111\u01b0\u1ee3c h\u1ee3p l\u00fd ph\u00e1t huy t\u00e1c d\u1ee5ng t\u1ed1t nh\u1ea5t:<\/strong><\/p>\n<ul>\n<li>B\u1ed3 k\u1ebft: Gi\u00fap t\u1ea1o b\u1ecdt t\u1ef1 nhi\u00ean, l\u00e0m s\u1ea1ch g\u00e0u.<\/li>\n<li>H\u01b0\u01a1ng Nhu v\u00e0 C\u1ecf m\u1ea7n tr\u1ea7u: S\u1ea1ch g\u00e0u, ng\u0103n ng\u1eeba r\u1ee5ng t\u00f3c.<\/li>\n<li>V\u1ecf b\u01b0\u1edfi: ng\u1eeba r\u1ee5ng t\u00f3c, gi\u00fap t\u00f3c d\u00e0y m\u01b0\u1ee3t.<\/li>\n<li>Tinh d\u1ea7u chanh, tinh d\u1ea7u s\u1ea3: Th\u01b0 gi\u00e3n, gi\u00fap tr\u01a1n tr\u01a1n t\u00f3c.<\/li>\n<\/ul>\n<p>C\u00e1ch d\u00f9ng v\u00f4 c\u00f9ng \u0111\u01a1n gi\u1ea3n, l\u1ea5y 1 t\u00fai l\u1ecdc ng\u00e2m v\u00e0o t\u00f4 n\u01b0\u1edbc s\u00f4i nh\u01b0 khi pha tr\u00e0, 5 ph\u00fat sau l\u00e0 c\u00f3 1 t\u00f4 n\u01b0\u1edbc g\u1ed9i \u0111\u1ea7u n\u00e2u s\u00f3ng s\u00e1nh th\u01a1m l\u1eebng.<\/p>\n<h3>Tuy nhi\u00ean, v\u1edbi s\u1ea3n ph\u1ea9m 100% thu\u1ea7n thi\u00ean nhi\u00ean b\u1ea1n s\u1ebd \u0111\u1ec3 \u00fd th\u1ea5y 2 \u0111i\u1ec3m tr\u1eeb nho nh\u1ecf:<\/h3>\n<ul>\n<li>T\u00e1c d\u1ee5ng kh\u00f4ng nhanh nh\u01b0ng hi\u1ec7u qu\u1ea3 l\u00e2u d\u00e0i. Li\u1ec7u tr\u00ecnh C\u1ecf M\u1ec1m khuy\u00ean kh\u00e1ch h\u00e0ng d\u00f9ng n\u00ean l\u00e0 3 h\u1ed9p li\u00ean t\u1ee5c \u0111\u1ec3 \u0111\u1ea3m b\u1ea3o nang t\u00f3c \u0111\u01b0\u1ee3c h\u1ed3i ph\u1ee5c, da \u0111\u1ea7u quay v\u1ec1 c\u01a1 ch\u1ebf \u0111i\u1ec1u ti\u1ebft t\u1ef1 nhi\u00ean nh\u1ea5t.<\/li>\n<li>M\u1ed9t v\u00e0i l\u1ea7n g\u1ed9i \u0111\u1ea7u ti\u00ean c\u00f3 th\u1ec3 h\u01a1i kh\u00f4, z\u00edt ho\u1eb7c b\u1ebft t\u00f3c. \u0110\u00f3 l\u00e0 do Th\u1ea3o m\u1ed9c kh\u00f4ng ch\u1ee9a silicon t\u1ea1o m\u01b0\u1ee3t \u2013 t\u00e1c nh\u00e2n ch\u00ednh g\u00e2y b\u00edt t\u1eafc nang t\u00f3c d\u1eabn \u0111\u1ebfn r\u1ee5ng t\u00f3c. Ngo\u00e0i ra, da \u0111\u1ea7u v\u00e0 t\u00f3c c\u1ea7n th\u1eddi gian \u0111\u1ec3 \u0111\u00e0o th\u1ea3i h\u1ebft h\u00f3a ch\u1ea5t v\u00e0 h\u1ea1t silicon \u0111\u1ed9c h\u1ea1i sau th\u1eddi gian d\u00e0i d\u00f9ng d\u1ea7u g\u1ed9i d\u1ea7u x\u1ea3 th\u01b0\u1eddng.<\/li>\n<\/ul>\n<p>Ch\u1eafc ch\u1eafn th\u00e0nh qu\u1ea3 ng\u1ecdt ng\u00e0o s\u1ebd \u0111\u1ebfn sau s\u1ef1 ki\u00ean tr\u00ec c\u1ee7a ch\u00fang ta. \u0110\u1eb7t h\u00e0ng ngay \u0111\u1ec3 l\u1ea5y l\u1ea1i m\u00e1i t\u00f3c ch\u1eafc kh\u1ecfe t\u1ef1 nhi\u00ean c\u1ee7a m\u00ecnh b\u1ea1n nh\u00e9.<\/p>\n<p>*S\u1ea3n ph\u1ea9m \u0111\u01b0\u1ee3c s\u1ea3n xu\u1ea5t tr\u00ean d\u00e2y chuy\u1ec1n hi\u1ec7n \u0111\u1ea1i \u0111\u1ea1t chu\u1ea9n GMP v\u00e0 c\u00f3 ch\u1ee9ng nh\u1eadn ch\u1ea5t l\u01b0\u1ee3ng.<\/p>\n<p><strong>Th\u00e0nh ph\u1ea7n:\u00a0<\/strong>B\u1ed3 k\u1ebft, H\u01b0\u01a1ng Nhu, V\u1ecf b\u01b0\u1edfi, M\u1ea7n tr\u1ea7u, Tr\u00e0 xanh, Tinh d\u1ea7u s\u1ea3 chanh,\u2026<\/p>\n<ul>\n<li>80k\/h\u1ed9p 10 g\u00f3i.<\/li>\n<li>T\u1eeb 3 h\u1ed9p: 70k\/h\u1ed9p<\/li>\n<\/ul>\n<p><strong>S\u1ed1 CBMP: 65\/18\/CBMP-TB<\/strong><\/p>\n","protected":false},"excerpt":{"rendered":"<p>Th\u00e0nh ph\u1ea7n d\u01b0\u1ee3c li\u1ec7u thi\u00ean nhi\u00ean, gi\u00fap s\u1ea1ch g\u00e0u, ng\u1eeba ng\u1ee9a da \u0111\u1ea7u, gi\u00fap t\u00f3c m\u1ec1m m\u01b0\u1ee3t, ch\u1eafc kh\u1ecfe t\u1eeb g\u1ed1c. Tr\u00e1nh xa t\u00e1c h\u1ea1i h\u00f3a ch\u1ea5t trong d\u1ea7u g\u1ed9i c\u00f4ng nghi\u1ec7p.<\/p>\n<p>Hi\u1ec7u qu\u1ea3 sau 1-2 th\u00e1ng.<\/p>\n<p><strong>S\u1ed1 CBMP: 65\/18\/CBMP-TB<\/strong><\/p>\n","protected":false},"featured_media":225,"comment_status":"open","ping_status":"closed","template":"","meta":[],"product_brand":[],"product_cat":[20,29],"product_tag":[],"class_list":{"0":"post-224","1":"product","2":"type-product","3":"status-publish","4":"has-post-thumbnail","6":"product_cat-cham-soc-toc","7":"product_cat-san-pham-duong-toc","9":"first","10":"instock","11":"featured","12":"shipping-taxable","13":"purchasable","14":"product-type-simple"},"yoast_head":"<!-- This site is optimized with the Yoast SEO plugin v27.6 - https:\/\/yoast.com\/product\/yoast-seo-wordpress\/ -->\n<title>Th\u1ea3o m\u1ed9c g\u1ed9i \u0111\u1ea7u C\u1ecf m\u1ec1m - Th\u1ef1c Ph\u1ea9m 12<\/title>\n<meta name=\"robots\" content=\"noindex, follow, max-snippet:-1, max-image-preview:large, max-video-preview:-1\" \/>\n<meta property=\"og:locale\" content=\"vi_VN\" \/>\n<meta property=\"og:type\" content=\"article\" \/>\n<meta property=\"og:title\" content=\"Th\u1ea3o m\u1ed9c g\u1ed9i \u0111\u1ea7u C\u1ecf m\u1ec1m - Th\u1ef1c Ph\u1ea9m 12\" \/>\n<meta property=\"og:description\" content=\"Th\u00e0nh ph\u1ea7n d\u01b0\u1ee3c li\u1ec7u thi\u00ean nhi\u00ean, gi\u00fap s\u1ea1ch g\u00e0u, ng\u1eeba ng\u1ee9a da \u0111\u1ea7u, gi\u00fap t\u00f3c m\u1ec1m m\u01b0\u1ee3t, ch\u1eafc kh\u1ecfe t\u1eeb g\u1ed1c. Tr\u00e1nh xa t\u00e1c h\u1ea1i h\u00f3a ch\u1ea5t trong d\u1ea7u g\u1ed9i c\u00f4ng nghi\u1ec7p.  Hi\u1ec7u qu\u1ea3 sau 1-2 th\u00e1ng.  S\u1ed1 CBMP: 65\/18\/CBMP-TB\" \/>\n<meta property=\"og:url\" content=\"https:\/\/webthucpham12.vidoweb.vn\/?product=thao-moc-goi-dau-co-mem\" \/>\n<meta property=\"og:site_name\" content=\"Th\u1ef1c Ph\u1ea9m 12\" \/>\n<meta property=\"article:modified_time\" content=\"2020-06-11T06:42:55+00:00\" \/>\n<meta property=\"og:image\" content=\"https:\/\/webthucpham12.vidoweb.vn\/wp-content\/uploads\/2020\/06\/thao-moc-01.jpg\" \/>\n\t<meta property=\"og:image:width\" content=\"510\" \/>\n\t<meta property=\"og:image:height\" content=\"510\" \/>\n\t<meta property=\"og:image:type\" content=\"image\/jpeg\" \/>\n<meta name=\"twitter:card\" content=\"summary_large_image\" \/>\n<meta name=\"twitter:label1\" content=\"\u01af\u1edbc t\u00ednh th\u1eddi gian \u0111\u1ecdc\" \/>\n\t<meta name=\"twitter:data1\" content=\"4 ph\u00fat\" \/>\n<script type=\"application\/ld+json\" class=\"yoast-schema-graph\">{\"@context\":\"https:\\\/\\\/schema.org\",\"@graph\":[{\"@type\":\"WebPage\",\"@id\":\"https:\\\/\\\/webthucpham12.vidoweb.vn\\\/?product=thao-moc-goi-dau-co-mem\",\"url\":\"https:\\\/\\\/webthucpham12.vidoweb.vn\\\/?product=thao-moc-goi-dau-co-mem\",\"name\":\"Th\u1ea3o m\u1ed9c g\u1ed9i \u0111\u1ea7u C\u1ecf m\u1ec1m - Th\u1ef1c Ph\u1ea9m 12\",\"isPartOf\":{\"@id\":\"https:\\\/\\\/webthucpham12.vidoweb.vn\\\/#website\"},\"primaryImageOfPage\":{\"@id\":\"https:\\\/\\\/webthucpham12.vidoweb.vn\\\/?product=thao-moc-goi-dau-co-mem#primaryimage\"},\"image\":{\"@id\":\"https:\\\/\\\/webthucpham12.vidoweb.vn\\\/?product=thao-moc-goi-dau-co-mem#primaryimage\"},\"thumbnailUrl\":\"https:\\\/\\\/webthucpham12.vidoweb.vn\\\/wp-content\\\/uploads\\\/2020\\\/06\\\/thao-moc-01.jpg\",\"datePublished\":\"2020-06-11T06:33:20+00:00\",\"dateModified\":\"2020-06-11T06:42:55+00:00\",\"breadcrumb\":{\"@id\":\"https:\\\/\\\/webthucpham12.vidoweb.vn\\\/?product=thao-moc-goi-dau-co-mem#breadcrumb\"},\"inLanguage\":\"vi\",\"potentialAction\":[{\"@type\":\"ReadAction\",\"target\":[\"https:\\\/\\\/webthucpham12.vidoweb.vn\\\/?product=thao-moc-goi-dau-co-mem\"]}]},{\"@type\":\"ImageObject\",\"inLanguage\":\"vi\",\"@id\":\"https:\\\/\\\/webthucpham12.vidoweb.vn\\\/?product=thao-moc-goi-dau-co-mem#primaryimage\",\"url\":\"https:\\\/\\\/webthucpham12.vidoweb.vn\\\/wp-content\\\/uploads\\\/2020\\\/06\\\/thao-moc-01.jpg\",\"contentUrl\":\"https:\\\/\\\/webthucpham12.vidoweb.vn\\\/wp-content\\\/uploads\\\/2020\\\/06\\\/thao-moc-01.jpg\",\"width\":510,\"height\":510},{\"@type\":\"BreadcrumbList\",\"@id\":\"https:\\\/\\\/webthucpham12.vidoweb.vn\\\/?product=thao-moc-goi-dau-co-mem#breadcrumb\",\"itemListElement\":[{\"@type\":\"ListItem\",\"position\":1,\"name\":\"Trang ch\u1ee7\",\"item\":\"https:\\\/\\\/webthucpham12.vidoweb.vn\\\/\"},{\"@type\":\"ListItem\",\"position\":2,\"name\":\"Th\u1ea3o m\u1ed9c g\u1ed9i \u0111\u1ea7u C\u1ecf m\u1ec1m\"}]},{\"@type\":\"WebSite\",\"@id\":\"https:\\\/\\\/webthucpham12.vidoweb.vn\\\/#website\",\"url\":\"https:\\\/\\\/webthucpham12.vidoweb.vn\\\/\",\"name\":\"Th\u1ef1c Ph\u1ea9m 12\",\"description\":\"\",\"potentialAction\":[{\"@type\":\"SearchAction\",\"target\":{\"@type\":\"EntryPoint\",\"urlTemplate\":\"https:\\\/\\\/webthucpham12.vidoweb.vn\\\/?s={search_term_string}\"},\"query-input\":{\"@type\":\"PropertyValueSpecification\",\"valueRequired\":true,\"valueName\":\"search_term_string\"}}],\"inLanguage\":\"vi\"}]}<\/script>\n<!-- \/ Yoast SEO plugin. -->","yoast_head_json":{"title":"Th\u1ea3o m\u1ed9c g\u1ed9i \u0111\u1ea7u C\u1ecf m\u1ec1m - Th\u1ef1c Ph\u1ea9m 12","robots":{"index":"noindex","follow":"follow","max-snippet":"max-snippet:-1","max-image-preview":"max-image-preview:large","max-video-preview":"max-video-preview:-1"},"og_locale":"vi_VN","og_type":"article","og_title":"Th\u1ea3o m\u1ed9c g\u1ed9i \u0111\u1ea7u C\u1ecf m\u1ec1m - Th\u1ef1c Ph\u1ea9m 12","og_description":"Th\u00e0nh ph\u1ea7n d\u01b0\u1ee3c li\u1ec7u thi\u00ean nhi\u00ean, gi\u00fap s\u1ea1ch g\u00e0u, ng\u1eeba ng\u1ee9a da \u0111\u1ea7u, gi\u00fap t\u00f3c m\u1ec1m m\u01b0\u1ee3t, ch\u1eafc kh\u1ecfe t\u1eeb g\u1ed1c. Tr\u00e1nh xa t\u00e1c h\u1ea1i h\u00f3a ch\u1ea5t trong d\u1ea7u g\u1ed9i c\u00f4ng nghi\u1ec7p.  Hi\u1ec7u qu\u1ea3 sau 1-2 th\u00e1ng.  S\u1ed1 CBMP: 65\/18\/CBMP-TB","og_url":"https:\/\/webthucpham12.vidoweb.vn\/?product=thao-moc-goi-dau-co-mem","og_site_name":"Th\u1ef1c Ph\u1ea9m 12","article_modified_time":"2020-06-11T06:42:55+00:00","og_image":[{"width":510,"height":510,"url":"https:\/\/webthucpham12.vidoweb.vn\/wp-content\/uploads\/2020\/06\/thao-moc-01.jpg","type":"image\/jpeg"}],"twitter_card":"summary_large_image","twitter_misc":{"\u01af\u1edbc t\u00ednh th\u1eddi gian \u0111\u1ecdc":"4 ph\u00fat"},"schema":{"@context":"https:\/\/schema.org","@graph":[{"@type":"WebPage","@id":"https:\/\/webthucpham12.vidoweb.vn\/?product=thao-moc-goi-dau-co-mem","url":"https:\/\/webthucpham12.vidoweb.vn\/?product=thao-moc-goi-dau-co-mem","name":"Th\u1ea3o m\u1ed9c g\u1ed9i \u0111\u1ea7u C\u1ecf m\u1ec1m - Th\u1ef1c Ph\u1ea9m 12","isPartOf":{"@id":"https:\/\/webthucpham12.vidoweb.vn\/#website"},"primaryImageOfPage":{"@id":"https:\/\/webthucpham12.vidoweb.vn\/?product=thao-moc-goi-dau-co-mem#primaryimage"},"image":{"@id":"https:\/\/webthucpham12.vidoweb.vn\/?product=thao-moc-goi-dau-co-mem#primaryimage"},"thumbnailUrl":"https:\/\/webthucpham12.vidoweb.vn\/wp-content\/uploads\/2020\/06\/thao-moc-01.jpg","datePublished":"2020-06-11T06:33:20+00:00","dateModified":"2020-06-11T06:42:55+00:00","breadcrumb":{"@id":"https:\/\/webthucpham12.vidoweb.vn\/?product=thao-moc-goi-dau-co-mem#breadcrumb"},"inLanguage":"vi","potentialAction":[{"@type":"ReadAction","target":["https:\/\/webthucpham12.vidoweb.vn\/?product=thao-moc-goi-dau-co-mem"]}]},{"@type":"ImageObject","inLanguage":"vi","@id":"https:\/\/webthucpham12.vidoweb.vn\/?product=thao-moc-goi-dau-co-mem#primaryimage","url":"https:\/\/webthucpham12.vidoweb.vn\/wp-content\/uploads\/2020\/06\/thao-moc-01.jpg","contentUrl":"https:\/\/webthucpham12.vidoweb.vn\/wp-content\/uploads\/2020\/06\/thao-moc-01.jpg","width":510,"height":510},{"@type":"BreadcrumbList","@id":"https:\/\/webthucpham12.vidoweb.vn\/?product=thao-moc-goi-dau-co-mem#breadcrumb","itemListElement":[{"@type":"ListItem","position":1,"name":"Trang ch\u1ee7","item":"https:\/\/webthucpham12.vidoweb.vn\/"},{"@type":"ListItem","position":2,"name":"Th\u1ea3o m\u1ed9c g\u1ed9i \u0111\u1ea7u C\u1ecf m\u1ec1m"}]},{"@type":"WebSite","@id":"https:\/\/webthucpham12.vidoweb.vn\/#website","url":"https:\/\/webthucpham12.vidoweb.vn\/","name":"Th\u1ef1c Ph\u1ea9m 12","description":"","potentialAction":[{"@type":"SearchAction","target":{"@type":"EntryPoint","urlTemplate":"https:\/\/webthucpham12.vidoweb.vn\/?s={search_term_string}"},"query-input":{"@type":"PropertyValueSpecification","valueRequired":true,"valueName":"search_term_string"}}],"inLanguage":"vi"}]}},"_links":{"self":[{"href":"https:\/\/webthucpham12.vidoweb.vn\/index.php?rest_route=\/wp\/v2\/product\/224","targetHints":{"allow":["GET"]}}],"collection":[{"href":"https:\/\/webthucpham12.vidoweb.vn\/index.php?rest_route=\/wp\/v2\/product"}],"about":[{"href":"https:\/\/webthucpham12.vidoweb.vn\/index.php?rest_route=\/wp\/v2\/types\/product"}],"replies":[{"embeddable":true,"href":"https:\/\/webthucpham12.vidoweb.vn\/index.php?rest_route=%2Fwp%2Fv2%2Fcomments&post=224"}],"wp:featuredmedia":[{"embeddable":true,"href":"https:\/\/webthucpham12.vidoweb.vn\/index.php?rest_route=\/wp\/v2\/media\/225"}],"wp:attachment":[{"href":"https:\/\/webthucpham12.vidoweb.vn\/index.php?rest_route=%2Fwp%2Fv2%2Fmedia&parent=224"}],"wp:term":[{"taxonomy":"product_brand","embeddable":true,"href":"https:\/\/webthucpham12.vidoweb.vn\/index.php?rest_route=%2Fwp%2Fv2%2Fproduct_brand&post=224"},{"taxonomy":"product_cat","embeddable":true,"href":"https:\/\/webthucpham12.vidoweb.vn\/index.php?rest_route=%2Fwp%2Fv2%2Fproduct_cat&post=224"},{"taxonomy":"product_tag","embeddable":true,"href":"https:\/\/webthucpham12.vidoweb.vn\/index.php?rest_route=%2Fwp%2Fv2%2Fproduct_tag&post=224"}],"curies":[{"name":"wp","href":"https:\/\/api.w.org\/{rel}","templated":true}]}}