{"id":228,"date":"2020-06-11T13:36:35","date_gmt":"2020-06-11T06:36:35","guid":{"rendered":"http:\/\/thucphamchucnang6.muathemedep.vn\/?post_type=product&#038;p=228"},"modified":"2020-06-11T13:42:50","modified_gmt":"2020-06-11T06:42:50","slug":"muoi-tam-cafe-cot-dua-250g","status":"publish","type":"product","link":"https:\/\/webthucpham12.vidoweb.vn\/?product=muoi-tam-cafe-cot-dua-250g","title":{"rendered":"Mu\u1ed1i t\u1eafm Cafe C\u1ed1t d\u1eeba 250g"},"content":{"rendered":"<h2>T\u1ef0 TIN SEXY \u2013 NG\u1ea0I G\u00cc BIKINI<\/h2>\n<p>B\u1ea1n \u201cc\u0103m th\u00f9\u201d l\u0169 M\u1ee4N L\u01afNG \u0111\u00e1ng gh\u00e9t?<\/p>\n<p>B\u1ea1n kh\u1ed5 s\u1edf v\u00ec VI\u00caM NANG L\u00d4NG?<\/p>\n<p>B\u1ea1n kh\u00f4ng d\u00e1m m\u1eb7c \u00e1o h\u1edf vai v\u00ec da KH\u00d4NG \u0110\u1ec0U M\u00c0U?<\/p>\n<h2>\u0110\u00c2U L\u00c0 GI\u1ea2I PH\u00c1P!!!<\/h2>\n<p>H\u00e3y ch\u0103m ch\u1ec9 T\u1ea8Y T\u1ebe B\u00c0O CH\u1ebeT v\u1edbi Mu\u1ed1i t\u1eafm Caf\u00e9 C\u1ed1t D\u1eeba c\u1ee7a C\u1ecf m\u1ec1m HomeLab \u2013 Bye Bye M\u1ee5n l\u01b0ng.<\/p>\n<p><strong>Th\u00e0nh ph\u1ea7n ch\u00ednh:<\/strong><\/p>\n<ul>\n<li>H\u1ea1t mu\u1ed1i tinh khi\u1ebft v\u00e0 b\u1ed9t c\u00e0 ph\u00ea xay m\u1ecbn gi\u00fap l\u00e0m s\u1ea1ch da nh\u1eb9 nh\u00e0ng, lo\u1ea1i \u0111i c\u00e1c t\u1ebf b\u00e0o ch\u1ebft.<\/li>\n<li>D\u1ea7u d\u1eeba, d\u1ea7u olive v\u1edbi th\u00e0nh ph\u1ea7n Acid lauric v\u00e0 vitamin E d\u1ed3i d\u00e0o gi\u00fap t\u00e1i t\u1ea1o da, gi\u00fap l\u00e0m m\u1edd v\u1ebft th\u00e2m s\u1eb9o, cho l\u00e0n da m\u1ecbn m\u00e0ng v\u00e0 s\u00e1ng kh\u1ecfe h\u01a1n<\/li>\n<li>C\u00f4ng th\u1ee9c \u0111\u1ed9c \u0111\u00e1o k\u1ebft h\u1ee3p gi\u00fap t\u1ea9y da ch\u1ebft body, gi\u00fap l\u00e0m s\u1ea1ch l\u1ed7 ch\u00e2n l\u00f4ng mang l\u1ea1i l\u00e0n da s\u00e1ng m\u1ecbn.<br \/>\nl\u00e0m s\u1ea1ch l\u1ed7 ch\u00e2n l\u00f4ng\u2026ph\u00f9 h\u1ee3p v\u1edbi t\u00ecnh tr\u1ea1ng vi\u00eam t\u1eafc nang l\u00f4ng.<\/li>\n<\/ul>\n<p>V\u00e0 nh\u1ea5t l\u00e0 t\u1eafm xong da m\u01b0\u1edbt m\u01b0\u1ee3t, th\u01a1m ngon nh\u01b0 1 t\u00e1ch c\u00e0 ph\u00ea c\u1ef1c k\u1ef3 h\u1ea5p d\u1eabn.<\/p>\n<p>S\u1ea3n ph\u1ea9m thi\u00ean nhi\u00ean ko ch\u1ea5t b\u1ea3o qu\u1ea3n, an to\u00e0n cho c\u1ea3 m\u1eb9 b\u1ea7u nh\u00e9.<\/p>\n<p><strong>S\u1ed1 CBMP: 3519\/18\/CBMP-HN<\/strong><\/p>\n","protected":false},"excerpt":{"rendered":"<p>MU\u1ed0I T\u1eaeM CAFE C\u1ed0T D\u1eeaA &#8211; T\u1ea9y da ch\u1ebft body, gi\u00fap l\u00e0m s\u1ea1ch l\u1ed7 ch\u00e2n l\u00f4ng mang l\u1ea1i l\u00e0n da s\u00e1ng m\u1ecbn.<\/p>\n<p><strong>S\u1ed1 CBMP: 3519\/18\/CBMP-HN<\/strong><\/p>\n","protected":false},"featured_media":229,"comment_status":"open","ping_status":"closed","template":"","meta":[],"product_brand":[],"product_cat":[21,32],"product_tag":[],"class_list":{"0":"post-228","1":"product","2":"type-product","3":"status-publish","4":"has-post-thumbnail","6":"product_cat-cham-soc-co-the","7":"product_cat-san-pham-an-toan-khac","9":"first","10":"instock","11":"featured","12":"shipping-taxable","13":"purchasable","14":"product-type-simple"},"yoast_head":"<!-- This site is optimized with the Yoast SEO plugin v27.6 - https:\/\/yoast.com\/product\/yoast-seo-wordpress\/ -->\n<title>Mu\u1ed1i t\u1eafm Cafe C\u1ed1t d\u1eeba 250g - Th\u1ef1c Ph\u1ea9m 12<\/title>\n<meta name=\"robots\" content=\"noindex, follow, max-snippet:-1, max-image-preview:large, max-video-preview:-1\" \/>\n<meta property=\"og:locale\" content=\"vi_VN\" \/>\n<meta property=\"og:type\" content=\"article\" \/>\n<meta property=\"og:title\" content=\"Mu\u1ed1i t\u1eafm Cafe C\u1ed1t d\u1eeba 250g - Th\u1ef1c Ph\u1ea9m 12\" \/>\n<meta property=\"og:description\" content=\"MU\u1ed0I T\u1eaeM CAFE C\u1ed0T D\u1eeaA - T\u1ea9y da ch\u1ebft body, gi\u00fap l\u00e0m s\u1ea1ch l\u1ed7 ch\u00e2n l\u00f4ng mang l\u1ea1i l\u00e0n da s\u00e1ng m\u1ecbn.  S\u1ed1 CBMP: 3519\/18\/CBMP-HN\" \/>\n<meta property=\"og:url\" content=\"https:\/\/webthucpham12.vidoweb.vn\/?product=muoi-tam-cafe-cot-dua-250g\" \/>\n<meta property=\"og:site_name\" content=\"Th\u1ef1c Ph\u1ea9m 12\" \/>\n<meta property=\"article:modified_time\" content=\"2020-06-11T06:42:50+00:00\" \/>\n<meta property=\"og:image\" content=\"https:\/\/webthucpham12.vidoweb.vn\/wp-content\/uploads\/2020\/06\/muoi-tam-tk-01.jpg\" \/>\n\t<meta property=\"og:image:width\" content=\"510\" \/>\n\t<meta property=\"og:image:height\" content=\"510\" \/>\n\t<meta property=\"og:image:type\" content=\"image\/jpeg\" \/>\n<meta name=\"twitter:card\" content=\"summary_large_image\" \/>\n<meta name=\"twitter:label1\" content=\"\u01af\u1edbc t\u00ednh th\u1eddi gian \u0111\u1ecdc\" \/>\n\t<meta name=\"twitter:data1\" content=\"2 ph\u00fat\" \/>\n<script type=\"application\/ld+json\" class=\"yoast-schema-graph\">{\"@context\":\"https:\\\/\\\/schema.org\",\"@graph\":[{\"@type\":\"WebPage\",\"@id\":\"https:\\\/\\\/webthucpham12.vidoweb.vn\\\/?product=muoi-tam-cafe-cot-dua-250g\",\"url\":\"https:\\\/\\\/webthucpham12.vidoweb.vn\\\/?product=muoi-tam-cafe-cot-dua-250g\",\"name\":\"Mu\u1ed1i t\u1eafm Cafe C\u1ed1t d\u1eeba 250g - Th\u1ef1c Ph\u1ea9m 12\",\"isPartOf\":{\"@id\":\"https:\\\/\\\/webthucpham12.vidoweb.vn\\\/#website\"},\"primaryImageOfPage\":{\"@id\":\"https:\\\/\\\/webthucpham12.vidoweb.vn\\\/?product=muoi-tam-cafe-cot-dua-250g#primaryimage\"},\"image\":{\"@id\":\"https:\\\/\\\/webthucpham12.vidoweb.vn\\\/?product=muoi-tam-cafe-cot-dua-250g#primaryimage\"},\"thumbnailUrl\":\"https:\\\/\\\/webthucpham12.vidoweb.vn\\\/wp-content\\\/uploads\\\/2020\\\/06\\\/muoi-tam-tk-01.jpg\",\"datePublished\":\"2020-06-11T06:36:35+00:00\",\"dateModified\":\"2020-06-11T06:42:50+00:00\",\"breadcrumb\":{\"@id\":\"https:\\\/\\\/webthucpham12.vidoweb.vn\\\/?product=muoi-tam-cafe-cot-dua-250g#breadcrumb\"},\"inLanguage\":\"vi\",\"potentialAction\":[{\"@type\":\"ReadAction\",\"target\":[\"https:\\\/\\\/webthucpham12.vidoweb.vn\\\/?product=muoi-tam-cafe-cot-dua-250g\"]}]},{\"@type\":\"ImageObject\",\"inLanguage\":\"vi\",\"@id\":\"https:\\\/\\\/webthucpham12.vidoweb.vn\\\/?product=muoi-tam-cafe-cot-dua-250g#primaryimage\",\"url\":\"https:\\\/\\\/webthucpham12.vidoweb.vn\\\/wp-content\\\/uploads\\\/2020\\\/06\\\/muoi-tam-tk-01.jpg\",\"contentUrl\":\"https:\\\/\\\/webthucpham12.vidoweb.vn\\\/wp-content\\\/uploads\\\/2020\\\/06\\\/muoi-tam-tk-01.jpg\",\"width\":510,\"height\":510},{\"@type\":\"BreadcrumbList\",\"@id\":\"https:\\\/\\\/webthucpham12.vidoweb.vn\\\/?product=muoi-tam-cafe-cot-dua-250g#breadcrumb\",\"itemListElement\":[{\"@type\":\"ListItem\",\"position\":1,\"name\":\"Trang ch\u1ee7\",\"item\":\"https:\\\/\\\/webthucpham12.vidoweb.vn\\\/\"},{\"@type\":\"ListItem\",\"position\":2,\"name\":\"Mu\u1ed1i t\u1eafm Cafe C\u1ed1t d\u1eeba 250g\"}]},{\"@type\":\"WebSite\",\"@id\":\"https:\\\/\\\/webthucpham12.vidoweb.vn\\\/#website\",\"url\":\"https:\\\/\\\/webthucpham12.vidoweb.vn\\\/\",\"name\":\"Th\u1ef1c Ph\u1ea9m 12\",\"description\":\"\",\"potentialAction\":[{\"@type\":\"SearchAction\",\"target\":{\"@type\":\"EntryPoint\",\"urlTemplate\":\"https:\\\/\\\/webthucpham12.vidoweb.vn\\\/?s={search_term_string}\"},\"query-input\":{\"@type\":\"PropertyValueSpecification\",\"valueRequired\":true,\"valueName\":\"search_term_string\"}}],\"inLanguage\":\"vi\"}]}<\/script>\n<!-- \/ Yoast SEO plugin. -->","yoast_head_json":{"title":"Mu\u1ed1i t\u1eafm Cafe C\u1ed1t d\u1eeba 250g - Th\u1ef1c Ph\u1ea9m 12","robots":{"index":"noindex","follow":"follow","max-snippet":"max-snippet:-1","max-image-preview":"max-image-preview:large","max-video-preview":"max-video-preview:-1"},"og_locale":"vi_VN","og_type":"article","og_title":"Mu\u1ed1i t\u1eafm Cafe C\u1ed1t d\u1eeba 250g - Th\u1ef1c Ph\u1ea9m 12","og_description":"MU\u1ed0I T\u1eaeM CAFE C\u1ed0T D\u1eeaA - T\u1ea9y da ch\u1ebft body, gi\u00fap l\u00e0m s\u1ea1ch l\u1ed7 ch\u00e2n l\u00f4ng mang l\u1ea1i l\u00e0n da s\u00e1ng m\u1ecbn.  S\u1ed1 CBMP: 3519\/18\/CBMP-HN","og_url":"https:\/\/webthucpham12.vidoweb.vn\/?product=muoi-tam-cafe-cot-dua-250g","og_site_name":"Th\u1ef1c Ph\u1ea9m 12","article_modified_time":"2020-06-11T06:42:50+00:00","og_image":[{"width":510,"height":510,"url":"https:\/\/webthucpham12.vidoweb.vn\/wp-content\/uploads\/2020\/06\/muoi-tam-tk-01.jpg","type":"image\/jpeg"}],"twitter_card":"summary_large_image","twitter_misc":{"\u01af\u1edbc t\u00ednh th\u1eddi gian \u0111\u1ecdc":"2 ph\u00fat"},"schema":{"@context":"https:\/\/schema.org","@graph":[{"@type":"WebPage","@id":"https:\/\/webthucpham12.vidoweb.vn\/?product=muoi-tam-cafe-cot-dua-250g","url":"https:\/\/webthucpham12.vidoweb.vn\/?product=muoi-tam-cafe-cot-dua-250g","name":"Mu\u1ed1i t\u1eafm Cafe C\u1ed1t d\u1eeba 250g - Th\u1ef1c Ph\u1ea9m 12","isPartOf":{"@id":"https:\/\/webthucpham12.vidoweb.vn\/#website"},"primaryImageOfPage":{"@id":"https:\/\/webthucpham12.vidoweb.vn\/?product=muoi-tam-cafe-cot-dua-250g#primaryimage"},"image":{"@id":"https:\/\/webthucpham12.vidoweb.vn\/?product=muoi-tam-cafe-cot-dua-250g#primaryimage"},"thumbnailUrl":"https:\/\/webthucpham12.vidoweb.vn\/wp-content\/uploads\/2020\/06\/muoi-tam-tk-01.jpg","datePublished":"2020-06-11T06:36:35+00:00","dateModified":"2020-06-11T06:42:50+00:00","breadcrumb":{"@id":"https:\/\/webthucpham12.vidoweb.vn\/?product=muoi-tam-cafe-cot-dua-250g#breadcrumb"},"inLanguage":"vi","potentialAction":[{"@type":"ReadAction","target":["https:\/\/webthucpham12.vidoweb.vn\/?product=muoi-tam-cafe-cot-dua-250g"]}]},{"@type":"ImageObject","inLanguage":"vi","@id":"https:\/\/webthucpham12.vidoweb.vn\/?product=muoi-tam-cafe-cot-dua-250g#primaryimage","url":"https:\/\/webthucpham12.vidoweb.vn\/wp-content\/uploads\/2020\/06\/muoi-tam-tk-01.jpg","contentUrl":"https:\/\/webthucpham12.vidoweb.vn\/wp-content\/uploads\/2020\/06\/muoi-tam-tk-01.jpg","width":510,"height":510},{"@type":"BreadcrumbList","@id":"https:\/\/webthucpham12.vidoweb.vn\/?product=muoi-tam-cafe-cot-dua-250g#breadcrumb","itemListElement":[{"@type":"ListItem","position":1,"name":"Trang ch\u1ee7","item":"https:\/\/webthucpham12.vidoweb.vn\/"},{"@type":"ListItem","position":2,"name":"Mu\u1ed1i t\u1eafm Cafe C\u1ed1t d\u1eeba 250g"}]},{"@type":"WebSite","@id":"https:\/\/webthucpham12.vidoweb.vn\/#website","url":"https:\/\/webthucpham12.vidoweb.vn\/","name":"Th\u1ef1c Ph\u1ea9m 12","description":"","potentialAction":[{"@type":"SearchAction","target":{"@type":"EntryPoint","urlTemplate":"https:\/\/webthucpham12.vidoweb.vn\/?s={search_term_string}"},"query-input":{"@type":"PropertyValueSpecification","valueRequired":true,"valueName":"search_term_string"}}],"inLanguage":"vi"}]}},"_links":{"self":[{"href":"https:\/\/webthucpham12.vidoweb.vn\/index.php?rest_route=\/wp\/v2\/product\/228","targetHints":{"allow":["GET"]}}],"collection":[{"href":"https:\/\/webthucpham12.vidoweb.vn\/index.php?rest_route=\/wp\/v2\/product"}],"about":[{"href":"https:\/\/webthucpham12.vidoweb.vn\/index.php?rest_route=\/wp\/v2\/types\/product"}],"replies":[{"embeddable":true,"href":"https:\/\/webthucpham12.vidoweb.vn\/index.php?rest_route=%2Fwp%2Fv2%2Fcomments&post=228"}],"wp:featuredmedia":[{"embeddable":true,"href":"https:\/\/webthucpham12.vidoweb.vn\/index.php?rest_route=\/wp\/v2\/media\/229"}],"wp:attachment":[{"href":"https:\/\/webthucpham12.vidoweb.vn\/index.php?rest_route=%2Fwp%2Fv2%2Fmedia&parent=228"}],"wp:term":[{"taxonomy":"product_brand","embeddable":true,"href":"https:\/\/webthucpham12.vidoweb.vn\/index.php?rest_route=%2Fwp%2Fv2%2Fproduct_brand&post=228"},{"taxonomy":"product_cat","embeddable":true,"href":"https:\/\/webthucpham12.vidoweb.vn\/index.php?rest_route=%2Fwp%2Fv2%2Fproduct_cat&post=228"},{"taxonomy":"product_tag","embeddable":true,"href":"https:\/\/webthucpham12.vidoweb.vn\/index.php?rest_route=%2Fwp%2Fv2%2Fproduct_tag&post=228"}],"curies":[{"name":"wp","href":"https:\/\/api.w.org\/{rel}","templated":true}]}}