{"id":234,"date":"2020-06-11T13:40:13","date_gmt":"2020-06-11T06:40:13","guid":{"rendered":"http:\/\/thucphamchucnang6.muathemedep.vn\/?post_type=product&#038;p=234"},"modified":"2020-06-11T13:42:48","modified_gmt":"2020-06-11T06:42:48","slug":"xa-bong-tra-xanh","status":"publish","type":"product","link":"https:\/\/webthucpham12.vidoweb.vn\/?product=xa-bong-tra-xanh","title":{"rendered":"X\u00e0 b\u00f4ng Tr\u00e0 xanh"},"content":{"rendered":"<p>FDA M\u1ef9 \u0111\u00e3 c\u1ea5m 19 ho\u00e1 ch\u1ea5t \u0111\u1ed9c h\u1ea1i trong x\u00e0 ph\u00f2ng di\u1ec7t khu\u1ea9n. V\u00e0 c\u00f2n r\u1ea5t nhi\u1ec1u ho\u00e1 ch\u1ea5t \u0111\u1ed9c h\u1ea1i kh\u00e1c trong c\u00e1c ch\u1ea5t t\u1ea9y r\u1eeda \u0111ang d\u00f9ng h\u00e0ng ng\u00e0y, cho c\u1ea3 tr\u1ebb em.<\/p>\n<p>Kh\u00f4ng kh\u00f3 \u0111\u1ec3 th\u1ea5y ng\u00e0y c\u00e0ng c\u00f3 nhi\u1ec1u b\u1ec7nh t\u1eadt v\u1ec1 da v\u00e0 h\u00f4 h\u1ea5p, v\u00ec m\u00f4i tr\u01b0\u1eddng b\u1ecb \u00f4 nhi\u1ec5m qu\u00e1 nhi\u1ec1u b\u1edfi c\u00e1c s\u1ea3n ph\u1ea9m c\u00f4ng nghi\u1ec7p.<\/p>\n<p><strong>X\u00e0 b\u00f4ng thi\u00ean nhi\u00ean C\u1ecf M\u1ec1m<\/strong>\u00a0\u0111\u01b0\u1ee3c l\u00e0m t\u1eeb c\u00e1c lo\u1ea1i d\u1ea7u th\u1ef1c v\u1eadt gi\u00e0u d\u01b0\u1ee1ng ch\u1ea5t v\u00e0 h\u01b0\u01a1ng th\u01a1m tinh d\u1ea7u thi\u00ean nhi\u00ean tu\u1ef3 theo t\u1eebng lo\u1ea1i x\u00e0 b\u00f4ng v\u1edbi c\u00f4ng th\u1ee9c ph\u1ed1i h\u1ee3p \u0111\u1ed9c \u0111\u00e1o.<i><\/i><\/p>\n<p>4 KH\u00d4NG:<\/p>\n<ul>\n<li>Kh\u00f4ng ch\u1ee9a ch\u1ea5t t\u1ea1o b\u1ecdt g\u1ed1c Sulfate, ch\u1ea5t b\u1ea3o qu\u1ea3n, h\u01b0\u01a1ng li\u1ec7u ho\u00e1 h\u1ecdc<\/li>\n<li>Kh\u00f4ng g\u00e2y kh\u00f4 da<\/li>\n<li>Kh\u00f4ng ch\u1ee9a silicon<\/li>\n<li>Kh\u00f4ng h\u1ea1i m\u00f4i tr\u01b0\u1eddng<\/li>\n<\/ul>\n<p><strong>\u0110\u1eb7c bi\u1ec7t:<\/strong>\u00a0D\u01b0\u1ee1ng da m\u1ec1m m\u1ecbn. An to\u00e0n cho em b\u00e9 v\u00e0 ph\u1ee5 n\u1eef mang thai.<\/p>\n<p><strong>C\u00f4ng d\u1ee5ng:<\/strong>\u00a0d\u00f9ng t\u1eafm, r\u1eeda m\u1eb7t, r\u1eeda tay cho c\u1ea3 gia \u0111\u00ecnh.<\/p>\n<p>D\u1ea7u d\u1eeba t\u1ea1o b\u1ecdt m\u1ecbn v\u00e0 l\u00e0m s\u1ea1ch da.<\/p>\n<p>\u2013\u00a0D\u1ea7u Olive t\u1ea1o b\u1ecdt m\u1ecbn v\u00e0 l\u00e0m s\u1ea1ch da.<\/p>\n<p>\u2013 B\u1ed9t Tr\u00e0 Xanh c\u00f3 ho\u1ea1t t\u00ednh ch\u1ed1ng oxy ho\u00e1, h\u1ed7 tr\u1ee3 ng\u0103n ng\u1eeba l\u00e3o ho\u00e1.<\/p>\n<p>\u2013 Tinh D\u1ea7u B\u1ea1c H\u00e0 c\u00f3 t\u00e1c d\u1ee5ng l\u00e0m s\u1ea1ch, kh\u00e1ng khu\u1ea9n t\u1ef1 nhi\u00ean, s\u0103n se ni\u00eam m\u1ea1c \u0111\u1ed3ng th\u1eddi t\u1ea1o c\u1ea3m gi\u00e1c the m\u00e1t.<\/p>\n<p>Hi\u1ec7n c\u00f3 7 lo\u1ea1i:<\/p>\n<p><em><strong>\u2013 X\u00e0 b\u00f4ng \u0110\u1ed3ng qu\u00ea:<\/strong><\/em>\u00a0ch\u1ee9a b\u1ed9t g\u1ea1o gi\u00fap t\u1ea9y da ch\u1ebft, l\u00e0m m\u1ecbn da, ch\u1ee9a tinh d\u1ea7u s\u1ea3 chanh gi\u00fap \u0111u\u1ed5i mu\u1ed7i.<\/p>\n<p><strong><em>\u2013 X\u00e0 b\u00f4ng O\u1ea3i h\u01b0\u01a1ng<\/em><\/strong>: tinh d\u1ea7u o\u1ea3i h\u01b0\u01a1ng th\u01b0 gi\u00e3n tinh th\u1ea7n, c\u00f3 ho\u1ea1t t\u00ednh kh\u00e1ng khu\u1ea9n, \u0110\u1ea5t s\u00e9t h\u1ed3ng h\u00fat d\u1ea7u l\u00e0m tho\u00e1ng l\u1ed7 ch\u00e2n l\u00f4ng.<\/p>\n<p><em><strong>\u2013 X\u00e0 b\u00f4ng Tr\u00e0 xanh:<\/strong><\/em>\u00a0b\u1ed9t tr\u00e0 xanh c\u00f3 t\u00ednh ch\u1ed1ng oxy h\u00f3a, kh\u00e1ng khu\u1ea9n t\u1ef1 nhi\u00ean, s\u0103n se ni\u00eam m\u1ea1c, \u0111\u1ed3ng th\u1eddi t\u1ea1o c\u1ea3m gi\u00e1c the m\u00e1t.<\/p>\n<p><strong><em>\u2013 X\u00e0 b\u00f4ng Qu\u1ebf chi:<\/em><\/strong>\u00a0b\u1ed9t v\u1ecf qu\u1ebf gi\u00fap t\u1ea9y da ch\u1ebft nh\u1eb9 nh\u00e0ng, l\u00e0m \u1ea5m c\u01a1 th\u1ec3, ng\u1eeba c\u1ea3m l\u1ea1nh, h\u1ed7 tr\u1ee3 l\u01b0u th\u00f4ng tu\u1ea7n ho\u00e0n.<\/p>\n<p><strong><em>\u2013 X\u00e0 b\u00f4ng Tinh than tre:<\/em><\/strong>\u00a0b\u1ed9t than ho\u1ea1t l\u00e0 ch\u1ea5t h\u1ea5p ph\u1ee5 gi\u00fap lo\u1ea1i \u0111i b\u00e3 nh\u1eddn d\u01b0 th\u1eeba tr\u00ean da, gi\u00fap da th\u1ea3i \u0111\u1ed9c, th\u00f4ng tho\u00e1ng l\u1ed7 ch\u00e2n l\u00f4ng.<\/p>\n<p><strong><em>\u2013 X\u00e0 b\u00f4ng Cam G\u1eebng:<\/em><\/strong>\u00a0b\u1ed9t v\u1ecf cam t\u1ea9y da ch\u1ebft nh\u1eb9 nh\u00e0ng, tinh d\u1ea7u g\u1eebng gi\u00f3 gi\u1eef \u1ea9m c\u01a1 th\u1ec3, gi\u00fap l\u00e0n da h\u1ed3ng h\u00e0o.<\/p>\n<p><em><strong>\u2013 X\u00e0 b\u00f4ng Cafe:<\/strong><\/em>\u00a0b\u1ed9t cafe t\u1ea9y da ch\u1ebft nh\u1eb9 nh\u00e0ng, l\u00e0m m\u1ecbn m\u00e0ng da, tinh d\u1ea7u c\u00e0 ph\u00ea h\u01b0\u01a1ng th\u01a1m th\u01b0 gi\u00e3n, gi\u00e0u c\u00e1c ch\u1ea5t ch\u1ed1ng oxy h\u00f3a.<\/p>\n<p><strong>Th\u00e0nh ph\u1ea7n:<\/strong>\u00a0D\u1ea7u olive, D\u1ea7u d\u1eeba, D\u1ea7u c\u00e1m g\u1ea1o, D\u1ea7u qu\u1ea3 b\u01a1, N\u01b0\u1edbc tinh khi\u1ebft, B\u1ed9t tr\u00e0 xanh, Tinh d\u1ea7u b\u1ea1c h\u00e0,\u2026<\/p>\n<p><strong>S\u1ed1 CBMP: 3518\/18\/CBMP-TB<\/strong><\/p>\n","protected":false},"excerpt":{"rendered":"<p>B\u1ed9t Tr\u00e0 Xanh c\u00f3 ho\u1ea1t t\u00ednh ch\u1ed1ng oxy ho\u00e1, h\u1ed7 tr\u1ee3 ng\u0103n ng\u1eeba l\u00e3o ho\u00e1. Tinh D\u1ea7u B\u1ea1c H\u00e0 c\u00f3 t\u00e1c d\u1ee5ng l\u00e0m s\u1ea1ch, kh\u00e1ng khu\u1ea9n t\u1ef1 nhi\u00ean, s\u0103n se ni\u00eam m\u1ea1c \u0111\u1ed3ng th\u1eddi t\u1ea1o c\u1ea3m gi\u00e1c the m\u00e1t.\u00a0Ph\u00f9 h\u1ee3p v\u1edbi t\u00ecnh tr\u1ea1ng vi\u00eam da, vi\u00eam ch\u00e2n l\u00f4ng. Th\u01b0 gi\u00e3n an t\u00e2m khi s\u1eed d\u1ee5ng.<\/p>\n<p><strong>S\u1ed1 CBMP: 3518\/18\/CBMP-TB<\/strong><\/p>\n","protected":false},"featured_media":235,"comment_status":"open","ping_status":"closed","template":"","meta":[],"product_brand":[],"product_cat":[21,30],"product_tag":[],"class_list":{"0":"post-234","1":"product","2":"type-product","3":"status-publish","4":"has-post-thumbnail","6":"product_cat-cham-soc-co-the","7":"product_cat-xa-bong-thien-nhien","9":"first","10":"instock","11":"featured","12":"shipping-taxable","13":"purchasable","14":"product-type-simple"},"yoast_head":"<!-- This site is optimized with the Yoast SEO plugin v27.6 - https:\/\/yoast.com\/product\/yoast-seo-wordpress\/ -->\n<title>X\u00e0 b\u00f4ng Tr\u00e0 xanh - Th\u1ef1c Ph\u1ea9m 12<\/title>\n<meta name=\"robots\" content=\"noindex, follow, max-snippet:-1, max-image-preview:large, max-video-preview:-1\" \/>\n<meta property=\"og:locale\" content=\"vi_VN\" \/>\n<meta property=\"og:type\" content=\"article\" \/>\n<meta property=\"og:title\" content=\"X\u00e0 b\u00f4ng Tr\u00e0 xanh - Th\u1ef1c Ph\u1ea9m 12\" \/>\n<meta property=\"og:description\" content=\"B\u1ed9t Tr\u00e0 Xanh c\u00f3 ho\u1ea1t t\u00ednh ch\u1ed1ng oxy ho\u00e1, h\u1ed7 tr\u1ee3 ng\u0103n ng\u1eeba l\u00e3o ho\u00e1. Tinh D\u1ea7u B\u1ea1c H\u00e0 c\u00f3 t\u00e1c d\u1ee5ng l\u00e0m s\u1ea1ch, kh\u00e1ng khu\u1ea9n t\u1ef1 nhi\u00ean, s\u0103n se ni\u00eam m\u1ea1c \u0111\u1ed3ng th\u1eddi t\u1ea1o c\u1ea3m gi\u00e1c the m\u00e1t.\u00a0Ph\u00f9 h\u1ee3p v\u1edbi t\u00ecnh tr\u1ea1ng vi\u00eam da, vi\u00eam ch\u00e2n l\u00f4ng. Th\u01b0 gi\u00e3n an t\u00e2m khi s\u1eed d\u1ee5ng.  S\u1ed1 CBMP: 3518\/18\/CBMP-TB\" \/>\n<meta property=\"og:url\" content=\"https:\/\/webthucpham12.vidoweb.vn\/?product=xa-bong-tra-xanh\" \/>\n<meta property=\"og:site_name\" content=\"Th\u1ef1c Ph\u1ea9m 12\" \/>\n<meta property=\"article:modified_time\" content=\"2020-06-11T06:42:48+00:00\" \/>\n<meta property=\"og:image\" content=\"https:\/\/webthucpham12.vidoweb.vn\/wp-content\/uploads\/2020\/06\/tra-xanh-01.jpg\" \/>\n\t<meta property=\"og:image:width\" content=\"510\" \/>\n\t<meta property=\"og:image:height\" content=\"510\" \/>\n\t<meta property=\"og:image:type\" content=\"image\/jpeg\" \/>\n<meta name=\"twitter:card\" content=\"summary_large_image\" \/>\n<meta name=\"twitter:label1\" content=\"\u01af\u1edbc t\u00ednh th\u1eddi gian \u0111\u1ecdc\" \/>\n\t<meta name=\"twitter:data1\" content=\"3 ph\u00fat\" \/>\n<script type=\"application\/ld+json\" class=\"yoast-schema-graph\">{\"@context\":\"https:\\\/\\\/schema.org\",\"@graph\":[{\"@type\":\"WebPage\",\"@id\":\"https:\\\/\\\/webthucpham12.vidoweb.vn\\\/?product=xa-bong-tra-xanh\",\"url\":\"https:\\\/\\\/webthucpham12.vidoweb.vn\\\/?product=xa-bong-tra-xanh\",\"name\":\"X\u00e0 b\u00f4ng Tr\u00e0 xanh - Th\u1ef1c Ph\u1ea9m 12\",\"isPartOf\":{\"@id\":\"https:\\\/\\\/webthucpham12.vidoweb.vn\\\/#website\"},\"primaryImageOfPage\":{\"@id\":\"https:\\\/\\\/webthucpham12.vidoweb.vn\\\/?product=xa-bong-tra-xanh#primaryimage\"},\"image\":{\"@id\":\"https:\\\/\\\/webthucpham12.vidoweb.vn\\\/?product=xa-bong-tra-xanh#primaryimage\"},\"thumbnailUrl\":\"https:\\\/\\\/webthucpham12.vidoweb.vn\\\/wp-content\\\/uploads\\\/2020\\\/06\\\/tra-xanh-01.jpg\",\"datePublished\":\"2020-06-11T06:40:13+00:00\",\"dateModified\":\"2020-06-11T06:42:48+00:00\",\"breadcrumb\":{\"@id\":\"https:\\\/\\\/webthucpham12.vidoweb.vn\\\/?product=xa-bong-tra-xanh#breadcrumb\"},\"inLanguage\":\"vi\",\"potentialAction\":[{\"@type\":\"ReadAction\",\"target\":[\"https:\\\/\\\/webthucpham12.vidoweb.vn\\\/?product=xa-bong-tra-xanh\"]}]},{\"@type\":\"ImageObject\",\"inLanguage\":\"vi\",\"@id\":\"https:\\\/\\\/webthucpham12.vidoweb.vn\\\/?product=xa-bong-tra-xanh#primaryimage\",\"url\":\"https:\\\/\\\/webthucpham12.vidoweb.vn\\\/wp-content\\\/uploads\\\/2020\\\/06\\\/tra-xanh-01.jpg\",\"contentUrl\":\"https:\\\/\\\/webthucpham12.vidoweb.vn\\\/wp-content\\\/uploads\\\/2020\\\/06\\\/tra-xanh-01.jpg\",\"width\":510,\"height\":510},{\"@type\":\"BreadcrumbList\",\"@id\":\"https:\\\/\\\/webthucpham12.vidoweb.vn\\\/?product=xa-bong-tra-xanh#breadcrumb\",\"itemListElement\":[{\"@type\":\"ListItem\",\"position\":1,\"name\":\"Trang ch\u1ee7\",\"item\":\"https:\\\/\\\/webthucpham12.vidoweb.vn\\\/\"},{\"@type\":\"ListItem\",\"position\":2,\"name\":\"X\u00e0 b\u00f4ng Tr\u00e0 xanh\"}]},{\"@type\":\"WebSite\",\"@id\":\"https:\\\/\\\/webthucpham12.vidoweb.vn\\\/#website\",\"url\":\"https:\\\/\\\/webthucpham12.vidoweb.vn\\\/\",\"name\":\"Th\u1ef1c Ph\u1ea9m 12\",\"description\":\"\",\"potentialAction\":[{\"@type\":\"SearchAction\",\"target\":{\"@type\":\"EntryPoint\",\"urlTemplate\":\"https:\\\/\\\/webthucpham12.vidoweb.vn\\\/?s={search_term_string}\"},\"query-input\":{\"@type\":\"PropertyValueSpecification\",\"valueRequired\":true,\"valueName\":\"search_term_string\"}}],\"inLanguage\":\"vi\"}]}<\/script>\n<!-- \/ Yoast SEO plugin. -->","yoast_head_json":{"title":"X\u00e0 b\u00f4ng Tr\u00e0 xanh - Th\u1ef1c Ph\u1ea9m 12","robots":{"index":"noindex","follow":"follow","max-snippet":"max-snippet:-1","max-image-preview":"max-image-preview:large","max-video-preview":"max-video-preview:-1"},"og_locale":"vi_VN","og_type":"article","og_title":"X\u00e0 b\u00f4ng Tr\u00e0 xanh - Th\u1ef1c Ph\u1ea9m 12","og_description":"B\u1ed9t Tr\u00e0 Xanh c\u00f3 ho\u1ea1t t\u00ednh ch\u1ed1ng oxy ho\u00e1, h\u1ed7 tr\u1ee3 ng\u0103n ng\u1eeba l\u00e3o ho\u00e1. Tinh D\u1ea7u B\u1ea1c H\u00e0 c\u00f3 t\u00e1c d\u1ee5ng l\u00e0m s\u1ea1ch, kh\u00e1ng khu\u1ea9n t\u1ef1 nhi\u00ean, s\u0103n se ni\u00eam m\u1ea1c \u0111\u1ed3ng th\u1eddi t\u1ea1o c\u1ea3m gi\u00e1c the m\u00e1t.\u00a0Ph\u00f9 h\u1ee3p v\u1edbi t\u00ecnh tr\u1ea1ng vi\u00eam da, vi\u00eam ch\u00e2n l\u00f4ng. Th\u01b0 gi\u00e3n an t\u00e2m khi s\u1eed d\u1ee5ng.  S\u1ed1 CBMP: 3518\/18\/CBMP-TB","og_url":"https:\/\/webthucpham12.vidoweb.vn\/?product=xa-bong-tra-xanh","og_site_name":"Th\u1ef1c Ph\u1ea9m 12","article_modified_time":"2020-06-11T06:42:48+00:00","og_image":[{"width":510,"height":510,"url":"https:\/\/webthucpham12.vidoweb.vn\/wp-content\/uploads\/2020\/06\/tra-xanh-01.jpg","type":"image\/jpeg"}],"twitter_card":"summary_large_image","twitter_misc":{"\u01af\u1edbc t\u00ednh th\u1eddi gian \u0111\u1ecdc":"3 ph\u00fat"},"schema":{"@context":"https:\/\/schema.org","@graph":[{"@type":"WebPage","@id":"https:\/\/webthucpham12.vidoweb.vn\/?product=xa-bong-tra-xanh","url":"https:\/\/webthucpham12.vidoweb.vn\/?product=xa-bong-tra-xanh","name":"X\u00e0 b\u00f4ng Tr\u00e0 xanh - Th\u1ef1c Ph\u1ea9m 12","isPartOf":{"@id":"https:\/\/webthucpham12.vidoweb.vn\/#website"},"primaryImageOfPage":{"@id":"https:\/\/webthucpham12.vidoweb.vn\/?product=xa-bong-tra-xanh#primaryimage"},"image":{"@id":"https:\/\/webthucpham12.vidoweb.vn\/?product=xa-bong-tra-xanh#primaryimage"},"thumbnailUrl":"https:\/\/webthucpham12.vidoweb.vn\/wp-content\/uploads\/2020\/06\/tra-xanh-01.jpg","datePublished":"2020-06-11T06:40:13+00:00","dateModified":"2020-06-11T06:42:48+00:00","breadcrumb":{"@id":"https:\/\/webthucpham12.vidoweb.vn\/?product=xa-bong-tra-xanh#breadcrumb"},"inLanguage":"vi","potentialAction":[{"@type":"ReadAction","target":["https:\/\/webthucpham12.vidoweb.vn\/?product=xa-bong-tra-xanh"]}]},{"@type":"ImageObject","inLanguage":"vi","@id":"https:\/\/webthucpham12.vidoweb.vn\/?product=xa-bong-tra-xanh#primaryimage","url":"https:\/\/webthucpham12.vidoweb.vn\/wp-content\/uploads\/2020\/06\/tra-xanh-01.jpg","contentUrl":"https:\/\/webthucpham12.vidoweb.vn\/wp-content\/uploads\/2020\/06\/tra-xanh-01.jpg","width":510,"height":510},{"@type":"BreadcrumbList","@id":"https:\/\/webthucpham12.vidoweb.vn\/?product=xa-bong-tra-xanh#breadcrumb","itemListElement":[{"@type":"ListItem","position":1,"name":"Trang ch\u1ee7","item":"https:\/\/webthucpham12.vidoweb.vn\/"},{"@type":"ListItem","position":2,"name":"X\u00e0 b\u00f4ng Tr\u00e0 xanh"}]},{"@type":"WebSite","@id":"https:\/\/webthucpham12.vidoweb.vn\/#website","url":"https:\/\/webthucpham12.vidoweb.vn\/","name":"Th\u1ef1c Ph\u1ea9m 12","description":"","potentialAction":[{"@type":"SearchAction","target":{"@type":"EntryPoint","urlTemplate":"https:\/\/webthucpham12.vidoweb.vn\/?s={search_term_string}"},"query-input":{"@type":"PropertyValueSpecification","valueRequired":true,"valueName":"search_term_string"}}],"inLanguage":"vi"}]}},"_links":{"self":[{"href":"https:\/\/webthucpham12.vidoweb.vn\/index.php?rest_route=\/wp\/v2\/product\/234","targetHints":{"allow":["GET"]}}],"collection":[{"href":"https:\/\/webthucpham12.vidoweb.vn\/index.php?rest_route=\/wp\/v2\/product"}],"about":[{"href":"https:\/\/webthucpham12.vidoweb.vn\/index.php?rest_route=\/wp\/v2\/types\/product"}],"replies":[{"embeddable":true,"href":"https:\/\/webthucpham12.vidoweb.vn\/index.php?rest_route=%2Fwp%2Fv2%2Fcomments&post=234"}],"wp:featuredmedia":[{"embeddable":true,"href":"https:\/\/webthucpham12.vidoweb.vn\/index.php?rest_route=\/wp\/v2\/media\/235"}],"wp:attachment":[{"href":"https:\/\/webthucpham12.vidoweb.vn\/index.php?rest_route=%2Fwp%2Fv2%2Fmedia&parent=234"}],"wp:term":[{"taxonomy":"product_brand","embeddable":true,"href":"https:\/\/webthucpham12.vidoweb.vn\/index.php?rest_route=%2Fwp%2Fv2%2Fproduct_brand&post=234"},{"taxonomy":"product_cat","embeddable":true,"href":"https:\/\/webthucpham12.vidoweb.vn\/index.php?rest_route=%2Fwp%2Fv2%2Fproduct_cat&post=234"},{"taxonomy":"product_tag","embeddable":true,"href":"https:\/\/webthucpham12.vidoweb.vn\/index.php?rest_route=%2Fwp%2Fv2%2Fproduct_tag&post=234"}],"curies":[{"name":"wp","href":"https:\/\/api.w.org\/{rel}","templated":true}]}}