{"id":325,"date":"2020-06-11T15:40:44","date_gmt":"2020-06-11T08:40:44","guid":{"rendered":"http:\/\/thucphamchucnang6.muathemedep.vn\/?post_type=product&#038;p=325"},"modified":"2020-06-11T15:40:44","modified_gmt":"2020-06-11T08:40:44","slug":"combo-rua-mat-gac-nghe","status":"publish","type":"product","link":"https:\/\/webthucpham12.vidoweb.vn\/?product=combo-rua-mat-gac-nghe","title":{"rendered":"Combo R\u1eeda M\u1eb7t G\u1ea5c Ngh\u1ec7"},"content":{"rendered":"<p><strong>Combo R\u1eeda m\u1eb7t G\u1ea5c ngh\u1ec7<\/strong>\u00a0ch\u0103m s\u00f3c l\u00e0n da n\u00e0ng m\u1ecbn m\u00e0ng, s\u00e1ng kh\u1ecfe:<\/p>\n<p><span class=\"_5mfr\"><span class=\"_6qdm\">\u2714<\/span><\/span>D\u1ea7u r\u1eeda m\u1eb7t t\u1ea9y trang 3S gi\u00fap l\u00e0m ho\u00e0 tan c\u1eb7n b\u1ea9n, b\u00e3 nh\u1eddn v\u00e0 l\u1edbp trang \u0111i\u1ec3m tr\u00ean da, l\u00e0m s\u1ea1ch s\u00e2u t\u1eebng l\u1ed7 ch\u00e2n l\u00f4ng, S\u1ea0CH \u2013 SE \u2013 S\u00c1NG, gi\u00fap da kho\u1ebb l\u00e0nh m\u1ea1nh, thu nh\u1ecf l\u1ed7 ch\u00e2n l\u00f4ng, gi\u00fap da \u0111\u00e0n h\u1ed3i ch\u1eafc kh\u1ecfe.<\/p>\n<p><span class=\"_5mfr\"><span class=\"_6qdm\">\u2714<\/span><\/span>X\u00e0 b\u00f4ng G\u1ea5c ngh\u1ec7 l\u00e0m s\u1ea1ch da, ch\u1ee9a d\u1ea7u g\u1ea5c c\u00f3 vitamin A l\u00e0m s\u00e1ng da, gi\u00e0u c\u00e1c ch\u1ea5t gi\u00fap th\u00fac \u0111\u1ea9y qu\u00e1 tr\u00ecnh t\u00e1i t\u1ea1o da v\u00e0 l\u00e0m li\u1ec1n s\u1eb9o m\u1ee5n.<\/p>\n<p>H\u00e3y nh\u1edb tr\u01b0\u1edbc khi b\u00f4i, b\u1ea1n nh\u1edb v\u1ec7 sinh tay, l\u00e0m s\u1ea1ch m\u1eb7t nh\u00e9.<\/p>\n<p><strong>Th\u00e0nh ph\u1ea7n<\/strong><\/p>\n<p><span class=\"_5mfr\"><span class=\"_6qdm\">\u2714\u00a0<\/span><\/span>X\u00e0 b\u00f4ng G\u1ea5c Ngh\u1ec7:\u00a0D\u1ea7u olive, D\u1ea7u d\u1eeba, D\u1ea7u c\u00e1m g\u1ea1o, D\u1ea7u qu\u1ea3 b\u01a1, N\u01b0\u1edbc tinh khi\u1ebft, D\u1ea7u g\u1ea5c, Tinh d\u1ea7u ngh\u1ec7, Tinh d\u1ea7u ho\u00e0ng lan,\u2026<\/p>\n<p><span class=\"_5mfr\"><span class=\"_6qdm\">\u2714<\/span><\/span>D\u1ea7u r\u1eeda m\u1eb7t 3S: D\u1ea7u th\u1ea7u d\u1ea7u, D\u1ea7u Olive, D\u1ea7u h\u1ea1t nho, Ch\u1ea5t nh\u0169 h\u00f3a, Tinh d\u1ea7u cam, Tinh d\u1ea7u chanh,\u2026<\/p>\n","protected":false},"excerpt":{"rendered":"<p>Combo r\u1eeda m\u1eb7t G\u1ea5c Ngh\u1ec7 gi\u00fap l\u00e0m s\u1ea1ch da, s\u00e1ng da, th\u00fac \u0111\u1ea9y qu\u00e1 tr\u00ecnh t\u00e1i t\u1ea1o da v\u00e0 li\u1ec1n s\u1eb9o m\u1ee5n.<\/p>\n","protected":false},"featured_media":327,"comment_status":"open","ping_status":"closed","template":"","meta":[],"product_brand":[],"product_cat":[40,43],"product_tag":[],"class_list":{"0":"post-325","1":"product","2":"type-product","3":"status-publish","4":"has-post-thumbnail","6":"product_cat-combo-khuyen-mai","7":"product_cat-combo-khuyen-mai-khac","9":"first","10":"instock","11":"sale","12":"shipping-taxable","13":"purchasable","14":"product-type-simple"},"yoast_head":"<!-- This site is optimized with the Yoast SEO plugin v27.6 - https:\/\/yoast.com\/product\/yoast-seo-wordpress\/ -->\n<title>Combo R\u1eeda M\u1eb7t G\u1ea5c Ngh\u1ec7 - Th\u1ef1c Ph\u1ea9m 12<\/title>\n<meta name=\"robots\" content=\"noindex, follow, max-snippet:-1, max-image-preview:large, max-video-preview:-1\" \/>\n<meta property=\"og:locale\" content=\"vi_VN\" \/>\n<meta property=\"og:type\" content=\"article\" \/>\n<meta property=\"og:title\" content=\"Combo R\u1eeda M\u1eb7t G\u1ea5c Ngh\u1ec7 - Th\u1ef1c Ph\u1ea9m 12\" \/>\n<meta property=\"og:description\" content=\"Combo r\u1eeda m\u1eb7t G\u1ea5c Ngh\u1ec7 gi\u00fap l\u00e0m s\u1ea1ch da, s\u00e1ng da, th\u00fac \u0111\u1ea9y qu\u00e1 tr\u00ecnh t\u00e1i t\u1ea1o da v\u00e0 li\u1ec1n s\u1eb9o m\u1ee5n.\" \/>\n<meta property=\"og:url\" content=\"https:\/\/webthucpham12.vidoweb.vn\/?product=combo-rua-mat-gac-nghe\" \/>\n<meta property=\"og:site_name\" content=\"Th\u1ef1c Ph\u1ea9m 12\" \/>\n<meta property=\"og:image\" content=\"https:\/\/webthucpham12.vidoweb.vn\/wp-content\/uploads\/2020\/06\/trj-510x510-1.jpg\" \/>\n\t<meta property=\"og:image:width\" content=\"510\" \/>\n\t<meta property=\"og:image:height\" content=\"510\" \/>\n\t<meta property=\"og:image:type\" content=\"image\/jpeg\" \/>\n<meta name=\"twitter:card\" content=\"summary_large_image\" \/>\n<meta name=\"twitter:label1\" content=\"\u01af\u1edbc t\u00ednh th\u1eddi gian \u0111\u1ecdc\" \/>\n\t<meta name=\"twitter:data1\" content=\"1 ph\u00fat\" \/>\n<script type=\"application\/ld+json\" class=\"yoast-schema-graph\">{\"@context\":\"https:\\\/\\\/schema.org\",\"@graph\":[{\"@type\":\"WebPage\",\"@id\":\"https:\\\/\\\/webthucpham12.vidoweb.vn\\\/?product=combo-rua-mat-gac-nghe\",\"url\":\"https:\\\/\\\/webthucpham12.vidoweb.vn\\\/?product=combo-rua-mat-gac-nghe\",\"name\":\"Combo R\u1eeda M\u1eb7t G\u1ea5c Ngh\u1ec7 - Th\u1ef1c Ph\u1ea9m 12\",\"isPartOf\":{\"@id\":\"https:\\\/\\\/webthucpham12.vidoweb.vn\\\/#website\"},\"primaryImageOfPage\":{\"@id\":\"https:\\\/\\\/webthucpham12.vidoweb.vn\\\/?product=combo-rua-mat-gac-nghe#primaryimage\"},\"image\":{\"@id\":\"https:\\\/\\\/webthucpham12.vidoweb.vn\\\/?product=combo-rua-mat-gac-nghe#primaryimage\"},\"thumbnailUrl\":\"https:\\\/\\\/webthucpham12.vidoweb.vn\\\/wp-content\\\/uploads\\\/2020\\\/06\\\/trj-510x510-1.jpg\",\"datePublished\":\"2020-06-11T08:40:44+00:00\",\"breadcrumb\":{\"@id\":\"https:\\\/\\\/webthucpham12.vidoweb.vn\\\/?product=combo-rua-mat-gac-nghe#breadcrumb\"},\"inLanguage\":\"vi\",\"potentialAction\":[{\"@type\":\"ReadAction\",\"target\":[\"https:\\\/\\\/webthucpham12.vidoweb.vn\\\/?product=combo-rua-mat-gac-nghe\"]}]},{\"@type\":\"ImageObject\",\"inLanguage\":\"vi\",\"@id\":\"https:\\\/\\\/webthucpham12.vidoweb.vn\\\/?product=combo-rua-mat-gac-nghe#primaryimage\",\"url\":\"https:\\\/\\\/webthucpham12.vidoweb.vn\\\/wp-content\\\/uploads\\\/2020\\\/06\\\/trj-510x510-1.jpg\",\"contentUrl\":\"https:\\\/\\\/webthucpham12.vidoweb.vn\\\/wp-content\\\/uploads\\\/2020\\\/06\\\/trj-510x510-1.jpg\",\"width\":510,\"height\":510},{\"@type\":\"BreadcrumbList\",\"@id\":\"https:\\\/\\\/webthucpham12.vidoweb.vn\\\/?product=combo-rua-mat-gac-nghe#breadcrumb\",\"itemListElement\":[{\"@type\":\"ListItem\",\"position\":1,\"name\":\"Trang ch\u1ee7\",\"item\":\"https:\\\/\\\/webthucpham12.vidoweb.vn\\\/\"},{\"@type\":\"ListItem\",\"position\":2,\"name\":\"Combo R\u1eeda M\u1eb7t G\u1ea5c Ngh\u1ec7\"}]},{\"@type\":\"WebSite\",\"@id\":\"https:\\\/\\\/webthucpham12.vidoweb.vn\\\/#website\",\"url\":\"https:\\\/\\\/webthucpham12.vidoweb.vn\\\/\",\"name\":\"Th\u1ef1c Ph\u1ea9m 12\",\"description\":\"\",\"potentialAction\":[{\"@type\":\"SearchAction\",\"target\":{\"@type\":\"EntryPoint\",\"urlTemplate\":\"https:\\\/\\\/webthucpham12.vidoweb.vn\\\/?s={search_term_string}\"},\"query-input\":{\"@type\":\"PropertyValueSpecification\",\"valueRequired\":true,\"valueName\":\"search_term_string\"}}],\"inLanguage\":\"vi\"}]}<\/script>\n<!-- \/ Yoast SEO plugin. -->","yoast_head_json":{"title":"Combo R\u1eeda M\u1eb7t G\u1ea5c Ngh\u1ec7 - Th\u1ef1c Ph\u1ea9m 12","robots":{"index":"noindex","follow":"follow","max-snippet":"max-snippet:-1","max-image-preview":"max-image-preview:large","max-video-preview":"max-video-preview:-1"},"og_locale":"vi_VN","og_type":"article","og_title":"Combo R\u1eeda M\u1eb7t G\u1ea5c Ngh\u1ec7 - Th\u1ef1c Ph\u1ea9m 12","og_description":"Combo r\u1eeda m\u1eb7t G\u1ea5c Ngh\u1ec7 gi\u00fap l\u00e0m s\u1ea1ch da, s\u00e1ng da, th\u00fac \u0111\u1ea9y qu\u00e1 tr\u00ecnh t\u00e1i t\u1ea1o da v\u00e0 li\u1ec1n s\u1eb9o m\u1ee5n.","og_url":"https:\/\/webthucpham12.vidoweb.vn\/?product=combo-rua-mat-gac-nghe","og_site_name":"Th\u1ef1c Ph\u1ea9m 12","og_image":[{"width":510,"height":510,"url":"https:\/\/webthucpham12.vidoweb.vn\/wp-content\/uploads\/2020\/06\/trj-510x510-1.jpg","type":"image\/jpeg"}],"twitter_card":"summary_large_image","twitter_misc":{"\u01af\u1edbc t\u00ednh th\u1eddi gian \u0111\u1ecdc":"1 ph\u00fat"},"schema":{"@context":"https:\/\/schema.org","@graph":[{"@type":"WebPage","@id":"https:\/\/webthucpham12.vidoweb.vn\/?product=combo-rua-mat-gac-nghe","url":"https:\/\/webthucpham12.vidoweb.vn\/?product=combo-rua-mat-gac-nghe","name":"Combo R\u1eeda M\u1eb7t G\u1ea5c Ngh\u1ec7 - Th\u1ef1c Ph\u1ea9m 12","isPartOf":{"@id":"https:\/\/webthucpham12.vidoweb.vn\/#website"},"primaryImageOfPage":{"@id":"https:\/\/webthucpham12.vidoweb.vn\/?product=combo-rua-mat-gac-nghe#primaryimage"},"image":{"@id":"https:\/\/webthucpham12.vidoweb.vn\/?product=combo-rua-mat-gac-nghe#primaryimage"},"thumbnailUrl":"https:\/\/webthucpham12.vidoweb.vn\/wp-content\/uploads\/2020\/06\/trj-510x510-1.jpg","datePublished":"2020-06-11T08:40:44+00:00","breadcrumb":{"@id":"https:\/\/webthucpham12.vidoweb.vn\/?product=combo-rua-mat-gac-nghe#breadcrumb"},"inLanguage":"vi","potentialAction":[{"@type":"ReadAction","target":["https:\/\/webthucpham12.vidoweb.vn\/?product=combo-rua-mat-gac-nghe"]}]},{"@type":"ImageObject","inLanguage":"vi","@id":"https:\/\/webthucpham12.vidoweb.vn\/?product=combo-rua-mat-gac-nghe#primaryimage","url":"https:\/\/webthucpham12.vidoweb.vn\/wp-content\/uploads\/2020\/06\/trj-510x510-1.jpg","contentUrl":"https:\/\/webthucpham12.vidoweb.vn\/wp-content\/uploads\/2020\/06\/trj-510x510-1.jpg","width":510,"height":510},{"@type":"BreadcrumbList","@id":"https:\/\/webthucpham12.vidoweb.vn\/?product=combo-rua-mat-gac-nghe#breadcrumb","itemListElement":[{"@type":"ListItem","position":1,"name":"Trang ch\u1ee7","item":"https:\/\/webthucpham12.vidoweb.vn\/"},{"@type":"ListItem","position":2,"name":"Combo R\u1eeda M\u1eb7t G\u1ea5c Ngh\u1ec7"}]},{"@type":"WebSite","@id":"https:\/\/webthucpham12.vidoweb.vn\/#website","url":"https:\/\/webthucpham12.vidoweb.vn\/","name":"Th\u1ef1c Ph\u1ea9m 12","description":"","potentialAction":[{"@type":"SearchAction","target":{"@type":"EntryPoint","urlTemplate":"https:\/\/webthucpham12.vidoweb.vn\/?s={search_term_string}"},"query-input":{"@type":"PropertyValueSpecification","valueRequired":true,"valueName":"search_term_string"}}],"inLanguage":"vi"}]}},"_links":{"self":[{"href":"https:\/\/webthucpham12.vidoweb.vn\/index.php?rest_route=\/wp\/v2\/product\/325","targetHints":{"allow":["GET"]}}],"collection":[{"href":"https:\/\/webthucpham12.vidoweb.vn\/index.php?rest_route=\/wp\/v2\/product"}],"about":[{"href":"https:\/\/webthucpham12.vidoweb.vn\/index.php?rest_route=\/wp\/v2\/types\/product"}],"replies":[{"embeddable":true,"href":"https:\/\/webthucpham12.vidoweb.vn\/index.php?rest_route=%2Fwp%2Fv2%2Fcomments&post=325"}],"wp:featuredmedia":[{"embeddable":true,"href":"https:\/\/webthucpham12.vidoweb.vn\/index.php?rest_route=\/wp\/v2\/media\/327"}],"wp:attachment":[{"href":"https:\/\/webthucpham12.vidoweb.vn\/index.php?rest_route=%2Fwp%2Fv2%2Fmedia&parent=325"}],"wp:term":[{"taxonomy":"product_brand","embeddable":true,"href":"https:\/\/webthucpham12.vidoweb.vn\/index.php?rest_route=%2Fwp%2Fv2%2Fproduct_brand&post=325"},{"taxonomy":"product_cat","embeddable":true,"href":"https:\/\/webthucpham12.vidoweb.vn\/index.php?rest_route=%2Fwp%2Fv2%2Fproduct_cat&post=325"},{"taxonomy":"product_tag","embeddable":true,"href":"https:\/\/webthucpham12.vidoweb.vn\/index.php?rest_route=%2Fwp%2Fv2%2Fproduct_tag&post=325"}],"curies":[{"name":"wp","href":"https:\/\/api.w.org\/{rel}","templated":true}]}}