{"id":328,"date":"2020-06-11T15:42:46","date_gmt":"2020-06-11T08:42:46","guid":{"rendered":"http:\/\/thucphamchucnang6.muathemedep.vn\/?post_type=product&#038;p=328"},"modified":"2020-06-11T15:42:46","modified_gmt":"2020-06-11T08:42:46","slug":"combo-moi-tao-xinh","status":"publish","type":"product","link":"https:\/\/webthucpham12.vidoweb.vn\/?product=combo-moi-tao-xinh","title":{"rendered":"Combo M\u00f4i T\u00e1o Xinh"},"content":{"rendered":"<p><em><strong>\u201c\u0110\u00f4i m\u00f4i n\u00e0ng \u0111\u1ecf m\u1ecdng nh\u01b0 tr\u00e1i t\u00e1o\u201d<\/strong><\/em><\/p>\n<p>\u0110\u1ea5y l\u00e0 \u1ea5n t\u01b0\u1ee3ng \u0111\u1ea7u ti\u00ean anh g\u1eb7p n\u00e0ng, v\u1eeba g\u1eb7p nh\u01b0 \u0111\u00e3 c\u1ea3m th\u1ea5y th\u00e2n th\u01b0\u01a1ng, v\u1eeba g\u1eb7p l\u00e0 ch\u1ec9 mu\u1ed1n \u201chun\u201d \u0111\u1ec3 g\u1eafn b\u00f3 su\u1ed1t \u0111\u1eddi \u1ea5y m\u00e0 th\u00f4i.<\/p>\n<p>Th\u1ebf r\u1ed3i n\u00e0ng th\u1ecf th\u1ebb v\u1ec1 b\u1ed9 combo d\u01b0\u1ee1ng m\u00f4i m\u00e0 n\u00e0ng tin d\u00f9ng g\u1ed3m c\u00f3:<\/p>\n<ul>\n<li><strong>SON D\u01af\u1ee0NG M\u00d4I T\u00c1O XANH<\/strong>\u00a0h\u1eefu c\u01a1 thu\u1ea7n chay th\u00e2n thi\u1ec7n v\u1edbi m\u00f4i tr\u01b0\u1eddng: v\u1edbi th\u00e0nh ph\u1ea7n d\u1ea7u h\u1ea1t t\u00e1o h\u1eefu c\u01a1, d\u01b0\u1ee1ng m\u00f4i lu\u00f4n \u1ea9m m\u1ec1m, h\u1ed3ng h\u00e0o v\u00e0 ng\u1ecdt ng\u00e0o, th\u01a1m m\u00f9i t\u00e1o ch\u00edn ng\u1ecdt d\u1ecbu, \u0111\u1eb7c bi\u1ec7t th\u00e0nh ph\u1ea7n d\u1ea7u h\u1ea1t t\u00e1o gi\u00e0u acid linoleic v\u00e0 acid oleic gi\u00fap d\u01b0\u1ee1ng \u1ea9m v\u00e0 c\u00f3 ho\u1ea1t t\u00ednh ch\u1ed1ng l\u00e3o h\u00f3a.<\/li>\n<li><strong>SON L\u1ee4A KH\u00d4NG CH\u00cc<\/strong>: Kh\u00f4ng d\u00e0y nh\u01b0 son l\u1ef3, kh\u00f4ng b\u00f3ng nh\u01b0 son b\u00f3ng, kh\u00f4ng l\u1ecfng nh\u01b0 son n\u01b0\u1edbc, kh\u00f4ng s\u1ec7t nh\u01b0 son kem, d\u00f9ng c\u00f3 c\u1ea3m gi\u00e1c: m\u1ecfng, m\u1ec1m, m\u1ecbn. V\u1eady n\u00ean, b\u1ea1n s\u1ebd kh\u00f4ng c\u00f3 c\u1ea3m gi\u00e1c \u0111ang \u0111\u00e1nh son. M\u00e0 ng\u01b0\u1ee3c l\u1ea1i, son r\u1ea5t l\u00e2u phai.C\u00f3 7 m\u00e0u xinh x\u1eafn cho b\u1ea1n l\u1ef1a ch\u1ecdn.<\/li>\n<\/ul>\n<p>Gi\u00e1 combo 300k gi\u1ea3m 10k c\u00f2n 290k<\/p>\n","protected":false},"excerpt":{"rendered":"<p>K\u1ebft h\u1ee3p 2 lo\u1ea1i son n\u00e0y, b\u1ea1n kh\u00f4ng ch\u1ec9 c\u00f3 l\u00e0n m\u00f4i xinh m\u00e0 c\u00f2n kho\u1ebb n\u1eefa. &#8220;C\u00f4ng th\u1ee9c&#8221; r\u1ea5t \u0111\u01a1n gi\u1ea3n: b\u00f4i l\u1edbp m\u1ecfng son d\u01b0\u1ee1ng m\u1ed9t l\u00e1t r\u1ed3i t\u00f4 Son L\u1ee5a, th\u1ebf l\u00e0 \u0111\u1ee7 cho n\u1eeda ng\u00e0y r\u1ef1c r\u1ee1, sau b\u1eefa \u0103n b\u1ea1n nh\u1edb d\u1eb7m l\u1ea1i son \u0111\u1ec3 m\u00f4i \u0111\u01b0\u1ee3c b\u1ed5 sung d\u01b0\u1ee1ng ch\u1ea5t v\u00e0 \u0111\u01b0\u1ee3c b\u1ea3o v\u1ec7 c\u1ea3 ng\u00e0y nh\u00e9<\/p>\n","protected":false},"featured_media":330,"comment_status":"open","ping_status":"closed","template":"","meta":[],"product_brand":[],"product_cat":[40,41],"product_tag":[],"class_list":{"0":"post-328","1":"product","2":"type-product","3":"status-publish","4":"has-post-thumbnail","6":"product_cat-combo-khuyen-mai","7":"product_cat-combo-moi-xinh","9":"first","10":"instock","11":"sale","12":"shipping-taxable","13":"purchasable","14":"product-type-simple"},"yoast_head":"<!-- This site is optimized with the Yoast SEO plugin v27.6 - https:\/\/yoast.com\/product\/yoast-seo-wordpress\/ -->\n<title>Combo M\u00f4i T\u00e1o Xinh - Th\u1ef1c Ph\u1ea9m 12<\/title>\n<meta name=\"robots\" content=\"noindex, follow, max-snippet:-1, max-image-preview:large, max-video-preview:-1\" \/>\n<meta property=\"og:locale\" content=\"vi_VN\" \/>\n<meta property=\"og:type\" content=\"article\" \/>\n<meta property=\"og:title\" content=\"Combo M\u00f4i T\u00e1o Xinh - Th\u1ef1c Ph\u1ea9m 12\" \/>\n<meta property=\"og:description\" content=\"K\u1ebft h\u1ee3p 2 lo\u1ea1i son n\u00e0y, b\u1ea1n kh\u00f4ng ch\u1ec9 c\u00f3 l\u00e0n m\u00f4i xinh m\u00e0 c\u00f2n kho\u1ebb n\u1eefa. &quot;C\u00f4ng th\u1ee9c&quot; r\u1ea5t \u0111\u01a1n gi\u1ea3n: b\u00f4i l\u1edbp m\u1ecfng son d\u01b0\u1ee1ng m\u1ed9t l\u00e1t r\u1ed3i t\u00f4 Son L\u1ee5a, th\u1ebf l\u00e0 \u0111\u1ee7 cho n\u1eeda ng\u00e0y r\u1ef1c r\u1ee1, sau b\u1eefa \u0103n b\u1ea1n nh\u1edb d\u1eb7m l\u1ea1i son \u0111\u1ec3 m\u00f4i \u0111\u01b0\u1ee3c b\u1ed5 sung d\u01b0\u1ee1ng ch\u1ea5t v\u00e0 \u0111\u01b0\u1ee3c b\u1ea3o v\u1ec7 c\u1ea3 ng\u00e0y nh\u00e9\" \/>\n<meta property=\"og:url\" content=\"https:\/\/webthucpham12.vidoweb.vn\/?product=combo-moi-tao-xinh\" \/>\n<meta property=\"og:site_name\" content=\"Th\u1ef1c Ph\u1ea9m 12\" \/>\n<meta property=\"og:image\" content=\"https:\/\/webthucpham12.vidoweb.vn\/wp-content\/uploads\/2020\/06\/trans_combo-son-lua-tao-510x510-1.jpg\" \/>\n\t<meta property=\"og:image:width\" content=\"510\" \/>\n\t<meta property=\"og:image:height\" content=\"510\" \/>\n\t<meta property=\"og:image:type\" content=\"image\/jpeg\" \/>\n<meta name=\"twitter:card\" content=\"summary_large_image\" \/>\n<meta name=\"twitter:label1\" content=\"\u01af\u1edbc t\u00ednh th\u1eddi gian \u0111\u1ecdc\" \/>\n\t<meta name=\"twitter:data1\" content=\"1 ph\u00fat\" \/>\n<script type=\"application\/ld+json\" class=\"yoast-schema-graph\">{\"@context\":\"https:\\\/\\\/schema.org\",\"@graph\":[{\"@type\":\"WebPage\",\"@id\":\"https:\\\/\\\/webthucpham12.vidoweb.vn\\\/?product=combo-moi-tao-xinh\",\"url\":\"https:\\\/\\\/webthucpham12.vidoweb.vn\\\/?product=combo-moi-tao-xinh\",\"name\":\"Combo M\u00f4i T\u00e1o Xinh - Th\u1ef1c Ph\u1ea9m 12\",\"isPartOf\":{\"@id\":\"https:\\\/\\\/webthucpham12.vidoweb.vn\\\/#website\"},\"primaryImageOfPage\":{\"@id\":\"https:\\\/\\\/webthucpham12.vidoweb.vn\\\/?product=combo-moi-tao-xinh#primaryimage\"},\"image\":{\"@id\":\"https:\\\/\\\/webthucpham12.vidoweb.vn\\\/?product=combo-moi-tao-xinh#primaryimage\"},\"thumbnailUrl\":\"https:\\\/\\\/webthucpham12.vidoweb.vn\\\/wp-content\\\/uploads\\\/2020\\\/06\\\/trans_combo-son-lua-tao-510x510-1.jpg\",\"datePublished\":\"2020-06-11T08:42:46+00:00\",\"breadcrumb\":{\"@id\":\"https:\\\/\\\/webthucpham12.vidoweb.vn\\\/?product=combo-moi-tao-xinh#breadcrumb\"},\"inLanguage\":\"vi\",\"potentialAction\":[{\"@type\":\"ReadAction\",\"target\":[\"https:\\\/\\\/webthucpham12.vidoweb.vn\\\/?product=combo-moi-tao-xinh\"]}]},{\"@type\":\"ImageObject\",\"inLanguage\":\"vi\",\"@id\":\"https:\\\/\\\/webthucpham12.vidoweb.vn\\\/?product=combo-moi-tao-xinh#primaryimage\",\"url\":\"https:\\\/\\\/webthucpham12.vidoweb.vn\\\/wp-content\\\/uploads\\\/2020\\\/06\\\/trans_combo-son-lua-tao-510x510-1.jpg\",\"contentUrl\":\"https:\\\/\\\/webthucpham12.vidoweb.vn\\\/wp-content\\\/uploads\\\/2020\\\/06\\\/trans_combo-son-lua-tao-510x510-1.jpg\",\"width\":510,\"height\":510},{\"@type\":\"BreadcrumbList\",\"@id\":\"https:\\\/\\\/webthucpham12.vidoweb.vn\\\/?product=combo-moi-tao-xinh#breadcrumb\",\"itemListElement\":[{\"@type\":\"ListItem\",\"position\":1,\"name\":\"Trang ch\u1ee7\",\"item\":\"https:\\\/\\\/webthucpham12.vidoweb.vn\\\/\"},{\"@type\":\"ListItem\",\"position\":2,\"name\":\"Combo M\u00f4i T\u00e1o Xinh\"}]},{\"@type\":\"WebSite\",\"@id\":\"https:\\\/\\\/webthucpham12.vidoweb.vn\\\/#website\",\"url\":\"https:\\\/\\\/webthucpham12.vidoweb.vn\\\/\",\"name\":\"Th\u1ef1c Ph\u1ea9m 12\",\"description\":\"\",\"potentialAction\":[{\"@type\":\"SearchAction\",\"target\":{\"@type\":\"EntryPoint\",\"urlTemplate\":\"https:\\\/\\\/webthucpham12.vidoweb.vn\\\/?s={search_term_string}\"},\"query-input\":{\"@type\":\"PropertyValueSpecification\",\"valueRequired\":true,\"valueName\":\"search_term_string\"}}],\"inLanguage\":\"vi\"}]}<\/script>\n<!-- \/ Yoast SEO plugin. -->","yoast_head_json":{"title":"Combo M\u00f4i T\u00e1o Xinh - Th\u1ef1c Ph\u1ea9m 12","robots":{"index":"noindex","follow":"follow","max-snippet":"max-snippet:-1","max-image-preview":"max-image-preview:large","max-video-preview":"max-video-preview:-1"},"og_locale":"vi_VN","og_type":"article","og_title":"Combo M\u00f4i T\u00e1o Xinh - Th\u1ef1c Ph\u1ea9m 12","og_description":"K\u1ebft h\u1ee3p 2 lo\u1ea1i son n\u00e0y, b\u1ea1n kh\u00f4ng ch\u1ec9 c\u00f3 l\u00e0n m\u00f4i xinh m\u00e0 c\u00f2n kho\u1ebb n\u1eefa. \"C\u00f4ng th\u1ee9c\" r\u1ea5t \u0111\u01a1n gi\u1ea3n: b\u00f4i l\u1edbp m\u1ecfng son d\u01b0\u1ee1ng m\u1ed9t l\u00e1t r\u1ed3i t\u00f4 Son L\u1ee5a, th\u1ebf l\u00e0 \u0111\u1ee7 cho n\u1eeda ng\u00e0y r\u1ef1c r\u1ee1, sau b\u1eefa \u0103n b\u1ea1n nh\u1edb d\u1eb7m l\u1ea1i son \u0111\u1ec3 m\u00f4i \u0111\u01b0\u1ee3c b\u1ed5 sung d\u01b0\u1ee1ng ch\u1ea5t v\u00e0 \u0111\u01b0\u1ee3c b\u1ea3o v\u1ec7 c\u1ea3 ng\u00e0y nh\u00e9","og_url":"https:\/\/webthucpham12.vidoweb.vn\/?product=combo-moi-tao-xinh","og_site_name":"Th\u1ef1c Ph\u1ea9m 12","og_image":[{"width":510,"height":510,"url":"https:\/\/webthucpham12.vidoweb.vn\/wp-content\/uploads\/2020\/06\/trans_combo-son-lua-tao-510x510-1.jpg","type":"image\/jpeg"}],"twitter_card":"summary_large_image","twitter_misc":{"\u01af\u1edbc t\u00ednh th\u1eddi gian \u0111\u1ecdc":"1 ph\u00fat"},"schema":{"@context":"https:\/\/schema.org","@graph":[{"@type":"WebPage","@id":"https:\/\/webthucpham12.vidoweb.vn\/?product=combo-moi-tao-xinh","url":"https:\/\/webthucpham12.vidoweb.vn\/?product=combo-moi-tao-xinh","name":"Combo M\u00f4i T\u00e1o Xinh - Th\u1ef1c Ph\u1ea9m 12","isPartOf":{"@id":"https:\/\/webthucpham12.vidoweb.vn\/#website"},"primaryImageOfPage":{"@id":"https:\/\/webthucpham12.vidoweb.vn\/?product=combo-moi-tao-xinh#primaryimage"},"image":{"@id":"https:\/\/webthucpham12.vidoweb.vn\/?product=combo-moi-tao-xinh#primaryimage"},"thumbnailUrl":"https:\/\/webthucpham12.vidoweb.vn\/wp-content\/uploads\/2020\/06\/trans_combo-son-lua-tao-510x510-1.jpg","datePublished":"2020-06-11T08:42:46+00:00","breadcrumb":{"@id":"https:\/\/webthucpham12.vidoweb.vn\/?product=combo-moi-tao-xinh#breadcrumb"},"inLanguage":"vi","potentialAction":[{"@type":"ReadAction","target":["https:\/\/webthucpham12.vidoweb.vn\/?product=combo-moi-tao-xinh"]}]},{"@type":"ImageObject","inLanguage":"vi","@id":"https:\/\/webthucpham12.vidoweb.vn\/?product=combo-moi-tao-xinh#primaryimage","url":"https:\/\/webthucpham12.vidoweb.vn\/wp-content\/uploads\/2020\/06\/trans_combo-son-lua-tao-510x510-1.jpg","contentUrl":"https:\/\/webthucpham12.vidoweb.vn\/wp-content\/uploads\/2020\/06\/trans_combo-son-lua-tao-510x510-1.jpg","width":510,"height":510},{"@type":"BreadcrumbList","@id":"https:\/\/webthucpham12.vidoweb.vn\/?product=combo-moi-tao-xinh#breadcrumb","itemListElement":[{"@type":"ListItem","position":1,"name":"Trang ch\u1ee7","item":"https:\/\/webthucpham12.vidoweb.vn\/"},{"@type":"ListItem","position":2,"name":"Combo M\u00f4i T\u00e1o Xinh"}]},{"@type":"WebSite","@id":"https:\/\/webthucpham12.vidoweb.vn\/#website","url":"https:\/\/webthucpham12.vidoweb.vn\/","name":"Th\u1ef1c Ph\u1ea9m 12","description":"","potentialAction":[{"@type":"SearchAction","target":{"@type":"EntryPoint","urlTemplate":"https:\/\/webthucpham12.vidoweb.vn\/?s={search_term_string}"},"query-input":{"@type":"PropertyValueSpecification","valueRequired":true,"valueName":"search_term_string"}}],"inLanguage":"vi"}]}},"_links":{"self":[{"href":"https:\/\/webthucpham12.vidoweb.vn\/index.php?rest_route=\/wp\/v2\/product\/328","targetHints":{"allow":["GET"]}}],"collection":[{"href":"https:\/\/webthucpham12.vidoweb.vn\/index.php?rest_route=\/wp\/v2\/product"}],"about":[{"href":"https:\/\/webthucpham12.vidoweb.vn\/index.php?rest_route=\/wp\/v2\/types\/product"}],"replies":[{"embeddable":true,"href":"https:\/\/webthucpham12.vidoweb.vn\/index.php?rest_route=%2Fwp%2Fv2%2Fcomments&post=328"}],"wp:featuredmedia":[{"embeddable":true,"href":"https:\/\/webthucpham12.vidoweb.vn\/index.php?rest_route=\/wp\/v2\/media\/330"}],"wp:attachment":[{"href":"https:\/\/webthucpham12.vidoweb.vn\/index.php?rest_route=%2Fwp%2Fv2%2Fmedia&parent=328"}],"wp:term":[{"taxonomy":"product_brand","embeddable":true,"href":"https:\/\/webthucpham12.vidoweb.vn\/index.php?rest_route=%2Fwp%2Fv2%2Fproduct_brand&post=328"},{"taxonomy":"product_cat","embeddable":true,"href":"https:\/\/webthucpham12.vidoweb.vn\/index.php?rest_route=%2Fwp%2Fv2%2Fproduct_cat&post=328"},{"taxonomy":"product_tag","embeddable":true,"href":"https:\/\/webthucpham12.vidoweb.vn\/index.php?rest_route=%2Fwp%2Fv2%2Fproduct_tag&post=328"}],"curies":[{"name":"wp","href":"https:\/\/api.w.org\/{rel}","templated":true}]}}