{"id":335,"date":"2020-06-11T15:47:04","date_gmt":"2020-06-11T08:47:04","guid":{"rendered":"http:\/\/thucphamchucnang6.muathemedep.vn\/?post_type=product&#038;p=335"},"modified":"2020-06-11T15:47:04","modified_gmt":"2020-06-11T08:47:04","slug":"combo-first-date-gac-nghe","status":"publish","type":"product","link":"https:\/\/webthucpham12.vidoweb.vn\/?product=combo-first-date-gac-nghe","title":{"rendered":"Combo First Date G\u1ea5c Ngh\u1ec7"},"content":{"rendered":"<p><strong>Combo FIRST DATE G\u1ea4C NGH\u1ec6 \u00a0<\/strong>l\u00e0 b\u1ed9 ch\u0103m s\u00f3c d\u00e0nh cho da sau m\u1ee5n c\u1ee7a C\u1ecf m\u1ec1m, gi\u00fap l\u00e0m s\u1ea1ch da v\u00e0 cung c\u1ea5p c\u00e1c d\u01b0\u1ee1ng ch\u1ea5t c\u1ea7n thi\u1ebft cho da, ph\u00f9 h\u1ee3p v\u1edbi l\u00e0n da nhi\u1ec1u v\u1ebft th\u00e2m sau m\u1ee5n.<\/p>\n<h2>B\u1ed9 d\u01b0\u1ee1ng da g\u1ed3m 4 b\u01b0\u1edbc:<\/h2>\n<ul>\n<li><strong>B1- D\u1ea7u r\u1eeda m\u1eb7t 3S:<\/strong>\u00a0ho\u00e0 tan l\u1edbp trang \u0111i\u1ec3m, b\u00e3 nh\u1eddn v\u00e0 b\u1ee5i b\u1ea9n, l\u00e0m s\u1ea1ch v\u00e0 thu nh\u1ecf l\u1ed7 ch\u00e2n l\u00f4ng, gi\u00fap da s\u1ea1ch m\u1ecbn. D\u00f9ng massage m\u1eb7t s\u1ebd gi\u00fap da h\u1ed3ng h\u00e0o.<\/li>\n<li><strong>B2 \u2013 X\u00e0 b\u00f4ng r\u1eeda m\u1eb7t G\u1ea5c Ngh\u1ec7<\/strong>: gi\u00fap th\u00fac \u0111\u1ea9y qu\u00e1 tr\u00ecnh t\u00e1i t\u1ea1o da v\u00e0 l\u00e0m li\u1ec1n s\u1eb9o m\u1ee5n.<\/li>\n<li><strong>B3 \u2013 X\u1ecbt kho\u00e1ng hoa h\u1ed3ng\/ hoa sen:<\/strong>\u00a0d\u00f9ng nh\u01b0 x\u1ecbt kho\u00e1ng cung c\u1ea5p \u0111\u1ed9 \u1ea9m t\u1ee9c th\u1eddi cho da, gi\u00fap da m\u1ec1m m\u1ecbn. D\u00f9ng nh\u01b0 toner (n\u01b0\u1edbc hoa h\u1ed3ng) sau b\u01b0\u1edbc r\u1eeda m\u1eb7t, l\u00e0m s\u1ea1ch s\u00e2u th\u00eam, c\u00e2n b\u1eb1ng pH cho da.<\/li>\n<li><strong>B4 \u2013 Serum \u0111\u00eam Ho\u00e0ng Lan<\/strong>\u00a0ch\u1ee9a d\u1ea7u n\u1ee5 t\u1ea7m xu\u00e2n qu\u00fd gi\u00e1 k\u1ebft h\u1ee3p tinh d\u1ea7u Ho\u00e0ng Lan, d\u1ea7u g\u1ea5c\u2026 gi\u00fap cung c\u1ea5p d\u01b0\u1ee1ng ch\u1ea5t cho da, gi\u00fap da m\u1ec1m m\u1ecbn t\u01b0\u01a1i s\u00e1ng, ng\u0103n ng\u1eeba l\u00e3o h\u00f3a da, l\u00e0m m\u1edd c\u00e1c v\u1ebft nh\u0103n th\u00e2m n\u00e1m mang \u0111\u1ebfn cho b\u1ea1n m\u1ed9t l\u00e0n da kh\u00f4ng tu\u1ed5i.<\/li>\n<\/ul>\n<p><strong>Th\u00e0nh ph\u1ea7n<\/strong><\/p>\n<ul>\n<li><em>D\u1ea7u r\u1eeda m\u1eb7t 3S<\/em>: D\u1ea7u th\u1ea7u d\u1ea7u, D\u1ea7u Olive, D\u1ea7u h\u1ea1t nho, Ch\u1ea5t nh\u0169 h\u00f3a, Tinh d\u1ea7u cam, Tinh d\u1ea7u chanh,\u2026<\/li>\n<li><em>X\u00e0 b\u00f4ng G\u1ea5c Ngh\u1ec7:<\/em>\u00a0D\u1ea7u olive, D\u1ea7u d\u1eeba, D\u1ea7u c\u00e1m g\u1ea1o, D\u1ea7u qu\u1ea3 b\u01a1, N\u01b0\u1edbc tinh khi\u1ebft, D\u1ea7u g\u1ea5c, Tinh d\u1ea7u ngh\u1ec7, Tinh d\u1ea7u ho\u00e0ng lan,\u2026<\/li>\n<li><em>Toner Hoa H\u1ed3ng:<\/em>\u00a0N\u01b0\u1edbc c\u1ea5t, Chi\u1ebft xu\u1ea5t tr\u00e0 xanh, Tinh d\u1ea7u hoa h\u1ed3ng,\u2026<\/li>\n<li><em>Toner Hoa Sen:<\/em>\u00a0N\u01b0\u1edbc c\u1ea5t, Chi\u1ebft xu\u1ea5t tr\u00e0 xanh, Tinh d\u1ea7u Hoa sen,\u2026<\/li>\n<li><em>Serum \u0111\u00eam Ho\u00e0ng Lan<\/em>: D\u1ea7u h\u1ea1t nho, D\u1ea7u h\u1ea1nh nh\u00e2n, D\u1ea7u n\u1ee5 t\u1ea7m xu\u00e2n, D\u1ea7u Argan, D\u1ea7u g\u1ea5c, Vitamin E, Tinh d\u1ea7u ng\u1ecdc lan t\u00e2y,\u2026<\/li>\n<\/ul>\n","protected":false},"excerpt":{"rendered":"<p>B\u1ed9 ch\u0103m s\u00f3c d\u00e0nh cho da sau m\u1ee5n c\u1ee7a C\u1ecf m\u1ec1m, gi\u00fap l\u00e0m s\u1ea1ch da v\u00e0 cung c\u1ea5p c\u00e1c d\u01b0\u1ee1ng ch\u1ea5t c\u1ea7n thi\u1ebft cho da, gi\u00fap th\u00fac \u0111\u1ea9y qu\u00e1 tr\u00ecnh t\u00e1i t\u1ea1o da v\u00e0 l\u00e0m li\u1ec1n s\u1eb9o m\u1ee5n.<\/p>\n","protected":false},"featured_media":336,"comment_status":"open","ping_status":"closed","template":"","meta":[],"product_brand":[],"product_cat":[40,43],"product_tag":[],"class_list":{"0":"post-335","1":"product","2":"type-product","3":"status-publish","4":"has-post-thumbnail","6":"product_cat-combo-khuyen-mai","7":"product_cat-combo-khuyen-mai-khac","9":"first","10":"instock","11":"sale","12":"shipping-taxable","13":"purchasable","14":"product-type-simple"},"yoast_head":"<!-- This site is optimized with the Yoast SEO plugin v27.6 - https:\/\/yoast.com\/product\/yoast-seo-wordpress\/ -->\n<title>Combo First Date G\u1ea5c Ngh\u1ec7 - Th\u1ef1c Ph\u1ea9m 12<\/title>\n<meta name=\"robots\" content=\"noindex, follow, max-snippet:-1, max-image-preview:large, max-video-preview:-1\" \/>\n<meta property=\"og:locale\" content=\"vi_VN\" \/>\n<meta property=\"og:type\" content=\"article\" \/>\n<meta property=\"og:title\" content=\"Combo First Date G\u1ea5c Ngh\u1ec7 - Th\u1ef1c Ph\u1ea9m 12\" \/>\n<meta property=\"og:description\" content=\"B\u1ed9 ch\u0103m s\u00f3c d\u00e0nh cho da sau m\u1ee5n c\u1ee7a C\u1ecf m\u1ec1m, gi\u00fap l\u00e0m s\u1ea1ch da v\u00e0 cung c\u1ea5p c\u00e1c d\u01b0\u1ee1ng ch\u1ea5t c\u1ea7n thi\u1ebft cho da, gi\u00fap th\u00fac \u0111\u1ea9y qu\u00e1 tr\u00ecnh t\u00e1i t\u1ea1o da v\u00e0 l\u00e0m li\u1ec1n s\u1eb9o m\u1ee5n.\" \/>\n<meta property=\"og:url\" content=\"https:\/\/webthucpham12.vidoweb.vn\/?product=combo-first-date-gac-nghe\" \/>\n<meta property=\"og:site_name\" content=\"Th\u1ef1c Ph\u1ea9m 12\" \/>\n<meta property=\"og:image\" content=\"https:\/\/webthucpham12.vidoweb.vn\/wp-content\/uploads\/2020\/06\/trans_anh-san-pham-dang-website-600x600px-27-1-510x510-1.jpg\" \/>\n\t<meta property=\"og:image:width\" content=\"510\" \/>\n\t<meta property=\"og:image:height\" content=\"510\" \/>\n\t<meta property=\"og:image:type\" content=\"image\/jpeg\" \/>\n<meta name=\"twitter:card\" content=\"summary_large_image\" \/>\n<meta name=\"twitter:label1\" content=\"\u01af\u1edbc t\u00ednh th\u1eddi gian \u0111\u1ecdc\" \/>\n\t<meta name=\"twitter:data1\" content=\"2 ph\u00fat\" \/>\n<script type=\"application\/ld+json\" class=\"yoast-schema-graph\">{\"@context\":\"https:\\\/\\\/schema.org\",\"@graph\":[{\"@type\":\"WebPage\",\"@id\":\"https:\\\/\\\/webthucpham12.vidoweb.vn\\\/?product=combo-first-date-gac-nghe\",\"url\":\"https:\\\/\\\/webthucpham12.vidoweb.vn\\\/?product=combo-first-date-gac-nghe\",\"name\":\"Combo First Date G\u1ea5c Ngh\u1ec7 - Th\u1ef1c Ph\u1ea9m 12\",\"isPartOf\":{\"@id\":\"https:\\\/\\\/webthucpham12.vidoweb.vn\\\/#website\"},\"primaryImageOfPage\":{\"@id\":\"https:\\\/\\\/webthucpham12.vidoweb.vn\\\/?product=combo-first-date-gac-nghe#primaryimage\"},\"image\":{\"@id\":\"https:\\\/\\\/webthucpham12.vidoweb.vn\\\/?product=combo-first-date-gac-nghe#primaryimage\"},\"thumbnailUrl\":\"https:\\\/\\\/webthucpham12.vidoweb.vn\\\/wp-content\\\/uploads\\\/2020\\\/06\\\/trans_anh-san-pham-dang-website-600x600px-27-1-510x510-1.jpg\",\"datePublished\":\"2020-06-11T08:47:04+00:00\",\"breadcrumb\":{\"@id\":\"https:\\\/\\\/webthucpham12.vidoweb.vn\\\/?product=combo-first-date-gac-nghe#breadcrumb\"},\"inLanguage\":\"vi\",\"potentialAction\":[{\"@type\":\"ReadAction\",\"target\":[\"https:\\\/\\\/webthucpham12.vidoweb.vn\\\/?product=combo-first-date-gac-nghe\"]}]},{\"@type\":\"ImageObject\",\"inLanguage\":\"vi\",\"@id\":\"https:\\\/\\\/webthucpham12.vidoweb.vn\\\/?product=combo-first-date-gac-nghe#primaryimage\",\"url\":\"https:\\\/\\\/webthucpham12.vidoweb.vn\\\/wp-content\\\/uploads\\\/2020\\\/06\\\/trans_anh-san-pham-dang-website-600x600px-27-1-510x510-1.jpg\",\"contentUrl\":\"https:\\\/\\\/webthucpham12.vidoweb.vn\\\/wp-content\\\/uploads\\\/2020\\\/06\\\/trans_anh-san-pham-dang-website-600x600px-27-1-510x510-1.jpg\",\"width\":510,\"height\":510},{\"@type\":\"BreadcrumbList\",\"@id\":\"https:\\\/\\\/webthucpham12.vidoweb.vn\\\/?product=combo-first-date-gac-nghe#breadcrumb\",\"itemListElement\":[{\"@type\":\"ListItem\",\"position\":1,\"name\":\"Trang ch\u1ee7\",\"item\":\"https:\\\/\\\/webthucpham12.vidoweb.vn\\\/\"},{\"@type\":\"ListItem\",\"position\":2,\"name\":\"Combo First Date G\u1ea5c Ngh\u1ec7\"}]},{\"@type\":\"WebSite\",\"@id\":\"https:\\\/\\\/webthucpham12.vidoweb.vn\\\/#website\",\"url\":\"https:\\\/\\\/webthucpham12.vidoweb.vn\\\/\",\"name\":\"Th\u1ef1c Ph\u1ea9m 12\",\"description\":\"\",\"potentialAction\":[{\"@type\":\"SearchAction\",\"target\":{\"@type\":\"EntryPoint\",\"urlTemplate\":\"https:\\\/\\\/webthucpham12.vidoweb.vn\\\/?s={search_term_string}\"},\"query-input\":{\"@type\":\"PropertyValueSpecification\",\"valueRequired\":true,\"valueName\":\"search_term_string\"}}],\"inLanguage\":\"vi\"}]}<\/script>\n<!-- \/ Yoast SEO plugin. -->","yoast_head_json":{"title":"Combo First Date G\u1ea5c Ngh\u1ec7 - Th\u1ef1c Ph\u1ea9m 12","robots":{"index":"noindex","follow":"follow","max-snippet":"max-snippet:-1","max-image-preview":"max-image-preview:large","max-video-preview":"max-video-preview:-1"},"og_locale":"vi_VN","og_type":"article","og_title":"Combo First Date G\u1ea5c Ngh\u1ec7 - Th\u1ef1c Ph\u1ea9m 12","og_description":"B\u1ed9 ch\u0103m s\u00f3c d\u00e0nh cho da sau m\u1ee5n c\u1ee7a C\u1ecf m\u1ec1m, gi\u00fap l\u00e0m s\u1ea1ch da v\u00e0 cung c\u1ea5p c\u00e1c d\u01b0\u1ee1ng ch\u1ea5t c\u1ea7n thi\u1ebft cho da, gi\u00fap th\u00fac \u0111\u1ea9y qu\u00e1 tr\u00ecnh t\u00e1i t\u1ea1o da v\u00e0 l\u00e0m li\u1ec1n s\u1eb9o m\u1ee5n.","og_url":"https:\/\/webthucpham12.vidoweb.vn\/?product=combo-first-date-gac-nghe","og_site_name":"Th\u1ef1c Ph\u1ea9m 12","og_image":[{"width":510,"height":510,"url":"https:\/\/webthucpham12.vidoweb.vn\/wp-content\/uploads\/2020\/06\/trans_anh-san-pham-dang-website-600x600px-27-1-510x510-1.jpg","type":"image\/jpeg"}],"twitter_card":"summary_large_image","twitter_misc":{"\u01af\u1edbc t\u00ednh th\u1eddi gian \u0111\u1ecdc":"2 ph\u00fat"},"schema":{"@context":"https:\/\/schema.org","@graph":[{"@type":"WebPage","@id":"https:\/\/webthucpham12.vidoweb.vn\/?product=combo-first-date-gac-nghe","url":"https:\/\/webthucpham12.vidoweb.vn\/?product=combo-first-date-gac-nghe","name":"Combo First Date G\u1ea5c Ngh\u1ec7 - Th\u1ef1c Ph\u1ea9m 12","isPartOf":{"@id":"https:\/\/webthucpham12.vidoweb.vn\/#website"},"primaryImageOfPage":{"@id":"https:\/\/webthucpham12.vidoweb.vn\/?product=combo-first-date-gac-nghe#primaryimage"},"image":{"@id":"https:\/\/webthucpham12.vidoweb.vn\/?product=combo-first-date-gac-nghe#primaryimage"},"thumbnailUrl":"https:\/\/webthucpham12.vidoweb.vn\/wp-content\/uploads\/2020\/06\/trans_anh-san-pham-dang-website-600x600px-27-1-510x510-1.jpg","datePublished":"2020-06-11T08:47:04+00:00","breadcrumb":{"@id":"https:\/\/webthucpham12.vidoweb.vn\/?product=combo-first-date-gac-nghe#breadcrumb"},"inLanguage":"vi","potentialAction":[{"@type":"ReadAction","target":["https:\/\/webthucpham12.vidoweb.vn\/?product=combo-first-date-gac-nghe"]}]},{"@type":"ImageObject","inLanguage":"vi","@id":"https:\/\/webthucpham12.vidoweb.vn\/?product=combo-first-date-gac-nghe#primaryimage","url":"https:\/\/webthucpham12.vidoweb.vn\/wp-content\/uploads\/2020\/06\/trans_anh-san-pham-dang-website-600x600px-27-1-510x510-1.jpg","contentUrl":"https:\/\/webthucpham12.vidoweb.vn\/wp-content\/uploads\/2020\/06\/trans_anh-san-pham-dang-website-600x600px-27-1-510x510-1.jpg","width":510,"height":510},{"@type":"BreadcrumbList","@id":"https:\/\/webthucpham12.vidoweb.vn\/?product=combo-first-date-gac-nghe#breadcrumb","itemListElement":[{"@type":"ListItem","position":1,"name":"Trang ch\u1ee7","item":"https:\/\/webthucpham12.vidoweb.vn\/"},{"@type":"ListItem","position":2,"name":"Combo First Date G\u1ea5c Ngh\u1ec7"}]},{"@type":"WebSite","@id":"https:\/\/webthucpham12.vidoweb.vn\/#website","url":"https:\/\/webthucpham12.vidoweb.vn\/","name":"Th\u1ef1c Ph\u1ea9m 12","description":"","potentialAction":[{"@type":"SearchAction","target":{"@type":"EntryPoint","urlTemplate":"https:\/\/webthucpham12.vidoweb.vn\/?s={search_term_string}"},"query-input":{"@type":"PropertyValueSpecification","valueRequired":true,"valueName":"search_term_string"}}],"inLanguage":"vi"}]}},"_links":{"self":[{"href":"https:\/\/webthucpham12.vidoweb.vn\/index.php?rest_route=\/wp\/v2\/product\/335","targetHints":{"allow":["GET"]}}],"collection":[{"href":"https:\/\/webthucpham12.vidoweb.vn\/index.php?rest_route=\/wp\/v2\/product"}],"about":[{"href":"https:\/\/webthucpham12.vidoweb.vn\/index.php?rest_route=\/wp\/v2\/types\/product"}],"replies":[{"embeddable":true,"href":"https:\/\/webthucpham12.vidoweb.vn\/index.php?rest_route=%2Fwp%2Fv2%2Fcomments&post=335"}],"wp:featuredmedia":[{"embeddable":true,"href":"https:\/\/webthucpham12.vidoweb.vn\/index.php?rest_route=\/wp\/v2\/media\/336"}],"wp:attachment":[{"href":"https:\/\/webthucpham12.vidoweb.vn\/index.php?rest_route=%2Fwp%2Fv2%2Fmedia&parent=335"}],"wp:term":[{"taxonomy":"product_brand","embeddable":true,"href":"https:\/\/webthucpham12.vidoweb.vn\/index.php?rest_route=%2Fwp%2Fv2%2Fproduct_brand&post=335"},{"taxonomy":"product_cat","embeddable":true,"href":"https:\/\/webthucpham12.vidoweb.vn\/index.php?rest_route=%2Fwp%2Fv2%2Fproduct_cat&post=335"},{"taxonomy":"product_tag","embeddable":true,"href":"https:\/\/webthucpham12.vidoweb.vn\/index.php?rest_route=%2Fwp%2Fv2%2Fproduct_tag&post=335"}],"curies":[{"name":"wp","href":"https:\/\/api.w.org\/{rel}","templated":true}]}}