{"id":342,"date":"2020-06-11T15:54:50","date_gmt":"2020-06-11T08:54:50","guid":{"rendered":"http:\/\/thucphamchucnang6.muathemedep.vn\/?post_type=product&#038;p=342"},"modified":"2020-06-11T15:54:50","modified_gmt":"2020-06-11T08:54:50","slug":"son-lua-mini-co-mem","status":"publish","type":"product","link":"https:\/\/webthucpham12.vidoweb.vn\/?product=son-lua-mini-co-mem","title":{"rendered":"Son l\u1ee5a mini C\u1ecf M\u1ec1m"},"content":{"rendered":"<p>Son L\u1ee5a mini \u2013 2 ni\u1ec1m vui nh\u1ecf x\u00edu<\/p>\n<p>B\u1edfi kh\u00f4ng ch\u1ea5t b\u1ea3o qu\u1ea3n n\u00ean Son L\u1ee5a c\u1ee7a C\u1ecf M\u1ec1m c\u00f3 h\u1ea1n m\u1edf n\u1eafp ch\u1ec9 6 th\u00e1ng, \u0111\u00f4i khi khi\u1ebfn c\u00e1c n\u00e0ng d\u00f9ng kh\u00f4ng k\u1ecbp h\u1ebft c\u1ea3m th\u1ea5y l\u00e3ng ph\u00ed, r\u1ed3i kh\u00f4ng d\u00e1m mua m\u1ea5y m\u00e0u son m\u1ed9t l\u00fac \u0111\u1ec3 di\u1ec7n. C\u1ecf M\u1ec1m gi\u1edd \u0111\u00e3 c\u00f3 b\u1ea3n Son L\u1ee5a mini v\u1edbi c\u00e2y son ch\u1ec9 2g xinh y\u00eau, \u0111\u1ec3 c\u00e1c b\u1ea1n an t\u00e2m d\u00f9ng son L\u1ee5a 100% thi\u00ean nhi\u00ean m\u00e0 v\u1eabn kh\u00f4ng lo l\u00e3ng ph\u00ed n\u1eefa.<\/p>\n<p>Ni\u1ec1m vui th\u1ee9 2 \u2013 m\u1ed7i h\u1ed9p Son L\u1ee5a Mini c\u00f3 2 c\u00e2y son 2 m\u00e0u do b\u1ea1n t\u1ef1 ch\u1ecdn, v\u00e0 th\u1ebf l\u00e0 b\u1ea1n c\u00f3 h\u1eb3n 2 c\u00e2y son thay \u0111\u1ed5i cho m\u1ecdi d\u1ecbp ph\u00f9 h\u1ee3p, ti\u1ec7n d\u1ee5ng mang theo m\u00ecnh. \u0110\u1ea7u son nh\u1ecf x\u00edu nh\u01b0 ng\u00f3n tay \u00fat d\u1ec5 d\u00e0ng t\u00f4 n\u00e9t nh\u1eefng kho\u00e9 m\u00f4i duy\u00ean d\u00e1ng.<\/p>\n<p>V\u1edbi th\u00e0nh ph\u1ea7n thi\u00ean nhi\u00ean tinh khi\u1ebft, Son L\u1ee5a c\u1ee7a C\u1ecf M\u1ec1m an to\u00e0n cho c\u1ea3 m\u1eb9 b\u1ea7u, m\u1eb9 s\u1eefa v\u00e0 nh\u1eefng l\u00e0n m\u00f4i nh\u1ea1y c\u1ea3m. Kh\u00f4ng g\u00e2y kh\u00f4 b\u00ed m\u00f4i, kh\u00f4ng g\u00e2y th\u00e2m m\u00f4i khi d\u00f9ng l\u00e2u d\u00e0i v\u00e0 quan tr\u1ecdng l\u00e0 b\u1ea1n c\u00f3 th\u1ec3 \u0103n u\u1ed1ng, hun nhau, nu\u1ed1t son v\u00e0o b\u1ee5ng m\u00e0 kh\u00f4ng c\u1ea7n lo l\u1eafng ch\u00fat n\u00e0o.<\/p>\n<p>S\u1ea3n ph\u1ea9m c\u00f3 S\u1ed1 \u0111\u0103ng k\u00fd ch\u1ea5t l\u01b0\u1ee3ng v\u1edbi S\u1edf y t\u1ebf, \u0111\u01b0\u1ee3c S\u1ea3n xu\u1ea5t t\u1ea1i Lab C\u1ecf M\u1ec1m \u0111\u1ea1t ti\u00eau chu\u1ea9n S\u1ea3n xu\u1ea5t M\u1ef9 ph\u1ea9m an to\u00e0n.<\/p>\n","protected":false},"excerpt":{"rendered":"<p>Son l\u1ee5a l\u00e0 d\u00f2ng son m\u1edbi c\u1ee7a C\u1ecf m\u1ec1m &#8211; do ch\u1ecb D\u01b0\u1ee3c s\u0129 h\u1ecdc b\u00ean Ph\u00e1p ch\u1ebf ra &#8211; Kh\u00f4ng d\u00e0y nh\u01b0 son l\u1ef3, kh\u00f4ng b\u00f3ng nh\u01b0 son b\u00f3ng, kh\u00f4ng l\u1ecfng nh\u01b0 son n\u01b0\u1edbc, kh\u00f4ng s\u1ec7t nh\u01b0 son kem, d\u00f9ng c\u00f3 c\u1ea3m gi\u00e1c: m\u1ecfng, m\u1ec1m, m\u1ecbn. V\u1eady n\u00ean, b\u1ea1n s\u1ebd kh\u00f4ng c\u00f3 c\u1ea3m gi\u00e1c \u0111ang \u0111\u00e1nh son. M\u00e0 ng\u01b0\u1ee3c l\u1ea1i, son r\u1ea5t l\u00e2u phai.<\/p>\n","protected":false},"featured_media":343,"comment_status":"open","ping_status":"closed","template":"","meta":[],"product_brand":[],"product_cat":[40,41],"product_tag":[],"class_list":{"0":"post-342","1":"product","2":"type-product","3":"status-publish","4":"has-post-thumbnail","6":"product_cat-combo-khuyen-mai","7":"product_cat-combo-moi-xinh","9":"first","10":"instock","11":"shipping-taxable","12":"purchasable","13":"product-type-simple"},"yoast_head":"<!-- This site is optimized with the Yoast SEO plugin v27.6 - https:\/\/yoast.com\/product\/yoast-seo-wordpress\/ -->\n<title>Son l\u1ee5a mini C\u1ecf M\u1ec1m - Th\u1ef1c Ph\u1ea9m 12<\/title>\n<meta name=\"robots\" content=\"noindex, follow, max-snippet:-1, max-image-preview:large, max-video-preview:-1\" \/>\n<meta property=\"og:locale\" content=\"vi_VN\" \/>\n<meta property=\"og:type\" content=\"article\" \/>\n<meta property=\"og:title\" content=\"Son l\u1ee5a mini C\u1ecf M\u1ec1m - Th\u1ef1c Ph\u1ea9m 12\" \/>\n<meta property=\"og:description\" content=\"Son l\u1ee5a l\u00e0 d\u00f2ng son m\u1edbi c\u1ee7a C\u1ecf m\u1ec1m - do ch\u1ecb D\u01b0\u1ee3c s\u0129 h\u1ecdc b\u00ean Ph\u00e1p ch\u1ebf ra - Kh\u00f4ng d\u00e0y nh\u01b0 son l\u1ef3, kh\u00f4ng b\u00f3ng nh\u01b0 son b\u00f3ng, kh\u00f4ng l\u1ecfng nh\u01b0 son n\u01b0\u1edbc, kh\u00f4ng s\u1ec7t nh\u01b0 son kem, d\u00f9ng c\u00f3 c\u1ea3m gi\u00e1c: m\u1ecfng, m\u1ec1m, m\u1ecbn. V\u1eady n\u00ean, b\u1ea1n s\u1ebd kh\u00f4ng c\u00f3 c\u1ea3m gi\u00e1c \u0111ang \u0111\u00e1nh son. M\u00e0 ng\u01b0\u1ee3c l\u1ea1i, son r\u1ea5t l\u00e2u phai.\" \/>\n<meta property=\"og:url\" content=\"https:\/\/webthucpham12.vidoweb.vn\/?product=son-lua-mini-co-mem\" \/>\n<meta property=\"og:site_name\" content=\"Th\u1ef1c Ph\u1ea9m 12\" \/>\n<meta property=\"og:image\" content=\"https:\/\/webthucpham12.vidoweb.vn\/wp-content\/uploads\/2020\/06\/trans_dscf2393-mini-2-510x510-1.jpg\" \/>\n\t<meta property=\"og:image:width\" content=\"510\" \/>\n\t<meta property=\"og:image:height\" content=\"510\" \/>\n\t<meta property=\"og:image:type\" content=\"image\/jpeg\" \/>\n<meta name=\"twitter:card\" content=\"summary_large_image\" \/>\n<meta name=\"twitter:label1\" content=\"\u01af\u1edbc t\u00ednh th\u1eddi gian \u0111\u1ecdc\" \/>\n\t<meta name=\"twitter:data1\" content=\"2 ph\u00fat\" \/>\n<script type=\"application\/ld+json\" class=\"yoast-schema-graph\">{\"@context\":\"https:\\\/\\\/schema.org\",\"@graph\":[{\"@type\":\"WebPage\",\"@id\":\"https:\\\/\\\/webthucpham12.vidoweb.vn\\\/?product=son-lua-mini-co-mem\",\"url\":\"https:\\\/\\\/webthucpham12.vidoweb.vn\\\/?product=son-lua-mini-co-mem\",\"name\":\"Son l\u1ee5a mini C\u1ecf M\u1ec1m - Th\u1ef1c Ph\u1ea9m 12\",\"isPartOf\":{\"@id\":\"https:\\\/\\\/webthucpham12.vidoweb.vn\\\/#website\"},\"primaryImageOfPage\":{\"@id\":\"https:\\\/\\\/webthucpham12.vidoweb.vn\\\/?product=son-lua-mini-co-mem#primaryimage\"},\"image\":{\"@id\":\"https:\\\/\\\/webthucpham12.vidoweb.vn\\\/?product=son-lua-mini-co-mem#primaryimage\"},\"thumbnailUrl\":\"https:\\\/\\\/webthucpham12.vidoweb.vn\\\/wp-content\\\/uploads\\\/2020\\\/06\\\/trans_dscf2393-mini-2-510x510-1.jpg\",\"datePublished\":\"2020-06-11T08:54:50+00:00\",\"breadcrumb\":{\"@id\":\"https:\\\/\\\/webthucpham12.vidoweb.vn\\\/?product=son-lua-mini-co-mem#breadcrumb\"},\"inLanguage\":\"vi\",\"potentialAction\":[{\"@type\":\"ReadAction\",\"target\":[\"https:\\\/\\\/webthucpham12.vidoweb.vn\\\/?product=son-lua-mini-co-mem\"]}]},{\"@type\":\"ImageObject\",\"inLanguage\":\"vi\",\"@id\":\"https:\\\/\\\/webthucpham12.vidoweb.vn\\\/?product=son-lua-mini-co-mem#primaryimage\",\"url\":\"https:\\\/\\\/webthucpham12.vidoweb.vn\\\/wp-content\\\/uploads\\\/2020\\\/06\\\/trans_dscf2393-mini-2-510x510-1.jpg\",\"contentUrl\":\"https:\\\/\\\/webthucpham12.vidoweb.vn\\\/wp-content\\\/uploads\\\/2020\\\/06\\\/trans_dscf2393-mini-2-510x510-1.jpg\",\"width\":510,\"height\":510},{\"@type\":\"BreadcrumbList\",\"@id\":\"https:\\\/\\\/webthucpham12.vidoweb.vn\\\/?product=son-lua-mini-co-mem#breadcrumb\",\"itemListElement\":[{\"@type\":\"ListItem\",\"position\":1,\"name\":\"Trang ch\u1ee7\",\"item\":\"https:\\\/\\\/webthucpham12.vidoweb.vn\\\/\"},{\"@type\":\"ListItem\",\"position\":2,\"name\":\"Son l\u1ee5a mini C\u1ecf M\u1ec1m\"}]},{\"@type\":\"WebSite\",\"@id\":\"https:\\\/\\\/webthucpham12.vidoweb.vn\\\/#website\",\"url\":\"https:\\\/\\\/webthucpham12.vidoweb.vn\\\/\",\"name\":\"Th\u1ef1c Ph\u1ea9m 12\",\"description\":\"\",\"potentialAction\":[{\"@type\":\"SearchAction\",\"target\":{\"@type\":\"EntryPoint\",\"urlTemplate\":\"https:\\\/\\\/webthucpham12.vidoweb.vn\\\/?s={search_term_string}\"},\"query-input\":{\"@type\":\"PropertyValueSpecification\",\"valueRequired\":true,\"valueName\":\"search_term_string\"}}],\"inLanguage\":\"vi\"}]}<\/script>\n<!-- \/ Yoast SEO plugin. -->","yoast_head_json":{"title":"Son l\u1ee5a mini C\u1ecf M\u1ec1m - Th\u1ef1c Ph\u1ea9m 12","robots":{"index":"noindex","follow":"follow","max-snippet":"max-snippet:-1","max-image-preview":"max-image-preview:large","max-video-preview":"max-video-preview:-1"},"og_locale":"vi_VN","og_type":"article","og_title":"Son l\u1ee5a mini C\u1ecf M\u1ec1m - Th\u1ef1c Ph\u1ea9m 12","og_description":"Son l\u1ee5a l\u00e0 d\u00f2ng son m\u1edbi c\u1ee7a C\u1ecf m\u1ec1m - do ch\u1ecb D\u01b0\u1ee3c s\u0129 h\u1ecdc b\u00ean Ph\u00e1p ch\u1ebf ra - Kh\u00f4ng d\u00e0y nh\u01b0 son l\u1ef3, kh\u00f4ng b\u00f3ng nh\u01b0 son b\u00f3ng, kh\u00f4ng l\u1ecfng nh\u01b0 son n\u01b0\u1edbc, kh\u00f4ng s\u1ec7t nh\u01b0 son kem, d\u00f9ng c\u00f3 c\u1ea3m gi\u00e1c: m\u1ecfng, m\u1ec1m, m\u1ecbn. V\u1eady n\u00ean, b\u1ea1n s\u1ebd kh\u00f4ng c\u00f3 c\u1ea3m gi\u00e1c \u0111ang \u0111\u00e1nh son. M\u00e0 ng\u01b0\u1ee3c l\u1ea1i, son r\u1ea5t l\u00e2u phai.","og_url":"https:\/\/webthucpham12.vidoweb.vn\/?product=son-lua-mini-co-mem","og_site_name":"Th\u1ef1c Ph\u1ea9m 12","og_image":[{"width":510,"height":510,"url":"https:\/\/webthucpham12.vidoweb.vn\/wp-content\/uploads\/2020\/06\/trans_dscf2393-mini-2-510x510-1.jpg","type":"image\/jpeg"}],"twitter_card":"summary_large_image","twitter_misc":{"\u01af\u1edbc t\u00ednh th\u1eddi gian \u0111\u1ecdc":"2 ph\u00fat"},"schema":{"@context":"https:\/\/schema.org","@graph":[{"@type":"WebPage","@id":"https:\/\/webthucpham12.vidoweb.vn\/?product=son-lua-mini-co-mem","url":"https:\/\/webthucpham12.vidoweb.vn\/?product=son-lua-mini-co-mem","name":"Son l\u1ee5a mini C\u1ecf M\u1ec1m - Th\u1ef1c Ph\u1ea9m 12","isPartOf":{"@id":"https:\/\/webthucpham12.vidoweb.vn\/#website"},"primaryImageOfPage":{"@id":"https:\/\/webthucpham12.vidoweb.vn\/?product=son-lua-mini-co-mem#primaryimage"},"image":{"@id":"https:\/\/webthucpham12.vidoweb.vn\/?product=son-lua-mini-co-mem#primaryimage"},"thumbnailUrl":"https:\/\/webthucpham12.vidoweb.vn\/wp-content\/uploads\/2020\/06\/trans_dscf2393-mini-2-510x510-1.jpg","datePublished":"2020-06-11T08:54:50+00:00","breadcrumb":{"@id":"https:\/\/webthucpham12.vidoweb.vn\/?product=son-lua-mini-co-mem#breadcrumb"},"inLanguage":"vi","potentialAction":[{"@type":"ReadAction","target":["https:\/\/webthucpham12.vidoweb.vn\/?product=son-lua-mini-co-mem"]}]},{"@type":"ImageObject","inLanguage":"vi","@id":"https:\/\/webthucpham12.vidoweb.vn\/?product=son-lua-mini-co-mem#primaryimage","url":"https:\/\/webthucpham12.vidoweb.vn\/wp-content\/uploads\/2020\/06\/trans_dscf2393-mini-2-510x510-1.jpg","contentUrl":"https:\/\/webthucpham12.vidoweb.vn\/wp-content\/uploads\/2020\/06\/trans_dscf2393-mini-2-510x510-1.jpg","width":510,"height":510},{"@type":"BreadcrumbList","@id":"https:\/\/webthucpham12.vidoweb.vn\/?product=son-lua-mini-co-mem#breadcrumb","itemListElement":[{"@type":"ListItem","position":1,"name":"Trang ch\u1ee7","item":"https:\/\/webthucpham12.vidoweb.vn\/"},{"@type":"ListItem","position":2,"name":"Son l\u1ee5a mini C\u1ecf M\u1ec1m"}]},{"@type":"WebSite","@id":"https:\/\/webthucpham12.vidoweb.vn\/#website","url":"https:\/\/webthucpham12.vidoweb.vn\/","name":"Th\u1ef1c Ph\u1ea9m 12","description":"","potentialAction":[{"@type":"SearchAction","target":{"@type":"EntryPoint","urlTemplate":"https:\/\/webthucpham12.vidoweb.vn\/?s={search_term_string}"},"query-input":{"@type":"PropertyValueSpecification","valueRequired":true,"valueName":"search_term_string"}}],"inLanguage":"vi"}]}},"_links":{"self":[{"href":"https:\/\/webthucpham12.vidoweb.vn\/index.php?rest_route=\/wp\/v2\/product\/342","targetHints":{"allow":["GET"]}}],"collection":[{"href":"https:\/\/webthucpham12.vidoweb.vn\/index.php?rest_route=\/wp\/v2\/product"}],"about":[{"href":"https:\/\/webthucpham12.vidoweb.vn\/index.php?rest_route=\/wp\/v2\/types\/product"}],"replies":[{"embeddable":true,"href":"https:\/\/webthucpham12.vidoweb.vn\/index.php?rest_route=%2Fwp%2Fv2%2Fcomments&post=342"}],"wp:featuredmedia":[{"embeddable":true,"href":"https:\/\/webthucpham12.vidoweb.vn\/index.php?rest_route=\/wp\/v2\/media\/343"}],"wp:attachment":[{"href":"https:\/\/webthucpham12.vidoweb.vn\/index.php?rest_route=%2Fwp%2Fv2%2Fmedia&parent=342"}],"wp:term":[{"taxonomy":"product_brand","embeddable":true,"href":"https:\/\/webthucpham12.vidoweb.vn\/index.php?rest_route=%2Fwp%2Fv2%2Fproduct_brand&post=342"},{"taxonomy":"product_cat","embeddable":true,"href":"https:\/\/webthucpham12.vidoweb.vn\/index.php?rest_route=%2Fwp%2Fv2%2Fproduct_cat&post=342"},{"taxonomy":"product_tag","embeddable":true,"href":"https:\/\/webthucpham12.vidoweb.vn\/index.php?rest_route=%2Fwp%2Fv2%2Fproduct_tag&post=342"}],"curies":[{"name":"wp","href":"https:\/\/api.w.org\/{rel}","templated":true}]}}