{"id":358,"date":"2020-06-11T16:12:55","date_gmt":"2020-06-11T09:12:55","guid":{"rendered":"http:\/\/thucphamchucnang6.muathemedep.vn\/?post_type=product&#038;p=358"},"modified":"2020-06-11T16:12:55","modified_gmt":"2020-06-11T09:12:55","slug":"combo-cho-be","status":"publish","type":"product","link":"https:\/\/webthucpham12.vidoweb.vn\/?product=combo-cho-be","title":{"rendered":"Combo cho b\u00e9"},"content":{"rendered":"<p>H\u00e0nh tr\u00ecnh l\u00e0m m\u1eb9 l\u00e0 nh\u1eefng chu\u1ed7i ng\u00e0y kh\u00f3 kh\u0103n nh\u01b0ng ng\u1eadp tr\u00e0n h\u1ea1nh ph\u00fac. T\u1eeb kho\u1ea3nh kh\u1eafc l\u1ea7n \u0111\u1ea7u v\u1ee5ng v\u1ec1 \u00f4m con v\u00e0o l\u00f2ng, v\u1ed7 v\u1ec1 khi con ng\u1ee7 \u0111\u1ebfn vi\u1ec7c t\u1eafm cho con, n\u1eafm \u0111\u00f4i tay b\u00e9 nh\u1ecf, c\u1ea3m nh\u1eadn l\u00e0n da m\u1ec1m m\u1ea1i c\u1ee7a con.<\/p>\n<p>B\u1edfi v\u1eady, C\u1ecf m\u1ec1m \u0111\u00e3 nghi\u00ean c\u1ee9u s\u1ea3n xu\u1ea5t b\u1ed9 s\u1ea3n ph\u1ea9m ch\u1ed1ng c\u1ea3m l\u1ea1nh cho b\u00e9 y\u00eau v\u1edbi s\u1ef1 k\u1ebft h\u1ee3p 2 s\u1ea3n ph\u1ea9m:<\/p>\n<p><strong>X\u00c0 B\u00d4NG EM B\u00c9<\/strong>\u00a0v\u1edbi th\u00e0nh ph\u1ea7n tinh d\u1ea7u nguy\u00ean ch\u1ea5t v\u00e0 b\u1ed9t th\u1ea3o m\u1ed9c Vi\u1ec7t Nam \u2013 Kh\u00f4ng ch\u1ea5t di\u1ec7n ho\u1ea1t, kh\u00f4ng Paraben, kh\u00f4ng ch\u1ea5t b\u1ea3o qu\u1ea3n, kh\u00f4ng h\u01b0\u01a1ng hi\u1ec7u h\u00f3a h\u1ecdc \u2013 Gi\u00fap t\u1eafm s\u1ea1ch d\u1ecbu nh\u1eb9 m\u00e0 kh\u00f4ng l\u00e0m kh\u00f4 da b\u00e9:<\/p>\n<ul>\n<li>X\u00e0 b\u00f4ng EM B\u00c9 M\u00d9A H\u00c8 th\u01a1m H\u01b0\u01a1ng nhu v\u00e0 V\u1ecf chanh gi\u00fap ng\u1eeba n\u1ed5i m\u1ea9n, ng\u1ee9a r\u00e1t kh\u00f3 ch\u1ecbu, gi\u00fap b\u00e9 m\u00e1t m\u1ebb ng\u1ee7 ngon.<\/li>\n<li>X\u00e0 b\u00f4ng EM B\u00c9 M\u00d9A \u0110\u00d4NG v\u1edbi tinh d\u1ea7u Tr\u00e0m Hu\u1ebf gi\u1eef \u1ea5m cho b\u00e9 khi tr\u1eddi l\u1ea1nh.<\/li>\n<\/ul>\n<p><strong>S\u00c1P GI\u1eee \u1ea4M<\/strong>\u00a0gi\u00fap b\u00e9 kh\u00f4ng b\u1ecb nhi\u1ec5m l\u1ea1nh khi t\u1eafm, khi ng\u1ee7 \u0111\u00eam ho\u1eb7c \u0111i ch\u01a1i ngo\u00e0i tr\u1eddi gi\u00f3. S\u00e1p gi\u1eef \u1ea5m c\u00f2n gi\u00fap c\u1ea3i thi\u1ec7n t\u00ecnh tr\u1ea1ng ho v\u00e0 ng\u1ea1t m\u0169i. Ng\u0103n c\u00f4n tr\u00f9ng \u0111\u1ed1t. H\u01b0\u01a1ng th\u01a1m thi\u00ean nhi\u00ean th\u01b0 gi\u00e3n gi\u00fap b\u00e9 ng\u1ee7 ngon.<br \/>\nS\u1ef1 k\u1ebft h\u1ee3p ho\u00e0n h\u1ea3o 2 s\u1ea3n ph\u1ea9m tr\u00ean gi\u00fap b\u00e9 c\u00f3 m\u1ed9t c\u01a1 th\u1ec3 t\u1ed1t cho m\u00f9a l\u1ea1nh nh\u00e9. S\u1ea3n ph\u1ea9m thi\u00ean nhi\u00ean r\u1ea5t an to\u00e0n cho b\u00e9 \u0111\u00f3.<\/p>\n<p><strong>Th\u00e0nh ph\u1ea7n:\u00a0<\/strong>Th\u1ea3o m\u1ed9c thi\u00ean nhi\u00ean, an to\u00e0n l\u00e0nh t\u00ednh cho b\u00e9.<\/p>\n","protected":false},"excerpt":{"rendered":"<p>L\u00e0 combo k\u1ebft h\u1ee3p t\u1eafm an to\u00e0n v\u00e0 gi\u1eef s\u1ee9c kh\u1ecfe cho b\u00e9 y\u00eau t\u1eeb 2 tu\u1ed5i &#8211; 10 tu\u1ed5i<\/p>\n","protected":false},"featured_media":360,"comment_status":"open","ping_status":"closed","template":"","meta":[],"product_brand":[],"product_cat":[40,42],"product_tag":[],"class_list":{"0":"post-358","1":"product","2":"type-product","3":"status-publish","4":"has-post-thumbnail","6":"product_cat-combo-khuyen-mai","7":"product_cat-combo-tam","9":"first","10":"instock","11":"shipping-taxable","12":"purchasable","13":"product-type-simple"},"yoast_head":"<!-- This site is optimized with the Yoast SEO plugin v27.6 - https:\/\/yoast.com\/product\/yoast-seo-wordpress\/ -->\n<title>Combo cho b\u00e9 - Th\u1ef1c Ph\u1ea9m 12<\/title>\n<meta name=\"robots\" content=\"noindex, follow, max-snippet:-1, max-image-preview:large, max-video-preview:-1\" \/>\n<meta property=\"og:locale\" content=\"vi_VN\" \/>\n<meta property=\"og:type\" content=\"article\" \/>\n<meta property=\"og:title\" content=\"Combo cho b\u00e9 - Th\u1ef1c Ph\u1ea9m 12\" \/>\n<meta property=\"og:description\" content=\"L\u00e0 combo k\u1ebft h\u1ee3p t\u1eafm an to\u00e0n v\u00e0 gi\u1eef s\u1ee9c kh\u1ecfe cho b\u00e9 y\u00eau t\u1eeb 2 tu\u1ed5i - 10 tu\u1ed5i\" \/>\n<meta property=\"og:url\" content=\"https:\/\/webthucpham12.vidoweb.vn\/?product=combo-cho-be\" \/>\n<meta property=\"og:site_name\" content=\"Th\u1ef1c Ph\u1ea9m 12\" \/>\n<meta property=\"og:image\" content=\"https:\/\/webthucpham12.vidoweb.vn\/wp-content\/uploads\/2020\/06\/anh-combo-cac-san-pham-17-510x510-1.jpg\" \/>\n\t<meta property=\"og:image:width\" content=\"510\" \/>\n\t<meta property=\"og:image:height\" content=\"510\" \/>\n\t<meta property=\"og:image:type\" content=\"image\/jpeg\" \/>\n<meta name=\"twitter:card\" content=\"summary_large_image\" \/>\n<meta name=\"twitter:label1\" content=\"\u01af\u1edbc t\u00ednh th\u1eddi gian \u0111\u1ecdc\" \/>\n\t<meta name=\"twitter:data1\" content=\"2 ph\u00fat\" \/>\n<script type=\"application\/ld+json\" class=\"yoast-schema-graph\">{\"@context\":\"https:\\\/\\\/schema.org\",\"@graph\":[{\"@type\":\"WebPage\",\"@id\":\"https:\\\/\\\/webthucpham12.vidoweb.vn\\\/?product=combo-cho-be\",\"url\":\"https:\\\/\\\/webthucpham12.vidoweb.vn\\\/?product=combo-cho-be\",\"name\":\"Combo cho b\u00e9 - Th\u1ef1c Ph\u1ea9m 12\",\"isPartOf\":{\"@id\":\"https:\\\/\\\/webthucpham12.vidoweb.vn\\\/#website\"},\"primaryImageOfPage\":{\"@id\":\"https:\\\/\\\/webthucpham12.vidoweb.vn\\\/?product=combo-cho-be#primaryimage\"},\"image\":{\"@id\":\"https:\\\/\\\/webthucpham12.vidoweb.vn\\\/?product=combo-cho-be#primaryimage\"},\"thumbnailUrl\":\"https:\\\/\\\/webthucpham12.vidoweb.vn\\\/wp-content\\\/uploads\\\/2020\\\/06\\\/anh-combo-cac-san-pham-17-510x510-1.jpg\",\"datePublished\":\"2020-06-11T09:12:55+00:00\",\"breadcrumb\":{\"@id\":\"https:\\\/\\\/webthucpham12.vidoweb.vn\\\/?product=combo-cho-be#breadcrumb\"},\"inLanguage\":\"vi\",\"potentialAction\":[{\"@type\":\"ReadAction\",\"target\":[\"https:\\\/\\\/webthucpham12.vidoweb.vn\\\/?product=combo-cho-be\"]}]},{\"@type\":\"ImageObject\",\"inLanguage\":\"vi\",\"@id\":\"https:\\\/\\\/webthucpham12.vidoweb.vn\\\/?product=combo-cho-be#primaryimage\",\"url\":\"https:\\\/\\\/webthucpham12.vidoweb.vn\\\/wp-content\\\/uploads\\\/2020\\\/06\\\/anh-combo-cac-san-pham-17-510x510-1.jpg\",\"contentUrl\":\"https:\\\/\\\/webthucpham12.vidoweb.vn\\\/wp-content\\\/uploads\\\/2020\\\/06\\\/anh-combo-cac-san-pham-17-510x510-1.jpg\",\"width\":510,\"height\":510},{\"@type\":\"BreadcrumbList\",\"@id\":\"https:\\\/\\\/webthucpham12.vidoweb.vn\\\/?product=combo-cho-be#breadcrumb\",\"itemListElement\":[{\"@type\":\"ListItem\",\"position\":1,\"name\":\"Trang ch\u1ee7\",\"item\":\"https:\\\/\\\/webthucpham12.vidoweb.vn\\\/\"},{\"@type\":\"ListItem\",\"position\":2,\"name\":\"Combo cho b\u00e9\"}]},{\"@type\":\"WebSite\",\"@id\":\"https:\\\/\\\/webthucpham12.vidoweb.vn\\\/#website\",\"url\":\"https:\\\/\\\/webthucpham12.vidoweb.vn\\\/\",\"name\":\"Th\u1ef1c Ph\u1ea9m 12\",\"description\":\"\",\"potentialAction\":[{\"@type\":\"SearchAction\",\"target\":{\"@type\":\"EntryPoint\",\"urlTemplate\":\"https:\\\/\\\/webthucpham12.vidoweb.vn\\\/?s={search_term_string}\"},\"query-input\":{\"@type\":\"PropertyValueSpecification\",\"valueRequired\":true,\"valueName\":\"search_term_string\"}}],\"inLanguage\":\"vi\"}]}<\/script>\n<!-- \/ Yoast SEO plugin. -->","yoast_head_json":{"title":"Combo cho b\u00e9 - Th\u1ef1c Ph\u1ea9m 12","robots":{"index":"noindex","follow":"follow","max-snippet":"max-snippet:-1","max-image-preview":"max-image-preview:large","max-video-preview":"max-video-preview:-1"},"og_locale":"vi_VN","og_type":"article","og_title":"Combo cho b\u00e9 - Th\u1ef1c Ph\u1ea9m 12","og_description":"L\u00e0 combo k\u1ebft h\u1ee3p t\u1eafm an to\u00e0n v\u00e0 gi\u1eef s\u1ee9c kh\u1ecfe cho b\u00e9 y\u00eau t\u1eeb 2 tu\u1ed5i - 10 tu\u1ed5i","og_url":"https:\/\/webthucpham12.vidoweb.vn\/?product=combo-cho-be","og_site_name":"Th\u1ef1c Ph\u1ea9m 12","og_image":[{"width":510,"height":510,"url":"https:\/\/webthucpham12.vidoweb.vn\/wp-content\/uploads\/2020\/06\/anh-combo-cac-san-pham-17-510x510-1.jpg","type":"image\/jpeg"}],"twitter_card":"summary_large_image","twitter_misc":{"\u01af\u1edbc t\u00ednh th\u1eddi gian \u0111\u1ecdc":"2 ph\u00fat"},"schema":{"@context":"https:\/\/schema.org","@graph":[{"@type":"WebPage","@id":"https:\/\/webthucpham12.vidoweb.vn\/?product=combo-cho-be","url":"https:\/\/webthucpham12.vidoweb.vn\/?product=combo-cho-be","name":"Combo cho b\u00e9 - Th\u1ef1c Ph\u1ea9m 12","isPartOf":{"@id":"https:\/\/webthucpham12.vidoweb.vn\/#website"},"primaryImageOfPage":{"@id":"https:\/\/webthucpham12.vidoweb.vn\/?product=combo-cho-be#primaryimage"},"image":{"@id":"https:\/\/webthucpham12.vidoweb.vn\/?product=combo-cho-be#primaryimage"},"thumbnailUrl":"https:\/\/webthucpham12.vidoweb.vn\/wp-content\/uploads\/2020\/06\/anh-combo-cac-san-pham-17-510x510-1.jpg","datePublished":"2020-06-11T09:12:55+00:00","breadcrumb":{"@id":"https:\/\/webthucpham12.vidoweb.vn\/?product=combo-cho-be#breadcrumb"},"inLanguage":"vi","potentialAction":[{"@type":"ReadAction","target":["https:\/\/webthucpham12.vidoweb.vn\/?product=combo-cho-be"]}]},{"@type":"ImageObject","inLanguage":"vi","@id":"https:\/\/webthucpham12.vidoweb.vn\/?product=combo-cho-be#primaryimage","url":"https:\/\/webthucpham12.vidoweb.vn\/wp-content\/uploads\/2020\/06\/anh-combo-cac-san-pham-17-510x510-1.jpg","contentUrl":"https:\/\/webthucpham12.vidoweb.vn\/wp-content\/uploads\/2020\/06\/anh-combo-cac-san-pham-17-510x510-1.jpg","width":510,"height":510},{"@type":"BreadcrumbList","@id":"https:\/\/webthucpham12.vidoweb.vn\/?product=combo-cho-be#breadcrumb","itemListElement":[{"@type":"ListItem","position":1,"name":"Trang ch\u1ee7","item":"https:\/\/webthucpham12.vidoweb.vn\/"},{"@type":"ListItem","position":2,"name":"Combo cho b\u00e9"}]},{"@type":"WebSite","@id":"https:\/\/webthucpham12.vidoweb.vn\/#website","url":"https:\/\/webthucpham12.vidoweb.vn\/","name":"Th\u1ef1c Ph\u1ea9m 12","description":"","potentialAction":[{"@type":"SearchAction","target":{"@type":"EntryPoint","urlTemplate":"https:\/\/webthucpham12.vidoweb.vn\/?s={search_term_string}"},"query-input":{"@type":"PropertyValueSpecification","valueRequired":true,"valueName":"search_term_string"}}],"inLanguage":"vi"}]}},"_links":{"self":[{"href":"https:\/\/webthucpham12.vidoweb.vn\/index.php?rest_route=\/wp\/v2\/product\/358","targetHints":{"allow":["GET"]}}],"collection":[{"href":"https:\/\/webthucpham12.vidoweb.vn\/index.php?rest_route=\/wp\/v2\/product"}],"about":[{"href":"https:\/\/webthucpham12.vidoweb.vn\/index.php?rest_route=\/wp\/v2\/types\/product"}],"replies":[{"embeddable":true,"href":"https:\/\/webthucpham12.vidoweb.vn\/index.php?rest_route=%2Fwp%2Fv2%2Fcomments&post=358"}],"wp:featuredmedia":[{"embeddable":true,"href":"https:\/\/webthucpham12.vidoweb.vn\/index.php?rest_route=\/wp\/v2\/media\/360"}],"wp:attachment":[{"href":"https:\/\/webthucpham12.vidoweb.vn\/index.php?rest_route=%2Fwp%2Fv2%2Fmedia&parent=358"}],"wp:term":[{"taxonomy":"product_brand","embeddable":true,"href":"https:\/\/webthucpham12.vidoweb.vn\/index.php?rest_route=%2Fwp%2Fv2%2Fproduct_brand&post=358"},{"taxonomy":"product_cat","embeddable":true,"href":"https:\/\/webthucpham12.vidoweb.vn\/index.php?rest_route=%2Fwp%2Fv2%2Fproduct_cat&post=358"},{"taxonomy":"product_tag","embeddable":true,"href":"https:\/\/webthucpham12.vidoweb.vn\/index.php?rest_route=%2Fwp%2Fv2%2Fproduct_tag&post=358"}],"curies":[{"name":"wp","href":"https:\/\/api.w.org\/{rel}","templated":true}]}}