{"id":410,"date":"2020-06-11T21:51:11","date_gmt":"2020-06-11T14:51:11","guid":{"rendered":"http:\/\/thucphamchucnang6.muathemedep.vn\/?post_type=product&#038;p=410"},"modified":"2020-06-11T21:51:11","modified_gmt":"2020-06-11T14:51:11","slug":"son-ngoc","status":"publish","type":"product","link":"https:\/\/webthucpham12.vidoweb.vn\/?product=son-ngoc","title":{"rendered":"Son Ng\u1ecdc"},"content":{"rendered":"<p>B\u1ed9 s\u01b0u t\u1eadp Son Ng\u1ecdc thi\u00ean nhi\u00ean ho\u00e0n to\u00e0n m\u1edbi c\u1ee7a C\u1ecf M\u1ec1m l\u1ea5y c\u1ea3m h\u1ee9ng t\u1eeb nh\u1eefng lo\u00e0i hoa mang \u0111\u1ebfn cho c\u00e1c n\u00e0ng \u201cNg\u1ecdc n\u1eef\u201d 3 m\u00e0u son m\u1edbi hi\u1ec7n \u0111\u1ea1i, thanh l\u1ecbch v\u00e0 ng\u1ecdt ng\u00e0o, ph\u00f9 h\u1ee3p d\u00f9ng h\u00e0ng ng\u00e0y v\u1edbi nhi\u1ec1u ho\u00e0n c\u1ea3nh v\u00e0 trang ph\u1ee5c\u00a0<span class=\"_5mfr\"><span class=\"_6qdm\">\ud83e\udd70<\/span><\/span><\/p>\n<div class=\"text_exposed_show\">\n<p>M\u00e0u 21 \u2013\u00a0<span class=\"_5mfr\"><span class=\"_6qdm\">\ud83c\udf38<\/span><\/span>\u00a0T\u1ea7m Xu\u00e2n: s\u1eafc h\u1ed3ng \u0111\u1ea5t ng\u1ecdt ng\u00e0o nh\u01b0 hoa xu\u00e2n<br \/>\nM\u00e0u 23 \u2013\u00a0<span class=\"_5mfr\"><span class=\"_6qdm\">\ud83c\udf3a<\/span><\/span>\u00a0Tr\u1ea1ng Nguy\u00ean: m\u00e0u \u0111\u1ecf g\u1ea1ch r\u1ea1ng r\u1ee1 t\u1ef1 tin<br \/>\nM\u00e0u 25 \u2013\u00a0<span class=\"_5mfr\"><span class=\"_6qdm\">\ud83c\udf3c<\/span><\/span>\u00a0D\u00e3 Qu\u1ef3: m\u00e0u cam \u0111\u1ea5t t\u1ef1 do ph\u00f3ng kho\u00e1ng<\/p>\n<p><span class=\"_5mfr\"><span class=\"_6qdm\">\ud83c\udf3f<\/span><\/span>\u00a0Son Ng\u1ecdc \u0111\u01b0\u1ee3c nghi\u00ean c\u1ee9u b\u00e0o ch\u1ebf b\u1edfi \u0111\u1ed9i ng\u0169 D\u01b0\u1ee3c s\u0129 t\u00e2m huy\u1ebft t\u1eeb nh\u1eefng nguy\u00ean li\u1ec7u ho\u00e0n to\u00e0n thi\u00ean nhi\u00ean, \u0111\u1ea3m b\u1ea3o an to\u00e0n cho c\u1ea3 m\u1eb9 b\u1ea7u, m\u1eb9 b\u1ec9m s\u1eefa.<\/p>\n<p>Th\u00e0nh ph\u1ea7n c\u00f3 ch\u1ee9a d\u1ea7u h\u1ea1t t\u00e1o h\u1eefu c\u01a1\u00a0<span class=\"_5mfr\"><span class=\"_6qdm\">\ud83c\udf4f<\/span><\/span>\u00a0gi\u00e0u Acid linoleic v\u00e0 Acid oleic t\u1ef1 nhi\u00ean,d\u1ea7u h\u1ea1nh nh\u00e2n, d\u1ea7u c\u00e1m g\u1ea1o, vitamin E,\u2026 \u0111\u1ec1u l\u00e0 nh\u1eefng th\u00e0nh ph\u1ea7n an to\u00e0n.<\/p>\n<p><span class=\"_5mfr\"><span class=\"_6qdm\">\ud83d\udc84<\/span><\/span>\u00a0Ch\u1ea5t son m\u1ec1m m\u1ecbn gi\u00e0u d\u01b0\u1ee1ng \u1ea9m, gi\u1eef m\u00e0u kho\u1ea3ng n\u1eeda ng\u00e0y.<\/p>\n<p><span class=\"_5mfr\"><span class=\"_6qdm\">\ud83d\udc84 Son Ng\u1ecdc kh\u00f4ng h\u1ec1 ch\u1ee9a ch\u1ea5t b\u1ea3o qu\u1ea3n, kh\u00f4ng ch\u1ee9a h\u01b0\u01a1ng li\u1ec7u t\u1ed5ng h\u1ee3p v\u00e0 \u0111\u1eb7c bi\u1ec7t \u0111\u00e3 \u0111\u01b0\u1ee3c ki\u1ec3m nghi\u1ec7m kh\u00f4ng ch\u1ee9a ch\u00ec.<\/span><\/span><\/p>\n<p><span class=\"_5mfr\"><span class=\"_6qdm\">\u2728<\/span><\/span>\u00a0C\u00e2y son c\u00f2n c\u00f3 \u201cngo\u1ea1i h\u00ecnh\u201d \u0111\u1ed1n tim v\u1edbi m\u00e0u tr\u1eafng ng\u1ecdc trai trang nh\u00e3, thi\u1ebft k\u1ebf d\u1ea1ng n\u1eafp b\u1eadt \u0111\u1ed9c \u0111\u00e1o ch\u1eafc tay v\u00e0 v\u1ecf h\u1ed9p nh\u01b0 m\u1ed9t m\u00f3n qu\u00e0 v\u1edbi c\u1ea3 v\u01b0\u1eddn hoa m\u00e0u pastel tuy\u1ec7t \u0111\u1eb9p.<\/p>\n<\/div>\n","protected":false},"excerpt":{"rendered":"<p>Son Ng\u1ecdc \u0111\u01b0\u1ee3c nghi\u00ean c\u1ee9u b\u00e0o ch\u1ebf b\u1edfi \u0111\u1ed9i ng\u0169 D\u01b0\u1ee3c s\u0129 t\u00e2m huy\u1ebft t\u1eeb nh\u1eefng nguy\u00ean li\u1ec7u ho\u00e0n to\u00e0n thi\u00ean nhi\u00ean, \u0111\u1ea3m b\u1ea3o an to\u00e0n cho c\u1ea3 m\u1eb9 b\u1ea7u, m\u1eb9 s\u1eefa v\u00e0 m\u00f4i nh\u1ea1y c\u1ea3m. Son Ng\u1ecdc \u0111\u01b0\u1ee3c l\u00e0m t\u1eeb nh\u1eefng th\u00e0nh ph\u1ea7n thi\u00ean nhi\u00ean an to\u00e0n, \u0111\u01b0\u1ee3c ki\u1ec3m nghi\u1ec7m kh\u00f4ng ch\u1ee9a ch\u00ec.<\/p>\n","protected":false},"featured_media":411,"comment_status":"open","ping_status":"closed","template":"","meta":[],"product_brand":[],"product_cat":[23,24,15],"product_tag":[],"class_list":{"0":"post-410","1":"product","2":"type-product","3":"status-publish","4":"has-post-thumbnail","6":"product_cat-son-duong-moi","7":"product_cat-son-mau-khong-chi","8":"product_cat-son-moi","10":"first","11":"instock","12":"shipping-taxable","13":"purchasable","14":"product-type-simple"},"yoast_head":"<!-- This site is optimized with the Yoast SEO plugin v27.6 - https:\/\/yoast.com\/product\/yoast-seo-wordpress\/ -->\n<title>Son Ng\u1ecdc - Th\u1ef1c Ph\u1ea9m 12<\/title>\n<meta name=\"robots\" content=\"noindex, follow, max-snippet:-1, max-image-preview:large, max-video-preview:-1\" \/>\n<meta property=\"og:locale\" content=\"vi_VN\" \/>\n<meta property=\"og:type\" content=\"article\" \/>\n<meta property=\"og:title\" content=\"Son Ng\u1ecdc - Th\u1ef1c Ph\u1ea9m 12\" \/>\n<meta property=\"og:description\" content=\"Son Ng\u1ecdc \u0111\u01b0\u1ee3c nghi\u00ean c\u1ee9u b\u00e0o ch\u1ebf b\u1edfi \u0111\u1ed9i ng\u0169 D\u01b0\u1ee3c s\u0129 t\u00e2m huy\u1ebft t\u1eeb nh\u1eefng nguy\u00ean li\u1ec7u ho\u00e0n to\u00e0n thi\u00ean nhi\u00ean, \u0111\u1ea3m b\u1ea3o an to\u00e0n cho c\u1ea3 m\u1eb9 b\u1ea7u, m\u1eb9 s\u1eefa v\u00e0 m\u00f4i nh\u1ea1y c\u1ea3m. Son Ng\u1ecdc \u0111\u01b0\u1ee3c l\u00e0m t\u1eeb nh\u1eefng th\u00e0nh ph\u1ea7n thi\u00ean nhi\u00ean an to\u00e0n, \u0111\u01b0\u1ee3c ki\u1ec3m nghi\u1ec7m kh\u00f4ng ch\u1ee9a ch\u00ec.\" \/>\n<meta property=\"og:url\" content=\"https:\/\/webthucpham12.vidoweb.vn\/?product=son-ngoc\" \/>\n<meta property=\"og:site_name\" content=\"Th\u1ef1c Ph\u1ea9m 12\" \/>\n<meta property=\"og:image\" content=\"https:\/\/webthucpham12.vidoweb.vn\/wp-content\/uploads\/2020\/06\/trans_anh-son-ngoc-01-510x510-1.jpg\" \/>\n\t<meta property=\"og:image:width\" content=\"510\" \/>\n\t<meta property=\"og:image:height\" content=\"510\" \/>\n\t<meta property=\"og:image:type\" content=\"image\/jpeg\" \/>\n<meta name=\"twitter:card\" content=\"summary_large_image\" \/>\n<meta name=\"twitter:label1\" content=\"\u01af\u1edbc t\u00ednh th\u1eddi gian \u0111\u1ecdc\" \/>\n\t<meta name=\"twitter:data1\" content=\"2 ph\u00fat\" \/>\n<script type=\"application\/ld+json\" class=\"yoast-schema-graph\">{\"@context\":\"https:\\\/\\\/schema.org\",\"@graph\":[{\"@type\":\"WebPage\",\"@id\":\"https:\\\/\\\/webthucpham12.vidoweb.vn\\\/?product=son-ngoc\",\"url\":\"https:\\\/\\\/webthucpham12.vidoweb.vn\\\/?product=son-ngoc\",\"name\":\"Son Ng\u1ecdc - Th\u1ef1c Ph\u1ea9m 12\",\"isPartOf\":{\"@id\":\"https:\\\/\\\/webthucpham12.vidoweb.vn\\\/#website\"},\"primaryImageOfPage\":{\"@id\":\"https:\\\/\\\/webthucpham12.vidoweb.vn\\\/?product=son-ngoc#primaryimage\"},\"image\":{\"@id\":\"https:\\\/\\\/webthucpham12.vidoweb.vn\\\/?product=son-ngoc#primaryimage\"},\"thumbnailUrl\":\"https:\\\/\\\/webthucpham12.vidoweb.vn\\\/wp-content\\\/uploads\\\/2020\\\/06\\\/trans_anh-son-ngoc-01-510x510-1.jpg\",\"datePublished\":\"2020-06-11T14:51:11+00:00\",\"breadcrumb\":{\"@id\":\"https:\\\/\\\/webthucpham12.vidoweb.vn\\\/?product=son-ngoc#breadcrumb\"},\"inLanguage\":\"vi\",\"potentialAction\":[{\"@type\":\"ReadAction\",\"target\":[\"https:\\\/\\\/webthucpham12.vidoweb.vn\\\/?product=son-ngoc\"]}]},{\"@type\":\"ImageObject\",\"inLanguage\":\"vi\",\"@id\":\"https:\\\/\\\/webthucpham12.vidoweb.vn\\\/?product=son-ngoc#primaryimage\",\"url\":\"https:\\\/\\\/webthucpham12.vidoweb.vn\\\/wp-content\\\/uploads\\\/2020\\\/06\\\/trans_anh-son-ngoc-01-510x510-1.jpg\",\"contentUrl\":\"https:\\\/\\\/webthucpham12.vidoweb.vn\\\/wp-content\\\/uploads\\\/2020\\\/06\\\/trans_anh-son-ngoc-01-510x510-1.jpg\",\"width\":510,\"height\":510},{\"@type\":\"BreadcrumbList\",\"@id\":\"https:\\\/\\\/webthucpham12.vidoweb.vn\\\/?product=son-ngoc#breadcrumb\",\"itemListElement\":[{\"@type\":\"ListItem\",\"position\":1,\"name\":\"Trang ch\u1ee7\",\"item\":\"https:\\\/\\\/webthucpham12.vidoweb.vn\\\/\"},{\"@type\":\"ListItem\",\"position\":2,\"name\":\"Son Ng\u1ecdc\"}]},{\"@type\":\"WebSite\",\"@id\":\"https:\\\/\\\/webthucpham12.vidoweb.vn\\\/#website\",\"url\":\"https:\\\/\\\/webthucpham12.vidoweb.vn\\\/\",\"name\":\"Th\u1ef1c Ph\u1ea9m 12\",\"description\":\"\",\"potentialAction\":[{\"@type\":\"SearchAction\",\"target\":{\"@type\":\"EntryPoint\",\"urlTemplate\":\"https:\\\/\\\/webthucpham12.vidoweb.vn\\\/?s={search_term_string}\"},\"query-input\":{\"@type\":\"PropertyValueSpecification\",\"valueRequired\":true,\"valueName\":\"search_term_string\"}}],\"inLanguage\":\"vi\"}]}<\/script>\n<!-- \/ Yoast SEO plugin. -->","yoast_head_json":{"title":"Son Ng\u1ecdc - Th\u1ef1c Ph\u1ea9m 12","robots":{"index":"noindex","follow":"follow","max-snippet":"max-snippet:-1","max-image-preview":"max-image-preview:large","max-video-preview":"max-video-preview:-1"},"og_locale":"vi_VN","og_type":"article","og_title":"Son Ng\u1ecdc - Th\u1ef1c Ph\u1ea9m 12","og_description":"Son Ng\u1ecdc \u0111\u01b0\u1ee3c nghi\u00ean c\u1ee9u b\u00e0o ch\u1ebf b\u1edfi \u0111\u1ed9i ng\u0169 D\u01b0\u1ee3c s\u0129 t\u00e2m huy\u1ebft t\u1eeb nh\u1eefng nguy\u00ean li\u1ec7u ho\u00e0n to\u00e0n thi\u00ean nhi\u00ean, \u0111\u1ea3m b\u1ea3o an to\u00e0n cho c\u1ea3 m\u1eb9 b\u1ea7u, m\u1eb9 s\u1eefa v\u00e0 m\u00f4i nh\u1ea1y c\u1ea3m. Son Ng\u1ecdc \u0111\u01b0\u1ee3c l\u00e0m t\u1eeb nh\u1eefng th\u00e0nh ph\u1ea7n thi\u00ean nhi\u00ean an to\u00e0n, \u0111\u01b0\u1ee3c ki\u1ec3m nghi\u1ec7m kh\u00f4ng ch\u1ee9a ch\u00ec.","og_url":"https:\/\/webthucpham12.vidoweb.vn\/?product=son-ngoc","og_site_name":"Th\u1ef1c Ph\u1ea9m 12","og_image":[{"width":510,"height":510,"url":"https:\/\/webthucpham12.vidoweb.vn\/wp-content\/uploads\/2020\/06\/trans_anh-son-ngoc-01-510x510-1.jpg","type":"image\/jpeg"}],"twitter_card":"summary_large_image","twitter_misc":{"\u01af\u1edbc t\u00ednh th\u1eddi gian \u0111\u1ecdc":"2 ph\u00fat"},"schema":{"@context":"https:\/\/schema.org","@graph":[{"@type":"WebPage","@id":"https:\/\/webthucpham12.vidoweb.vn\/?product=son-ngoc","url":"https:\/\/webthucpham12.vidoweb.vn\/?product=son-ngoc","name":"Son Ng\u1ecdc - Th\u1ef1c Ph\u1ea9m 12","isPartOf":{"@id":"https:\/\/webthucpham12.vidoweb.vn\/#website"},"primaryImageOfPage":{"@id":"https:\/\/webthucpham12.vidoweb.vn\/?product=son-ngoc#primaryimage"},"image":{"@id":"https:\/\/webthucpham12.vidoweb.vn\/?product=son-ngoc#primaryimage"},"thumbnailUrl":"https:\/\/webthucpham12.vidoweb.vn\/wp-content\/uploads\/2020\/06\/trans_anh-son-ngoc-01-510x510-1.jpg","datePublished":"2020-06-11T14:51:11+00:00","breadcrumb":{"@id":"https:\/\/webthucpham12.vidoweb.vn\/?product=son-ngoc#breadcrumb"},"inLanguage":"vi","potentialAction":[{"@type":"ReadAction","target":["https:\/\/webthucpham12.vidoweb.vn\/?product=son-ngoc"]}]},{"@type":"ImageObject","inLanguage":"vi","@id":"https:\/\/webthucpham12.vidoweb.vn\/?product=son-ngoc#primaryimage","url":"https:\/\/webthucpham12.vidoweb.vn\/wp-content\/uploads\/2020\/06\/trans_anh-son-ngoc-01-510x510-1.jpg","contentUrl":"https:\/\/webthucpham12.vidoweb.vn\/wp-content\/uploads\/2020\/06\/trans_anh-son-ngoc-01-510x510-1.jpg","width":510,"height":510},{"@type":"BreadcrumbList","@id":"https:\/\/webthucpham12.vidoweb.vn\/?product=son-ngoc#breadcrumb","itemListElement":[{"@type":"ListItem","position":1,"name":"Trang ch\u1ee7","item":"https:\/\/webthucpham12.vidoweb.vn\/"},{"@type":"ListItem","position":2,"name":"Son Ng\u1ecdc"}]},{"@type":"WebSite","@id":"https:\/\/webthucpham12.vidoweb.vn\/#website","url":"https:\/\/webthucpham12.vidoweb.vn\/","name":"Th\u1ef1c Ph\u1ea9m 12","description":"","potentialAction":[{"@type":"SearchAction","target":{"@type":"EntryPoint","urlTemplate":"https:\/\/webthucpham12.vidoweb.vn\/?s={search_term_string}"},"query-input":{"@type":"PropertyValueSpecification","valueRequired":true,"valueName":"search_term_string"}}],"inLanguage":"vi"}]}},"_links":{"self":[{"href":"https:\/\/webthucpham12.vidoweb.vn\/index.php?rest_route=\/wp\/v2\/product\/410","targetHints":{"allow":["GET"]}}],"collection":[{"href":"https:\/\/webthucpham12.vidoweb.vn\/index.php?rest_route=\/wp\/v2\/product"}],"about":[{"href":"https:\/\/webthucpham12.vidoweb.vn\/index.php?rest_route=\/wp\/v2\/types\/product"}],"replies":[{"embeddable":true,"href":"https:\/\/webthucpham12.vidoweb.vn\/index.php?rest_route=%2Fwp%2Fv2%2Fcomments&post=410"}],"wp:featuredmedia":[{"embeddable":true,"href":"https:\/\/webthucpham12.vidoweb.vn\/index.php?rest_route=\/wp\/v2\/media\/411"}],"wp:attachment":[{"href":"https:\/\/webthucpham12.vidoweb.vn\/index.php?rest_route=%2Fwp%2Fv2%2Fmedia&parent=410"}],"wp:term":[{"taxonomy":"product_brand","embeddable":true,"href":"https:\/\/webthucpham12.vidoweb.vn\/index.php?rest_route=%2Fwp%2Fv2%2Fproduct_brand&post=410"},{"taxonomy":"product_cat","embeddable":true,"href":"https:\/\/webthucpham12.vidoweb.vn\/index.php?rest_route=%2Fwp%2Fv2%2Fproduct_cat&post=410"},{"taxonomy":"product_tag","embeddable":true,"href":"https:\/\/webthucpham12.vidoweb.vn\/index.php?rest_route=%2Fwp%2Fv2%2Fproduct_tag&post=410"}],"curies":[{"name":"wp","href":"https:\/\/api.w.org\/{rel}","templated":true}]}}