{"id":413,"date":"2020-06-11T21:53:11","date_gmt":"2020-06-11T14:53:11","guid":{"rendered":"http:\/\/thucphamchucnang6.muathemedep.vn\/?post_type=product&#038;p=413"},"modified":"2020-06-12T21:08:58","modified_gmt":"2020-06-12T14:08:58","slug":"son-duong-tao-do","status":"publish","type":"product","link":"https:\/\/webthucpham12.vidoweb.vn\/?product=son-duong-tao-do","title":{"rendered":"Son D\u01b0\u1ee1ng T\u00e1o \u0110\u1ecf"},"content":{"rendered":"<p>C\u1ecf M\u1ec1m m\u1edbi t\u00ecm \u0111\u01b0\u1ee3c m\u1ed9t nguy\u00ean li\u1ec7u tuy\u1ec7t v\u1eddi h\u00e0m l\u01b0\u1ee3ng cao Acid linoleic v\u00e0 Acid oleic t\u1ef1 nhi\u00ean, gi\u00fap d\u01b0\u1ee1ng \u1ea9m v\u00e0 c\u00f3 ho\u1ea1t t\u00ednh ch\u1ed1ng l\u00e3o h\u00f3a \u0111\u00f3 l\u00e0 D\u1ea6U H\u1ea0T T\u00c1O.<span class=\"text_exposed_show\"><br \/>\n<span class=\"_5mfr\"><span class=\"_6qdm\">\ud83c\udf31<\/span><\/span>\u00a0Ngu\u1ed3n nguy\u00ean li\u1ec7u h\u1eefu c\u01a1 tinh khi\u1ebft n\u00e0y l\u00e0 \u0111\u1ed9ng l\u1ef1c ph\u00e1t tri\u1ec3n m\u1ed9t c\u00f4ng th\u1ee9c Son d\u01b0\u1ee1ng m\u00f4i ho\u00e0n to\u00e0n m\u1edbi d\u1ef1a tr\u00ean nh\u1eefng th\u00e0nh ph\u1ea7n thu\u1ea7n th\u1ef1c v\u1eadt, v\u1edbi bao b\u00ec \u0111\u01b0\u1ee3c thay th\u1ebf 70% b\u1eb1ng gi\u1ea5y b\u1ed3i th\u00e2n thi\u1ec7n v\u1edbi m\u00f4i tr\u01b0\u1eddng.<\/span><\/p>\n<div class=\"text_exposed_show\">\n<p>C\u00f3 th\u1ec3 n\u00f3i \u0111\u00e2y l\u00e0 m\u1ed9t th\u1ecfi son d\u01b0\u1ee1ng \u0111\u1ea1t 3 ti\u00eau ch\u00ed: ORGANIC, VEGAN v\u00e0 ECO\u00a0<span class=\"_5mfr\"><span class=\"_6qdm\">\ud83c\udf3f<\/span><\/span><\/p>\n<p><span class=\"_5mfr\"><span class=\"_6qdm\">\u2705<\/span><\/span>\u00a0ORGANIC: d\u1ea7u h\u1ea1t t\u00e1o h\u1eefu c\u01a1 v\u00e0 d\u1ea7u h\u1ea1nh nh\u00e2n, d\u1ea7u c\u00e1m g\u1ea1o gi\u1eef \u1ea9m gi\u00fap son d\u01b0\u1ee1ng c\u00f3 kh\u1ea3 n\u0103ng l\u00e0m m\u1ec1m da m\u00f4i, h\u1ed7 tr\u1ee3 gi\u1ea3m th\u00e2m m\u00f4i, ch\u1ed1ng l\u00e3o h\u00f3a v\u00e0 an to\u00e0n cho s\u1ee9c kh\u1ecfe.<br \/>\n<span class=\"_5mfr\"><span class=\"_6qdm\">\u2705<\/span><\/span>\u00a0VEGAN: S\u1ea3n ph\u1ea9m kh\u00f4ng ch\u1ee9a c\u00e1c th\u00e0nh ph\u1ea7n c\u00f3 ngu\u1ed3n g\u1ed1c t\u1eeb \u0111\u1ed9ng v\u1eadt.<br \/>\n<span class=\"_5mfr\"><span class=\"_6qdm\">\u2705<\/span><\/span>\u00a0ECO: To\u00e0n b\u1ed9 th\u00e0nh ph\u1ea7n \u0111\u1ec1u c\u00f3 ngu\u1ed3n g\u1ed1c t\u1ef1 nhi\u00ean. \u0110\u1eb7c bi\u1ec7t v\u1ecf c\u00e2y son \u0111\u00e3 thay th\u1ebf 70% chi ti\u1ebft nh\u1ef1a b\u1eb1ng gi\u1ea5y b\u00eca d\u1ec5 ph\u00e2n h\u1ee7y kh\u00f4ng h\u1ea1i cho m\u00f4i tr\u01b0\u1eddng.<\/p>\n<p>V\u00e0 nh\u01b0 m\u1ecdi s\u1ea3n ph\u1ea9m c\u1ee7a C\u1ecf M\u1ec1m, SON T\u00c1O \u0111\u01b0\u1ee3c s\u1ea3n xu\u1ea5t b\u1edfi \u0111\u1ed9i ng\u0169 D\u01b0\u1ee3c s\u0129 c\u00f3 chuy\u00ean m\u00f4n v\u1edbi d\u00e2y chuy\u1ec1n \u0111\u01b0\u1ee3c c\u1ea5p ph\u00e9p \u0111\u1ea3m b\u1ea3o ch\u1ea5t l\u01b0\u1ee3ng.<\/p>\n<p>B\u1edfi v\u1eady, SON T\u00c1O kh\u00f4ng ch\u1ec9 \u0111\u00e1ng \u0111\u01b0\u1ee3c l\u1ef1a ch\u1ecdn nh\u1edd \u0111em l\u1ea1i \u0111\u00f4i m\u00f4i c\u0103ng m\u1ecbn m\u00e0 c\u00f2n v\u00ec c\u00e2y son xinh y\u00eau n\u00e0y lan t\u1ecfa th\u00f4ng \u0111i\u1ec7p s\u1ed1ng xanh khi\u1ebfn b\u1ea1n t\u1ef1 h\u00e0o khi s\u1eed d\u1ee5ng v\u00e0 r\u1ea5t tinh t\u1ebf khi mang t\u1eb7ng b\u1ea1n b\u00e8\u00a0<span class=\"_5mfr\"><span class=\"_6qdm\">\ud83c\udf81<\/span><\/span><\/p>\n<p><span class=\"_5mfr\"><span class=\"_6qdm\">\ud83c\udf4f<\/span><\/span>SON T\u00c1O XANH kh\u00f4ng m\u00e0u v\u00e0\u00a0<span class=\"_5mfr\"><span class=\"_6qdm\">\ud83c\udf4e<\/span><\/span>SON T\u00c1O \u0110\u1ece c\u00f3 m\u00e0u \u1eedng \u0111\u1ecf t\u1ef1 nhi\u00ean<br \/>\n\u2013 D\u01b0\u1ee1ng m\u00f4i d\u1ea1ng th\u1ecfi 4g<\/p>\n<p>\u2013 Gi\u00e1 120.000\u0111<\/p>\n<\/div>\n","protected":false},"excerpt":{"rendered":"<p>Son D\u01b0\u1ee1ng T\u00e1o \u0110\u1ecf c\u00f3 m\u00e0u d\u01b0\u1ee1ng m\u00f4i ho\u00e0n to\u00e0n m\u1edbi \u0111em l\u1ea1i m\u1ed9t \u0111\u00f4i m\u00f4i m\u1ec1m m\u1ecbn c\u0103ng m\u1ecdng, \u1eedng \u0111\u1ecf t\u1ef1 nhi\u00ean d\u1ef1a tr\u00ean nh\u1eefng th\u00e0nh ph\u1ea7n thu\u1ea7n th\u1ef1c v\u1eadt, v\u1edbi bao b\u00ec \u0111\u01b0\u1ee3c thay th\u1ebf 70% b\u1eb1ng gi\u1ea5y b\u1ed3i th\u00e2n thi\u1ec7n v\u1edbi m\u00f4i tr\u01b0\u1eddng.<\/p>\n","protected":false},"featured_media":416,"comment_status":"open","ping_status":"closed","template":"","meta":[],"product_brand":[],"product_cat":[23,15],"product_tag":[],"class_list":{"0":"post-413","1":"product","2":"type-product","3":"status-publish","4":"has-post-thumbnail","6":"product_cat-son-duong-moi","7":"product_cat-son-moi","9":"first","10":"instock","11":"shipping-taxable","12":"purchasable","13":"product-type-simple"},"yoast_head":"<!-- This site is optimized with the Yoast SEO plugin v27.6 - https:\/\/yoast.com\/product\/yoast-seo-wordpress\/ -->\n<title>Son D\u01b0\u1ee1ng T\u00e1o \u0110\u1ecf - Th\u1ef1c Ph\u1ea9m 12<\/title>\n<meta name=\"robots\" content=\"noindex, follow, max-snippet:-1, max-image-preview:large, max-video-preview:-1\" \/>\n<meta property=\"og:locale\" content=\"vi_VN\" \/>\n<meta property=\"og:type\" content=\"article\" \/>\n<meta property=\"og:title\" content=\"Son D\u01b0\u1ee1ng T\u00e1o \u0110\u1ecf - Th\u1ef1c Ph\u1ea9m 12\" \/>\n<meta property=\"og:description\" content=\"Son D\u01b0\u1ee1ng T\u00e1o \u0110\u1ecf c\u00f3 m\u00e0u d\u01b0\u1ee1ng m\u00f4i ho\u00e0n to\u00e0n m\u1edbi \u0111em l\u1ea1i m\u1ed9t \u0111\u00f4i m\u00f4i m\u1ec1m m\u1ecbn c\u0103ng m\u1ecdng, \u1eedng \u0111\u1ecf t\u1ef1 nhi\u00ean d\u1ef1a tr\u00ean nh\u1eefng th\u00e0nh ph\u1ea7n thu\u1ea7n th\u1ef1c v\u1eadt, v\u1edbi bao b\u00ec \u0111\u01b0\u1ee3c thay th\u1ebf 70% b\u1eb1ng gi\u1ea5y b\u1ed3i th\u00e2n thi\u1ec7n v\u1edbi m\u00f4i tr\u01b0\u1eddng.\" \/>\n<meta property=\"og:url\" content=\"https:\/\/webthucpham12.vidoweb.vn\/?product=son-duong-tao-do\" \/>\n<meta property=\"og:site_name\" content=\"Th\u1ef1c Ph\u1ea9m 12\" \/>\n<meta property=\"article:modified_time\" content=\"2020-06-12T14:08:58+00:00\" \/>\n<meta property=\"og:image\" content=\"https:\/\/webthucpham12.vidoweb.vn\/wp-content\/uploads\/2020\/06\/img_7702-510x510-1.jpg\" \/>\n\t<meta property=\"og:image:width\" content=\"510\" \/>\n\t<meta property=\"og:image:height\" content=\"510\" \/>\n\t<meta property=\"og:image:type\" content=\"image\/jpeg\" \/>\n<meta name=\"twitter:card\" content=\"summary_large_image\" \/>\n<meta name=\"twitter:label1\" content=\"\u01af\u1edbc t\u00ednh th\u1eddi gian \u0111\u1ecdc\" \/>\n\t<meta name=\"twitter:data1\" content=\"2 ph\u00fat\" \/>\n<script type=\"application\/ld+json\" class=\"yoast-schema-graph\">{\"@context\":\"https:\\\/\\\/schema.org\",\"@graph\":[{\"@type\":\"WebPage\",\"@id\":\"https:\\\/\\\/webthucpham12.vidoweb.vn\\\/?product=son-duong-tao-do\",\"url\":\"https:\\\/\\\/webthucpham12.vidoweb.vn\\\/?product=son-duong-tao-do\",\"name\":\"Son D\u01b0\u1ee1ng T\u00e1o \u0110\u1ecf - Th\u1ef1c Ph\u1ea9m 12\",\"isPartOf\":{\"@id\":\"https:\\\/\\\/webthucpham12.vidoweb.vn\\\/#website\"},\"primaryImageOfPage\":{\"@id\":\"https:\\\/\\\/webthucpham12.vidoweb.vn\\\/?product=son-duong-tao-do#primaryimage\"},\"image\":{\"@id\":\"https:\\\/\\\/webthucpham12.vidoweb.vn\\\/?product=son-duong-tao-do#primaryimage\"},\"thumbnailUrl\":\"https:\\\/\\\/webthucpham12.vidoweb.vn\\\/wp-content\\\/uploads\\\/2020\\\/06\\\/img_7702-510x510-1.jpg\",\"datePublished\":\"2020-06-11T14:53:11+00:00\",\"dateModified\":\"2020-06-12T14:08:58+00:00\",\"breadcrumb\":{\"@id\":\"https:\\\/\\\/webthucpham12.vidoweb.vn\\\/?product=son-duong-tao-do#breadcrumb\"},\"inLanguage\":\"vi\",\"potentialAction\":[{\"@type\":\"ReadAction\",\"target\":[\"https:\\\/\\\/webthucpham12.vidoweb.vn\\\/?product=son-duong-tao-do\"]}]},{\"@type\":\"ImageObject\",\"inLanguage\":\"vi\",\"@id\":\"https:\\\/\\\/webthucpham12.vidoweb.vn\\\/?product=son-duong-tao-do#primaryimage\",\"url\":\"https:\\\/\\\/webthucpham12.vidoweb.vn\\\/wp-content\\\/uploads\\\/2020\\\/06\\\/img_7702-510x510-1.jpg\",\"contentUrl\":\"https:\\\/\\\/webthucpham12.vidoweb.vn\\\/wp-content\\\/uploads\\\/2020\\\/06\\\/img_7702-510x510-1.jpg\",\"width\":510,\"height\":510},{\"@type\":\"BreadcrumbList\",\"@id\":\"https:\\\/\\\/webthucpham12.vidoweb.vn\\\/?product=son-duong-tao-do#breadcrumb\",\"itemListElement\":[{\"@type\":\"ListItem\",\"position\":1,\"name\":\"Trang ch\u1ee7\",\"item\":\"https:\\\/\\\/webthucpham12.vidoweb.vn\\\/\"},{\"@type\":\"ListItem\",\"position\":2,\"name\":\"Son D\u01b0\u1ee1ng T\u00e1o \u0110\u1ecf\"}]},{\"@type\":\"WebSite\",\"@id\":\"https:\\\/\\\/webthucpham12.vidoweb.vn\\\/#website\",\"url\":\"https:\\\/\\\/webthucpham12.vidoweb.vn\\\/\",\"name\":\"Th\u1ef1c Ph\u1ea9m 12\",\"description\":\"\",\"potentialAction\":[{\"@type\":\"SearchAction\",\"target\":{\"@type\":\"EntryPoint\",\"urlTemplate\":\"https:\\\/\\\/webthucpham12.vidoweb.vn\\\/?s={search_term_string}\"},\"query-input\":{\"@type\":\"PropertyValueSpecification\",\"valueRequired\":true,\"valueName\":\"search_term_string\"}}],\"inLanguage\":\"vi\"}]}<\/script>\n<!-- \/ Yoast SEO plugin. -->","yoast_head_json":{"title":"Son D\u01b0\u1ee1ng T\u00e1o \u0110\u1ecf - Th\u1ef1c Ph\u1ea9m 12","robots":{"index":"noindex","follow":"follow","max-snippet":"max-snippet:-1","max-image-preview":"max-image-preview:large","max-video-preview":"max-video-preview:-1"},"og_locale":"vi_VN","og_type":"article","og_title":"Son D\u01b0\u1ee1ng T\u00e1o \u0110\u1ecf - Th\u1ef1c Ph\u1ea9m 12","og_description":"Son D\u01b0\u1ee1ng T\u00e1o \u0110\u1ecf c\u00f3 m\u00e0u d\u01b0\u1ee1ng m\u00f4i ho\u00e0n to\u00e0n m\u1edbi \u0111em l\u1ea1i m\u1ed9t \u0111\u00f4i m\u00f4i m\u1ec1m m\u1ecbn c\u0103ng m\u1ecdng, \u1eedng \u0111\u1ecf t\u1ef1 nhi\u00ean d\u1ef1a tr\u00ean nh\u1eefng th\u00e0nh ph\u1ea7n thu\u1ea7n th\u1ef1c v\u1eadt, v\u1edbi bao b\u00ec \u0111\u01b0\u1ee3c thay th\u1ebf 70% b\u1eb1ng gi\u1ea5y b\u1ed3i th\u00e2n thi\u1ec7n v\u1edbi m\u00f4i tr\u01b0\u1eddng.","og_url":"https:\/\/webthucpham12.vidoweb.vn\/?product=son-duong-tao-do","og_site_name":"Th\u1ef1c Ph\u1ea9m 12","article_modified_time":"2020-06-12T14:08:58+00:00","og_image":[{"width":510,"height":510,"url":"https:\/\/webthucpham12.vidoweb.vn\/wp-content\/uploads\/2020\/06\/img_7702-510x510-1.jpg","type":"image\/jpeg"}],"twitter_card":"summary_large_image","twitter_misc":{"\u01af\u1edbc t\u00ednh th\u1eddi gian \u0111\u1ecdc":"2 ph\u00fat"},"schema":{"@context":"https:\/\/schema.org","@graph":[{"@type":"WebPage","@id":"https:\/\/webthucpham12.vidoweb.vn\/?product=son-duong-tao-do","url":"https:\/\/webthucpham12.vidoweb.vn\/?product=son-duong-tao-do","name":"Son D\u01b0\u1ee1ng T\u00e1o \u0110\u1ecf - Th\u1ef1c Ph\u1ea9m 12","isPartOf":{"@id":"https:\/\/webthucpham12.vidoweb.vn\/#website"},"primaryImageOfPage":{"@id":"https:\/\/webthucpham12.vidoweb.vn\/?product=son-duong-tao-do#primaryimage"},"image":{"@id":"https:\/\/webthucpham12.vidoweb.vn\/?product=son-duong-tao-do#primaryimage"},"thumbnailUrl":"https:\/\/webthucpham12.vidoweb.vn\/wp-content\/uploads\/2020\/06\/img_7702-510x510-1.jpg","datePublished":"2020-06-11T14:53:11+00:00","dateModified":"2020-06-12T14:08:58+00:00","breadcrumb":{"@id":"https:\/\/webthucpham12.vidoweb.vn\/?product=son-duong-tao-do#breadcrumb"},"inLanguage":"vi","potentialAction":[{"@type":"ReadAction","target":["https:\/\/webthucpham12.vidoweb.vn\/?product=son-duong-tao-do"]}]},{"@type":"ImageObject","inLanguage":"vi","@id":"https:\/\/webthucpham12.vidoweb.vn\/?product=son-duong-tao-do#primaryimage","url":"https:\/\/webthucpham12.vidoweb.vn\/wp-content\/uploads\/2020\/06\/img_7702-510x510-1.jpg","contentUrl":"https:\/\/webthucpham12.vidoweb.vn\/wp-content\/uploads\/2020\/06\/img_7702-510x510-1.jpg","width":510,"height":510},{"@type":"BreadcrumbList","@id":"https:\/\/webthucpham12.vidoweb.vn\/?product=son-duong-tao-do#breadcrumb","itemListElement":[{"@type":"ListItem","position":1,"name":"Trang ch\u1ee7","item":"https:\/\/webthucpham12.vidoweb.vn\/"},{"@type":"ListItem","position":2,"name":"Son D\u01b0\u1ee1ng T\u00e1o \u0110\u1ecf"}]},{"@type":"WebSite","@id":"https:\/\/webthucpham12.vidoweb.vn\/#website","url":"https:\/\/webthucpham12.vidoweb.vn\/","name":"Th\u1ef1c Ph\u1ea9m 12","description":"","potentialAction":[{"@type":"SearchAction","target":{"@type":"EntryPoint","urlTemplate":"https:\/\/webthucpham12.vidoweb.vn\/?s={search_term_string}"},"query-input":{"@type":"PropertyValueSpecification","valueRequired":true,"valueName":"search_term_string"}}],"inLanguage":"vi"}]}},"_links":{"self":[{"href":"https:\/\/webthucpham12.vidoweb.vn\/index.php?rest_route=\/wp\/v2\/product\/413","targetHints":{"allow":["GET"]}}],"collection":[{"href":"https:\/\/webthucpham12.vidoweb.vn\/index.php?rest_route=\/wp\/v2\/product"}],"about":[{"href":"https:\/\/webthucpham12.vidoweb.vn\/index.php?rest_route=\/wp\/v2\/types\/product"}],"replies":[{"embeddable":true,"href":"https:\/\/webthucpham12.vidoweb.vn\/index.php?rest_route=%2Fwp%2Fv2%2Fcomments&post=413"}],"wp:featuredmedia":[{"embeddable":true,"href":"https:\/\/webthucpham12.vidoweb.vn\/index.php?rest_route=\/wp\/v2\/media\/416"}],"wp:attachment":[{"href":"https:\/\/webthucpham12.vidoweb.vn\/index.php?rest_route=%2Fwp%2Fv2%2Fmedia&parent=413"}],"wp:term":[{"taxonomy":"product_brand","embeddable":true,"href":"https:\/\/webthucpham12.vidoweb.vn\/index.php?rest_route=%2Fwp%2Fv2%2Fproduct_brand&post=413"},{"taxonomy":"product_cat","embeddable":true,"href":"https:\/\/webthucpham12.vidoweb.vn\/index.php?rest_route=%2Fwp%2Fv2%2Fproduct_cat&post=413"},{"taxonomy":"product_tag","embeddable":true,"href":"https:\/\/webthucpham12.vidoweb.vn\/index.php?rest_route=%2Fwp%2Fv2%2Fproduct_tag&post=413"}],"curies":[{"name":"wp","href":"https:\/\/api.w.org\/{rel}","templated":true}]}}