{"id":421,"date":"2020-06-11T21:58:18","date_gmt":"2020-06-11T14:58:18","guid":{"rendered":"http:\/\/thucphamchucnang6.muathemedep.vn\/?post_type=product&#038;p=421"},"modified":"2020-06-11T21:58:18","modified_gmt":"2020-06-11T14:58:18","slug":"son-duong-ba-bau","status":"publish","type":"product","link":"https:\/\/webthucpham12.vidoweb.vn\/?product=son-duong-ba-bau","title":{"rendered":"Son d\u01b0\u1ee1ng b\u00e0 B\u1ea7u"},"content":{"rendered":"<p>Ch\u1ecdn son d\u01b0\u1ee1ng \u0111\u00e3 kh\u00f3, ch\u1ecdn son d\u01b0\u1ee1ng cho b\u00e0 b\u1ea7u c\u00f2n kh\u00f3 h\u01a1n!<\/p>\n<p>M\u1ed9t th\u1ecfi son d\u01b0\u1ee1ng cho m\u1eb9 b\u1ea7u c\u1ea7n \u0111\u00e1p \u1ee9ng \u0111\u1ee7 c\u00e1c ti\u00eau ch\u00ed:<\/p>\n<ul>\n<li>Ph\u1ea3i gi\u00e0u \u0111\u1ed9 \u1ea9m gi\u00fap m\u00f4i c\u0103ng m\u1ecdng, h\u1ed3ng h\u00e0o b\u1ea5t ch\u1ea5p th\u1eddi ti\u1ebft kh\u00f4 hanh hay n\u1eafng n\u00f3ng gay g\u1eaft<\/li>\n<li>Ph\u1ea3i gi\u00fap m\u00f4i \u0111\u01b0\u1ee3c d\u01b0\u1ee1ng m\u1ec1m, kh\u00f4ng c\u00f2n bong tr\u00f3c, th\u00e2m s\u1ea1m.<\/li>\n<li>Ph\u1ea3i l\u00e0nh \u0111\u1ebfn m\u1ee9c c\u00f3 th\u1ec3 \u0103n \u0111\u01b0\u1ee3c, \u0111\u1ec3 an to\u00e0n cho m\u1eb9 v\u00e0 b\u00e9.<\/li>\n<\/ul>\n<p><strong>T\u1ea5t c\u1ea3 \u0111i\u1ec1u tr\u00ean \u0111\u1ec1u c\u00f3 trong th\u1ecfi son d\u01b0\u1ee1ng C\u1ecf M\u1ec1m \u2013 Son G\u1ea1o cho m\u1eb9 b\u1ea7u:<\/strong><\/p>\n<p><strong>SON G\u1ea0O<\/strong>\u00a0an to\u00e0n v\u1edbi th\u00e0nh ph\u1ea7n thu\u1ea7n khi\u1ebft t\u1eeb thi\u00ean nhi\u00ean. Son kh\u00f4ng m\u00e0u, m\u1ec1m v\u00e0 \u1ea9m. \u0110\u1eb7c bi\u1ec7t ph\u00f9 h\u1ee3p d\u01b0\u1ee1ng m\u00f4i ban \u0111\u00eam. Ph\u00f9 h\u1ee3p cho m\u1eb9 b\u1ea7u, tr\u1ebb s\u01a1 sinh v\u00e0 tr\u1ebb nh\u1ecf.<\/p>\n<p><strong>Th\u00e0nh ph\u1ea7n:\u00a0<\/strong>D\u1ea7u c\u00e1m g\u1ea1o, D\u1ea7u qu\u1ea3 b\u01a1, B\u01a1 h\u1ea1t m\u1ee1, S\u00e1p ong, D\u1ea7u g\u1ea5c,\u2026<\/p>\n<p><strong>S\u1ed1 CBMP: 3515\/18\/CBMP-HN<\/strong><\/p>\n","protected":false},"excerpt":{"rendered":"<p>SON G\u1ea0O v\u1edbi th\u00e0nh ph\u1ea7n an to\u00e0n t\u1eeb thi\u00ean nhi\u00ean. Son kh\u00f4ng m\u00e0u, m\u1ec1m v\u00e0 \u1ea9m, \u0111\u1eb7c bi\u1ec7t ph\u00f9 h\u1ee3p d\u01b0\u1ee1ng m\u00f4i ban \u0111\u00eam.<\/p>\n<p><strong>S\u1ed1 CBMP: 3515\/18\/CBMP-HN<\/strong><\/p>\n","protected":false},"featured_media":422,"comment_status":"open","ping_status":"closed","template":"","meta":[],"product_brand":[],"product_cat":[23,15],"product_tag":[],"class_list":{"0":"post-421","1":"product","2":"type-product","3":"status-publish","4":"has-post-thumbnail","6":"product_cat-son-duong-moi","7":"product_cat-son-moi","9":"first","10":"instock","11":"shipping-taxable","12":"purchasable","13":"product-type-simple"},"yoast_head":"<!-- This site is optimized with the Yoast SEO plugin v27.6 - https:\/\/yoast.com\/product\/yoast-seo-wordpress\/ -->\n<title>Son d\u01b0\u1ee1ng b\u00e0 B\u1ea7u - Th\u1ef1c Ph\u1ea9m 12<\/title>\n<meta name=\"robots\" content=\"noindex, follow, max-snippet:-1, max-image-preview:large, max-video-preview:-1\" \/>\n<meta property=\"og:locale\" content=\"vi_VN\" \/>\n<meta property=\"og:type\" content=\"article\" \/>\n<meta property=\"og:title\" content=\"Son d\u01b0\u1ee1ng b\u00e0 B\u1ea7u - Th\u1ef1c Ph\u1ea9m 12\" \/>\n<meta property=\"og:description\" content=\"SON G\u1ea0O v\u1edbi th\u00e0nh ph\u1ea7n an to\u00e0n t\u1eeb thi\u00ean nhi\u00ean. Son kh\u00f4ng m\u00e0u, m\u1ec1m v\u00e0 \u1ea9m, \u0111\u1eb7c bi\u1ec7t ph\u00f9 h\u1ee3p d\u01b0\u1ee1ng m\u00f4i ban \u0111\u00eam.  S\u1ed1 CBMP: 3515\/18\/CBMP-HN\" \/>\n<meta property=\"og:url\" content=\"https:\/\/webthucpham12.vidoweb.vn\/?product=son-duong-ba-bau\" \/>\n<meta property=\"og:site_name\" content=\"Th\u1ef1c Ph\u1ea9m 12\" \/>\n<meta property=\"og:image\" content=\"https:\/\/webthucpham12.vidoweb.vn\/wp-content\/uploads\/2020\/06\/son-duong-ba-bau-510x510-1.jpg\" \/>\n\t<meta property=\"og:image:width\" content=\"510\" \/>\n\t<meta property=\"og:image:height\" content=\"510\" \/>\n\t<meta property=\"og:image:type\" content=\"image\/jpeg\" \/>\n<meta name=\"twitter:card\" content=\"summary_large_image\" \/>\n<meta name=\"twitter:label1\" content=\"\u01af\u1edbc t\u00ednh th\u1eddi gian \u0111\u1ecdc\" \/>\n\t<meta name=\"twitter:data1\" content=\"1 ph\u00fat\" \/>\n<script type=\"application\/ld+json\" class=\"yoast-schema-graph\">{\"@context\":\"https:\\\/\\\/schema.org\",\"@graph\":[{\"@type\":\"WebPage\",\"@id\":\"https:\\\/\\\/webthucpham12.vidoweb.vn\\\/?product=son-duong-ba-bau\",\"url\":\"https:\\\/\\\/webthucpham12.vidoweb.vn\\\/?product=son-duong-ba-bau\",\"name\":\"Son d\u01b0\u1ee1ng b\u00e0 B\u1ea7u - Th\u1ef1c Ph\u1ea9m 12\",\"isPartOf\":{\"@id\":\"https:\\\/\\\/webthucpham12.vidoweb.vn\\\/#website\"},\"primaryImageOfPage\":{\"@id\":\"https:\\\/\\\/webthucpham12.vidoweb.vn\\\/?product=son-duong-ba-bau#primaryimage\"},\"image\":{\"@id\":\"https:\\\/\\\/webthucpham12.vidoweb.vn\\\/?product=son-duong-ba-bau#primaryimage\"},\"thumbnailUrl\":\"https:\\\/\\\/webthucpham12.vidoweb.vn\\\/wp-content\\\/uploads\\\/2020\\\/06\\\/son-duong-ba-bau-510x510-1.jpg\",\"datePublished\":\"2020-06-11T14:58:18+00:00\",\"breadcrumb\":{\"@id\":\"https:\\\/\\\/webthucpham12.vidoweb.vn\\\/?product=son-duong-ba-bau#breadcrumb\"},\"inLanguage\":\"vi\",\"potentialAction\":[{\"@type\":\"ReadAction\",\"target\":[\"https:\\\/\\\/webthucpham12.vidoweb.vn\\\/?product=son-duong-ba-bau\"]}]},{\"@type\":\"ImageObject\",\"inLanguage\":\"vi\",\"@id\":\"https:\\\/\\\/webthucpham12.vidoweb.vn\\\/?product=son-duong-ba-bau#primaryimage\",\"url\":\"https:\\\/\\\/webthucpham12.vidoweb.vn\\\/wp-content\\\/uploads\\\/2020\\\/06\\\/son-duong-ba-bau-510x510-1.jpg\",\"contentUrl\":\"https:\\\/\\\/webthucpham12.vidoweb.vn\\\/wp-content\\\/uploads\\\/2020\\\/06\\\/son-duong-ba-bau-510x510-1.jpg\",\"width\":510,\"height\":510},{\"@type\":\"BreadcrumbList\",\"@id\":\"https:\\\/\\\/webthucpham12.vidoweb.vn\\\/?product=son-duong-ba-bau#breadcrumb\",\"itemListElement\":[{\"@type\":\"ListItem\",\"position\":1,\"name\":\"Trang ch\u1ee7\",\"item\":\"https:\\\/\\\/webthucpham12.vidoweb.vn\\\/\"},{\"@type\":\"ListItem\",\"position\":2,\"name\":\"Son d\u01b0\u1ee1ng b\u00e0 B\u1ea7u\"}]},{\"@type\":\"WebSite\",\"@id\":\"https:\\\/\\\/webthucpham12.vidoweb.vn\\\/#website\",\"url\":\"https:\\\/\\\/webthucpham12.vidoweb.vn\\\/\",\"name\":\"Th\u1ef1c Ph\u1ea9m 12\",\"description\":\"\",\"potentialAction\":[{\"@type\":\"SearchAction\",\"target\":{\"@type\":\"EntryPoint\",\"urlTemplate\":\"https:\\\/\\\/webthucpham12.vidoweb.vn\\\/?s={search_term_string}\"},\"query-input\":{\"@type\":\"PropertyValueSpecification\",\"valueRequired\":true,\"valueName\":\"search_term_string\"}}],\"inLanguage\":\"vi\"}]}<\/script>\n<!-- \/ Yoast SEO plugin. -->","yoast_head_json":{"title":"Son d\u01b0\u1ee1ng b\u00e0 B\u1ea7u - Th\u1ef1c Ph\u1ea9m 12","robots":{"index":"noindex","follow":"follow","max-snippet":"max-snippet:-1","max-image-preview":"max-image-preview:large","max-video-preview":"max-video-preview:-1"},"og_locale":"vi_VN","og_type":"article","og_title":"Son d\u01b0\u1ee1ng b\u00e0 B\u1ea7u - Th\u1ef1c Ph\u1ea9m 12","og_description":"SON G\u1ea0O v\u1edbi th\u00e0nh ph\u1ea7n an to\u00e0n t\u1eeb thi\u00ean nhi\u00ean. Son kh\u00f4ng m\u00e0u, m\u1ec1m v\u00e0 \u1ea9m, \u0111\u1eb7c bi\u1ec7t ph\u00f9 h\u1ee3p d\u01b0\u1ee1ng m\u00f4i ban \u0111\u00eam.  S\u1ed1 CBMP: 3515\/18\/CBMP-HN","og_url":"https:\/\/webthucpham12.vidoweb.vn\/?product=son-duong-ba-bau","og_site_name":"Th\u1ef1c Ph\u1ea9m 12","og_image":[{"width":510,"height":510,"url":"https:\/\/webthucpham12.vidoweb.vn\/wp-content\/uploads\/2020\/06\/son-duong-ba-bau-510x510-1.jpg","type":"image\/jpeg"}],"twitter_card":"summary_large_image","twitter_misc":{"\u01af\u1edbc t\u00ednh th\u1eddi gian \u0111\u1ecdc":"1 ph\u00fat"},"schema":{"@context":"https:\/\/schema.org","@graph":[{"@type":"WebPage","@id":"https:\/\/webthucpham12.vidoweb.vn\/?product=son-duong-ba-bau","url":"https:\/\/webthucpham12.vidoweb.vn\/?product=son-duong-ba-bau","name":"Son d\u01b0\u1ee1ng b\u00e0 B\u1ea7u - Th\u1ef1c Ph\u1ea9m 12","isPartOf":{"@id":"https:\/\/webthucpham12.vidoweb.vn\/#website"},"primaryImageOfPage":{"@id":"https:\/\/webthucpham12.vidoweb.vn\/?product=son-duong-ba-bau#primaryimage"},"image":{"@id":"https:\/\/webthucpham12.vidoweb.vn\/?product=son-duong-ba-bau#primaryimage"},"thumbnailUrl":"https:\/\/webthucpham12.vidoweb.vn\/wp-content\/uploads\/2020\/06\/son-duong-ba-bau-510x510-1.jpg","datePublished":"2020-06-11T14:58:18+00:00","breadcrumb":{"@id":"https:\/\/webthucpham12.vidoweb.vn\/?product=son-duong-ba-bau#breadcrumb"},"inLanguage":"vi","potentialAction":[{"@type":"ReadAction","target":["https:\/\/webthucpham12.vidoweb.vn\/?product=son-duong-ba-bau"]}]},{"@type":"ImageObject","inLanguage":"vi","@id":"https:\/\/webthucpham12.vidoweb.vn\/?product=son-duong-ba-bau#primaryimage","url":"https:\/\/webthucpham12.vidoweb.vn\/wp-content\/uploads\/2020\/06\/son-duong-ba-bau-510x510-1.jpg","contentUrl":"https:\/\/webthucpham12.vidoweb.vn\/wp-content\/uploads\/2020\/06\/son-duong-ba-bau-510x510-1.jpg","width":510,"height":510},{"@type":"BreadcrumbList","@id":"https:\/\/webthucpham12.vidoweb.vn\/?product=son-duong-ba-bau#breadcrumb","itemListElement":[{"@type":"ListItem","position":1,"name":"Trang ch\u1ee7","item":"https:\/\/webthucpham12.vidoweb.vn\/"},{"@type":"ListItem","position":2,"name":"Son d\u01b0\u1ee1ng b\u00e0 B\u1ea7u"}]},{"@type":"WebSite","@id":"https:\/\/webthucpham12.vidoweb.vn\/#website","url":"https:\/\/webthucpham12.vidoweb.vn\/","name":"Th\u1ef1c Ph\u1ea9m 12","description":"","potentialAction":[{"@type":"SearchAction","target":{"@type":"EntryPoint","urlTemplate":"https:\/\/webthucpham12.vidoweb.vn\/?s={search_term_string}"},"query-input":{"@type":"PropertyValueSpecification","valueRequired":true,"valueName":"search_term_string"}}],"inLanguage":"vi"}]}},"_links":{"self":[{"href":"https:\/\/webthucpham12.vidoweb.vn\/index.php?rest_route=\/wp\/v2\/product\/421","targetHints":{"allow":["GET"]}}],"collection":[{"href":"https:\/\/webthucpham12.vidoweb.vn\/index.php?rest_route=\/wp\/v2\/product"}],"about":[{"href":"https:\/\/webthucpham12.vidoweb.vn\/index.php?rest_route=\/wp\/v2\/types\/product"}],"replies":[{"embeddable":true,"href":"https:\/\/webthucpham12.vidoweb.vn\/index.php?rest_route=%2Fwp%2Fv2%2Fcomments&post=421"}],"wp:featuredmedia":[{"embeddable":true,"href":"https:\/\/webthucpham12.vidoweb.vn\/index.php?rest_route=\/wp\/v2\/media\/422"}],"wp:attachment":[{"href":"https:\/\/webthucpham12.vidoweb.vn\/index.php?rest_route=%2Fwp%2Fv2%2Fmedia&parent=421"}],"wp:term":[{"taxonomy":"product_brand","embeddable":true,"href":"https:\/\/webthucpham12.vidoweb.vn\/index.php?rest_route=%2Fwp%2Fv2%2Fproduct_brand&post=421"},{"taxonomy":"product_cat","embeddable":true,"href":"https:\/\/webthucpham12.vidoweb.vn\/index.php?rest_route=%2Fwp%2Fv2%2Fproduct_cat&post=421"},{"taxonomy":"product_tag","embeddable":true,"href":"https:\/\/webthucpham12.vidoweb.vn\/index.php?rest_route=%2Fwp%2Fv2%2Fproduct_tag&post=421"}],"curies":[{"name":"wp","href":"https:\/\/api.w.org\/{rel}","templated":true}]}}