{"id":425,"date":"2020-06-11T22:00:00","date_gmt":"2020-06-11T15:00:00","guid":{"rendered":"http:\/\/thucphamchucnang6.muathemedep.vn\/?post_type=product&#038;p=425"},"modified":"2020-06-11T22:00:00","modified_gmt":"2020-06-11T15:00:00","slug":"son-moi-ba-bau","status":"publish","type":"product","link":"https:\/\/webthucpham12.vidoweb.vn\/?product=son-moi-ba-bau","title":{"rendered":"Son m\u00f4i b\u00e0 B\u1ea7u"},"content":{"rendered":"<p>Mua 1 th\u1ecfi son r\u1ea5t d\u1ec5, nh\u01b0ng ch\u1ecdn \u0111\u01b0\u1ee3c 1 th\u1ecfi son m\u00f4i AN TO\u00c0N v\u00e0 H\u1eeeU D\u1ee4NG th\u00ec r\u1ea5t kh\u00f3, \u0111\u1eb7c bi\u1ec7t l\u00e0 trong thai k\u1ef3.<\/p>\n<p>Khi mang thai,\u00a0b\u1ea1n c\u00f3 th\u1ec3 gi\u1ea3n l\u01b0\u1ee3c c\u00e1c s\u1ea3n ph\u1ea9m trang \u0111i\u1ec3m \u0111\u1ec3 h\u1ea1n ch\u1ebf h\u00f3a ch\u1ea5t, nh\u01b0ng son m\u00f4i v\u1eabn l\u00e0 kh\u00f4ng th\u1ec3 thi\u1ebfu b\u1edfi m\u1ed9t th\u1ecfi son trang \u0111i\u1ec3m nh\u1eb9 s\u1ebd gi\u00fap m\u1eb9 b\u1ea7u t\u01b0\u01a1i t\u1eafn ph\u1ea5n ch\u1ea5n h\u01a1n.<\/p>\n<p>V\u00ec v\u1eady, b\u1ea1n\u00a0n\u00ean ch\u1ecdn cho m\u00ecnh th\u1ecfi son an to\u00e0n \u0111\u1ec3 c\u00f3 m\u1ed9t thai k\u1ef3 kh\u1ecfe m\u1ea1nh.<\/p>\n<p><strong>D\u01b0\u1edbi g\u00f3c \u0111\u1ed9 m\u1ed9t d\u01b0\u1ee3c s\u0129 chuy\u00ean ng\u00e0nh, C\u1ecf m\u1ec1m chia s\u1ebb 4 ti\u00eau ch\u00ed ch\u1ecdn son m\u00f4i t\u1ed1t d\u00e0nh cho m\u1eb9 b\u1ea7u:<\/strong><\/p>\n<ul>\n<li>Th\u00e0nh ph\u1ea7n d\u01b0\u1ee1ng \u1ea9m: kh\u00f4ng n\u00ean d\u00f9ng son ch\u1ee9a c\u00e1c ch\u1ea5t t\u1eeb d\u1ea7u m\u1ecf nh\u01b0 Vaselin, Petrolatum m\u00e0 l\u1ef1a ch\u1ecdn th\u00e0nh ph\u1ea7n t\u1eeb thi\u00ean nhi\u00ean, l\u00e0nh t\u00ednh nh\u01b0 c\u00e1c lo\u1ea1i d\u1ea7u, s\u00e1p th\u1ef1c v\u1eadt: s\u00e1p ong, d\u1ea7u h\u1ea1nh nh\u00e2n, b\u01a1 h\u1ea1t m\u1ee1\u2026<\/li>\n<li>Kim lo\u1ea1i: Ch\u00ec v\u00e0 c\u00e1c Kim lo\u1ea1i n\u1eb7ng kh\u00e1c nh\u01b0 Th\u1ee7y ng\u00e2n, Asen\u2026 l\u00e0 m\u1ed1i nguy hi\u1ec3m cho s\u1ee9c kh\u1ecfe n\u00ean tuy\u1ec7t \u0111\u1ed1i kh\u00f4ng d\u00f9ng nh\u1eefng ch\u1ebf ph\u1ea9m ch\u01b0a \u0111\u01b0\u1ee3c ki\u1ec3m nghi\u1ec7m ho\u1eb7c c\u00f3 ch\u1ee9a d\u00f9 l\u00e0 t\u1ef7 l\u1ec7 nh\u1ecf c\u00e1c ch\u1ea5t n\u00e0y.<\/li>\n<li>Kh\u00f4ng ch\u1ee9a ch\u1ea5t b\u1ea3o qu\u1ea3n, h\u01b0\u01a1ng li\u1ec7u h\u00f3a h\u1ecdc v\u00e0 m\u00e0u t\u1ed5ng h\u1ee3p kh\u00f4ng an to\u00e0n.<\/li>\n<li>\u0110\u1eb7c bi\u1ec7t, m\u1ed9t c\u00e2y son t\u1ed1t c\u00f2n c\u1ea7n ch\u1ee9a \u0111\u1ed9 d\u01b0\u1ee1ng \u1ea9m c\u0169ng nh\u01b0 kh\u1ea3 n\u0103ng b\u00e1m m\u00e0u h\u1ee3p l\u00fd \u0111\u1ec3 \u0111\u00f4i m\u00f4i lu\u00f4n m\u1ec1m m\u1ea1i t\u01b0\u01a1i t\u1eafn.<\/li>\n<\/ul>\n<p><strong>\u1ede C\u1ecf m\u1ec1m HomeLab c\u00f3 nh\u1eefng th\u1ecfi son \u0111\u1ea1t 4 ti\u00eau ch\u00ed tr\u00ean gi\u00fap m\u1eb9 b\u1ea7u lu\u00f4n an t\u00e2m v\u00e0 xinh \u0111\u1eb9p nh\u00e9:<\/strong><\/p>\n<ul>\n<li>Son L\u1ee5a KH\u00d4NG CH\u00cc ki\u1ec3m nghi\u1ec7m t\u1ea1i Vi\u1ec7n Ki\u1ec3m nghi\u1ec7m Thu\u1ed1c Trung \u01af\u01a1ng<\/li>\n<li>Th\u00e0nh ph\u1ea7n thi\u00ean nhi\u00ean, m\u00e0u kho\u00e1ng \u0111\u1ea1t ti\u00eau chu\u1ea9n FDA M\u1ef9, m\u1ec1m m\u1ecbn, l\u00e2u tr\u00f4i.<\/li>\n<li>Kh\u00f4ng ch\u1ea5t b\u1ea3o qu\u1ea3n. Kh\u00f4ng h\u01b0\u01a1ng li\u1ec7u. S\u1ea3n xu\u1ea5t trong ph\u00f2ng th\u00ed nghi\u1ec7m n\u00ean an to\u00e0n cho m\u1eb9 b\u1ea7u v\u00e0 m\u00f4i nh\u1ea1y c\u1ea3m.<\/li>\n<li>V\u1edbi 7 m\u00e0u t\u1eeb d\u1ecbu d\u00e0ng \u0111\u1ebfn r\u1ef1c r\u1ee1, d\u01b0\u1ee1ng \u1ea9m, l\u00e2u phai.<\/li>\n<\/ul>\n<p><strong>Th\u00e0nh ph\u1ea7n:<\/strong>\u00a0D\u1ea7u h\u1ea1nh nh\u00e2n, D\u1ea7u qu\u1ea3 b\u01a1, S\u00e1p ong, M\u00e0u kho\u00e1ng thi\u00ean nhi\u00ean, Tinh d\u1ea7u cam ng\u1ecdt,\u2026<\/p>\n<p><strong>S\u1ed1 CBMP: 3514\/18\/CBMP-HN<\/strong><\/p>\n","protected":false},"excerpt":{"rendered":"<p>Son L\u1ee5a kh\u00f4ng CH\u00cc C\u1ecf M\u1ec1m v\u1edbi th\u00e0nh ph\u1ea7n l\u00e0 c\u00e1c nguy\u00ean li\u1ec7u t\u1eeb thi\u00ean nhi\u00ean, h\u01b0\u01a1ng th\u01a1m nh\u1eb9 nh\u00e0ng t\u1eeb tinh d\u1ea7u, kh\u00f4ng Ch\u00ec, kh\u00f4ng ch\u1ea5t b\u1ea3o qu\u1ea3n v\u00e0 an to\u00e0n. Th\u1ecfi\u00a0son gi\u00fap b\u00e0 B\u1ea7u v\u1eeba xinh \u0111\u1eb9p m\u00e0 v\u1eabn \u0111\u1ea3m b\u1ea3o an to\u00e0n cho b\u00e9.<\/p>\n<p><strong>S\u1ed1 CBMP: 3514\/18\/CBMP-HN<\/strong><\/p>\n","protected":false},"featured_media":427,"comment_status":"open","ping_status":"closed","template":"","meta":[],"product_brand":[],"product_cat":[24,15],"product_tag":[],"class_list":{"0":"post-425","1":"product","2":"type-product","3":"status-publish","4":"has-post-thumbnail","6":"product_cat-son-mau-khong-chi","7":"product_cat-son-moi","9":"first","10":"instock","11":"shipping-taxable","12":"purchasable","13":"product-type-simple"},"yoast_head":"<!-- This site is optimized with the Yoast SEO plugin v27.6 - https:\/\/yoast.com\/product\/yoast-seo-wordpress\/ -->\n<title>Son m\u00f4i b\u00e0 B\u1ea7u - Th\u1ef1c Ph\u1ea9m 12<\/title>\n<meta name=\"robots\" content=\"noindex, follow, max-snippet:-1, max-image-preview:large, max-video-preview:-1\" \/>\n<meta property=\"og:locale\" content=\"vi_VN\" \/>\n<meta property=\"og:type\" content=\"article\" \/>\n<meta property=\"og:title\" content=\"Son m\u00f4i b\u00e0 B\u1ea7u - Th\u1ef1c Ph\u1ea9m 12\" \/>\n<meta property=\"og:description\" content=\"Son L\u1ee5a kh\u00f4ng CH\u00cc C\u1ecf M\u1ec1m v\u1edbi th\u00e0nh ph\u1ea7n l\u00e0 c\u00e1c nguy\u00ean li\u1ec7u t\u1eeb thi\u00ean nhi\u00ean, h\u01b0\u01a1ng th\u01a1m nh\u1eb9 nh\u00e0ng t\u1eeb tinh d\u1ea7u, kh\u00f4ng Ch\u00ec, kh\u00f4ng ch\u1ea5t b\u1ea3o qu\u1ea3n v\u00e0 an to\u00e0n. Th\u1ecfi\u00a0son gi\u00fap b\u00e0 B\u1ea7u v\u1eeba xinh \u0111\u1eb9p m\u00e0 v\u1eabn \u0111\u1ea3m b\u1ea3o an to\u00e0n cho b\u00e9.  S\u1ed1 CBMP: 3514\/18\/CBMP-HN\" \/>\n<meta property=\"og:url\" content=\"https:\/\/webthucpham12.vidoweb.vn\/?product=son-moi-ba-bau\" \/>\n<meta property=\"og:site_name\" content=\"Th\u1ef1c Ph\u1ea9m 12\" \/>\n<meta property=\"og:image\" content=\"https:\/\/webthucpham12.vidoweb.vn\/wp-content\/uploads\/2020\/06\/son-ba-bau-1-510x510-1.jpg\" \/>\n\t<meta property=\"og:image:width\" content=\"510\" \/>\n\t<meta property=\"og:image:height\" content=\"510\" \/>\n\t<meta property=\"og:image:type\" content=\"image\/jpeg\" \/>\n<meta name=\"twitter:card\" content=\"summary_large_image\" \/>\n<meta name=\"twitter:label1\" content=\"\u01af\u1edbc t\u00ednh th\u1eddi gian \u0111\u1ecdc\" \/>\n\t<meta name=\"twitter:data1\" content=\"3 ph\u00fat\" \/>\n<script type=\"application\/ld+json\" class=\"yoast-schema-graph\">{\"@context\":\"https:\\\/\\\/schema.org\",\"@graph\":[{\"@type\":\"WebPage\",\"@id\":\"https:\\\/\\\/webthucpham12.vidoweb.vn\\\/?product=son-moi-ba-bau\",\"url\":\"https:\\\/\\\/webthucpham12.vidoweb.vn\\\/?product=son-moi-ba-bau\",\"name\":\"Son m\u00f4i b\u00e0 B\u1ea7u - Th\u1ef1c Ph\u1ea9m 12\",\"isPartOf\":{\"@id\":\"https:\\\/\\\/webthucpham12.vidoweb.vn\\\/#website\"},\"primaryImageOfPage\":{\"@id\":\"https:\\\/\\\/webthucpham12.vidoweb.vn\\\/?product=son-moi-ba-bau#primaryimage\"},\"image\":{\"@id\":\"https:\\\/\\\/webthucpham12.vidoweb.vn\\\/?product=son-moi-ba-bau#primaryimage\"},\"thumbnailUrl\":\"https:\\\/\\\/webthucpham12.vidoweb.vn\\\/wp-content\\\/uploads\\\/2020\\\/06\\\/son-ba-bau-1-510x510-1.jpg\",\"datePublished\":\"2020-06-11T15:00:00+00:00\",\"breadcrumb\":{\"@id\":\"https:\\\/\\\/webthucpham12.vidoweb.vn\\\/?product=son-moi-ba-bau#breadcrumb\"},\"inLanguage\":\"vi\",\"potentialAction\":[{\"@type\":\"ReadAction\",\"target\":[\"https:\\\/\\\/webthucpham12.vidoweb.vn\\\/?product=son-moi-ba-bau\"]}]},{\"@type\":\"ImageObject\",\"inLanguage\":\"vi\",\"@id\":\"https:\\\/\\\/webthucpham12.vidoweb.vn\\\/?product=son-moi-ba-bau#primaryimage\",\"url\":\"https:\\\/\\\/webthucpham12.vidoweb.vn\\\/wp-content\\\/uploads\\\/2020\\\/06\\\/son-ba-bau-1-510x510-1.jpg\",\"contentUrl\":\"https:\\\/\\\/webthucpham12.vidoweb.vn\\\/wp-content\\\/uploads\\\/2020\\\/06\\\/son-ba-bau-1-510x510-1.jpg\",\"width\":510,\"height\":510},{\"@type\":\"BreadcrumbList\",\"@id\":\"https:\\\/\\\/webthucpham12.vidoweb.vn\\\/?product=son-moi-ba-bau#breadcrumb\",\"itemListElement\":[{\"@type\":\"ListItem\",\"position\":1,\"name\":\"Trang ch\u1ee7\",\"item\":\"https:\\\/\\\/webthucpham12.vidoweb.vn\\\/\"},{\"@type\":\"ListItem\",\"position\":2,\"name\":\"Son m\u00f4i b\u00e0 B\u1ea7u\"}]},{\"@type\":\"WebSite\",\"@id\":\"https:\\\/\\\/webthucpham12.vidoweb.vn\\\/#website\",\"url\":\"https:\\\/\\\/webthucpham12.vidoweb.vn\\\/\",\"name\":\"Th\u1ef1c Ph\u1ea9m 12\",\"description\":\"\",\"potentialAction\":[{\"@type\":\"SearchAction\",\"target\":{\"@type\":\"EntryPoint\",\"urlTemplate\":\"https:\\\/\\\/webthucpham12.vidoweb.vn\\\/?s={search_term_string}\"},\"query-input\":{\"@type\":\"PropertyValueSpecification\",\"valueRequired\":true,\"valueName\":\"search_term_string\"}}],\"inLanguage\":\"vi\"}]}<\/script>\n<!-- \/ Yoast SEO plugin. -->","yoast_head_json":{"title":"Son m\u00f4i b\u00e0 B\u1ea7u - Th\u1ef1c Ph\u1ea9m 12","robots":{"index":"noindex","follow":"follow","max-snippet":"max-snippet:-1","max-image-preview":"max-image-preview:large","max-video-preview":"max-video-preview:-1"},"og_locale":"vi_VN","og_type":"article","og_title":"Son m\u00f4i b\u00e0 B\u1ea7u - Th\u1ef1c Ph\u1ea9m 12","og_description":"Son L\u1ee5a kh\u00f4ng CH\u00cc C\u1ecf M\u1ec1m v\u1edbi th\u00e0nh ph\u1ea7n l\u00e0 c\u00e1c nguy\u00ean li\u1ec7u t\u1eeb thi\u00ean nhi\u00ean, h\u01b0\u01a1ng th\u01a1m nh\u1eb9 nh\u00e0ng t\u1eeb tinh d\u1ea7u, kh\u00f4ng Ch\u00ec, kh\u00f4ng ch\u1ea5t b\u1ea3o qu\u1ea3n v\u00e0 an to\u00e0n. Th\u1ecfi\u00a0son gi\u00fap b\u00e0 B\u1ea7u v\u1eeba xinh \u0111\u1eb9p m\u00e0 v\u1eabn \u0111\u1ea3m b\u1ea3o an to\u00e0n cho b\u00e9.  S\u1ed1 CBMP: 3514\/18\/CBMP-HN","og_url":"https:\/\/webthucpham12.vidoweb.vn\/?product=son-moi-ba-bau","og_site_name":"Th\u1ef1c Ph\u1ea9m 12","og_image":[{"width":510,"height":510,"url":"https:\/\/webthucpham12.vidoweb.vn\/wp-content\/uploads\/2020\/06\/son-ba-bau-1-510x510-1.jpg","type":"image\/jpeg"}],"twitter_card":"summary_large_image","twitter_misc":{"\u01af\u1edbc t\u00ednh th\u1eddi gian \u0111\u1ecdc":"3 ph\u00fat"},"schema":{"@context":"https:\/\/schema.org","@graph":[{"@type":"WebPage","@id":"https:\/\/webthucpham12.vidoweb.vn\/?product=son-moi-ba-bau","url":"https:\/\/webthucpham12.vidoweb.vn\/?product=son-moi-ba-bau","name":"Son m\u00f4i b\u00e0 B\u1ea7u - Th\u1ef1c Ph\u1ea9m 12","isPartOf":{"@id":"https:\/\/webthucpham12.vidoweb.vn\/#website"},"primaryImageOfPage":{"@id":"https:\/\/webthucpham12.vidoweb.vn\/?product=son-moi-ba-bau#primaryimage"},"image":{"@id":"https:\/\/webthucpham12.vidoweb.vn\/?product=son-moi-ba-bau#primaryimage"},"thumbnailUrl":"https:\/\/webthucpham12.vidoweb.vn\/wp-content\/uploads\/2020\/06\/son-ba-bau-1-510x510-1.jpg","datePublished":"2020-06-11T15:00:00+00:00","breadcrumb":{"@id":"https:\/\/webthucpham12.vidoweb.vn\/?product=son-moi-ba-bau#breadcrumb"},"inLanguage":"vi","potentialAction":[{"@type":"ReadAction","target":["https:\/\/webthucpham12.vidoweb.vn\/?product=son-moi-ba-bau"]}]},{"@type":"ImageObject","inLanguage":"vi","@id":"https:\/\/webthucpham12.vidoweb.vn\/?product=son-moi-ba-bau#primaryimage","url":"https:\/\/webthucpham12.vidoweb.vn\/wp-content\/uploads\/2020\/06\/son-ba-bau-1-510x510-1.jpg","contentUrl":"https:\/\/webthucpham12.vidoweb.vn\/wp-content\/uploads\/2020\/06\/son-ba-bau-1-510x510-1.jpg","width":510,"height":510},{"@type":"BreadcrumbList","@id":"https:\/\/webthucpham12.vidoweb.vn\/?product=son-moi-ba-bau#breadcrumb","itemListElement":[{"@type":"ListItem","position":1,"name":"Trang ch\u1ee7","item":"https:\/\/webthucpham12.vidoweb.vn\/"},{"@type":"ListItem","position":2,"name":"Son m\u00f4i b\u00e0 B\u1ea7u"}]},{"@type":"WebSite","@id":"https:\/\/webthucpham12.vidoweb.vn\/#website","url":"https:\/\/webthucpham12.vidoweb.vn\/","name":"Th\u1ef1c Ph\u1ea9m 12","description":"","potentialAction":[{"@type":"SearchAction","target":{"@type":"EntryPoint","urlTemplate":"https:\/\/webthucpham12.vidoweb.vn\/?s={search_term_string}"},"query-input":{"@type":"PropertyValueSpecification","valueRequired":true,"valueName":"search_term_string"}}],"inLanguage":"vi"}]}},"_links":{"self":[{"href":"https:\/\/webthucpham12.vidoweb.vn\/index.php?rest_route=\/wp\/v2\/product\/425","targetHints":{"allow":["GET"]}}],"collection":[{"href":"https:\/\/webthucpham12.vidoweb.vn\/index.php?rest_route=\/wp\/v2\/product"}],"about":[{"href":"https:\/\/webthucpham12.vidoweb.vn\/index.php?rest_route=\/wp\/v2\/types\/product"}],"replies":[{"embeddable":true,"href":"https:\/\/webthucpham12.vidoweb.vn\/index.php?rest_route=%2Fwp%2Fv2%2Fcomments&post=425"}],"wp:featuredmedia":[{"embeddable":true,"href":"https:\/\/webthucpham12.vidoweb.vn\/index.php?rest_route=\/wp\/v2\/media\/427"}],"wp:attachment":[{"href":"https:\/\/webthucpham12.vidoweb.vn\/index.php?rest_route=%2Fwp%2Fv2%2Fmedia&parent=425"}],"wp:term":[{"taxonomy":"product_brand","embeddable":true,"href":"https:\/\/webthucpham12.vidoweb.vn\/index.php?rest_route=%2Fwp%2Fv2%2Fproduct_brand&post=425"},{"taxonomy":"product_cat","embeddable":true,"href":"https:\/\/webthucpham12.vidoweb.vn\/index.php?rest_route=%2Fwp%2Fv2%2Fproduct_cat&post=425"},{"taxonomy":"product_tag","embeddable":true,"href":"https:\/\/webthucpham12.vidoweb.vn\/index.php?rest_route=%2Fwp%2Fv2%2Fproduct_tag&post=425"}],"curies":[{"name":"wp","href":"https:\/\/api.w.org\/{rel}","templated":true}]}}