{"id":434,"date":"2020-06-11T22:05:59","date_gmt":"2020-06-11T15:05:59","guid":{"rendered":"http:\/\/thucphamchucnang6.muathemedep.vn\/?post_type=product&#038;p=434"},"modified":"2020-06-11T22:05:59","modified_gmt":"2020-06-11T15:05:59","slug":"tay-da-chet-moi-lip-scrub-duong-nau","status":"publish","type":"product","link":"https:\/\/webthucpham12.vidoweb.vn\/?product=tay-da-chet-moi-lip-scrub-duong-nau","title":{"rendered":"T\u1ea9y da ch\u1ebft m\u00f4i Lip Scrub \u0110\u01b0\u1eddng N\u00e2u"},"content":{"rendered":"<p><strong>T\u1ea9y da ch\u1ebft cho m\u00f4i \u2013 B\u01b0\u1edbc ch\u0103m s\u00f3c hay b\u1ecb b\u1ecf qu\u00ean<\/strong><\/p>\n<p>Lip Scrub \u0110\u01b0\u1eddng N\u00e2u ch\u1ee9a th\u00e0nh ph\u1ea7n thi\u00ean nhi\u00ean an to\u00e0n. Nh\u1eefng h\u1ea1t \u0111\u01b0\u1eddng m\u00eda Bi\u00ean Ho\u00e0 kh\u00f4ng t\u1ea9y tr\u1eafng v\u00e0 C\u00e0 ph\u00ea T\u00e2y Nguy\u00ean r\u00e2y m\u1ecbn gi\u00fap nh\u1eb9 nh\u00e0ng l\u1ea5y \u0111i l\u1edbp da ch\u1ebft tr\u00ean m\u00f4i. Ngay sau khi lo\u1ea1i b\u1ecf l\u1edbp t\u1ebf b\u00e0o s\u1eebng n\u00e0y, D\u1ea7u c\u00e1m g\u1ea1o, D\u1ea7u g\u1ea5c, B\u01a1 h\u1ea1t m\u1ee1 v\u1edbi vitamin A, Vitamin nh\u00f3m B, acid b\u00e9o v\u00e0 ch\u1ea5t ng\u1eeba oxy ho\u00e1 k\u00e8m theo s\u1ebd gi\u00fap m\u00f4i kh\u00f4ng kh\u00f4 r\u00e1t, ph\u00e1t huy vai tr\u00f2 nu\u00f4i d\u01b0\u1ee1ng da m\u00f4i hi\u1ec7u qu\u1ea3. Lip Scub \u0110\u01b0\u1eddng N\u00e2u kh\u00f4ng ch\u1ee9a h\u1ea1t vi nh\u1ef1a v\u00e0 g\u00e2y h\u1ea1i m\u00f4i tr\u01b0\u1eddng nh\u01b0 c\u00e1c s\u1ea3n ph\u1ea9m t\u1ea9y da ch\u1ebft th\u00f4ng th\u01b0\u1eddng.<\/p>\n<p>C\u00f9ng v\u1edbi SON L\u1ee4A v\u00e0 SON G\u1ea0O an to\u00e0n \u0111\u00e3 \u0111\u01b0\u1ee3c h\u00e0ng tr\u0103m ngh\u00ecn ch\u1ecb em tin d\u00f9ng, nay C\u1ece M\u1ec0M HOMELAB ra m\u1eaft Lip Scrub \u0110\u01b0\u1eddng N\u00e2u ho\u00e0n thi\u1ec7n b\u1ed9 s\u1ea3n ph\u1ea9m d\u00e0nh cho m\u00f4i gi\u00fap c\u00e1c n\u00e0ng ch\u0103m s\u00f3c \u0111\u00f4i m\u00f4i m\u1ec1m m\u1ecbn c\u0103ng m\u1ecdng v\u00e0 h\u1ed3ng h\u00e0o.<\/p>\n<p>C\u00e1ch d\u00f9ng r\u1ea5t \u0111\u01a1n gi\u1ea3n v\u00e0 th\u00e2n thi\u1ec7n: l\u00e0m \u01b0\u1edbt m\u00f4i b\u1eb1ng n\u01b0\u1edbc \u1ea5m, l\u1ea5y m\u1ed9t l\u01b0\u1ee3ng b\u1eb1ng \u201ch\u1ea1t \u0111\u1ed7\u201d \u0110\u01b0\u1eddng N\u00e2u thoa l\u00ean m\u00f4i \u01b0\u1edbt, d\u00f9ng ng\u00f3n tay massage nh\u1eb9 nh\u00e0ng theo t\u1eebng v\u00f2ng tr\u00f2n nh\u1ecf kho\u1ea3ng 1-2 ph\u00fat, t\u1eadp trung nh\u1eefng v\u00f9ng s\u1ea7n s\u00f9i bong n\u1ebb, r\u1eeda s\u1ea1ch l\u1ea1i b\u1eb1ng n\u01b0\u1edbc, th\u1ea5m kh\u00f4 r\u1ed3i b\u00f4i son d\u01b0\u1ee1ng G\u1ea1o.<\/p>\n<p>T\u1ea9y da ch\u1ebft m\u00f4i \u0110\u01b0\u1eddng n\u00e2u n\u00ean \u0111\u01b0\u1ee3c d\u00f9ng 1-2 l\u1ea7n\/tu\u1ea7n ho\u1eb7c d\u00f9ng ngay khi b\u1ea1n c\u1ea7n chu\u1ea9n b\u1ecb m\u1ed9t \u0111\u00f4i m\u00f4i c\u0103ng m\u1ecdng h\u1ea5p d\u1eabn cho m\u1ed9t s\u1ef1 ki\u1ec7n quan tr\u1ecdng hay tr\u01b0\u1edbc m\u1ed9t bu\u1ed5i h\u1eb9n h\u00f2.<\/p>\n<p><strong>Th\u00e0nh ph\u1ea7n<\/strong>: B\u01a1 shea, \u0110\u01b0\u1eddng m\u00eda, B\u1ed9t cafe, D\u1ea7u c\u00e1m g\u1ea1o, D\u1ea7u g\u1ea5c,\u2026<\/p>\n","protected":false},"excerpt":{"rendered":"<p>C\u00f9ng v\u1edbi SON L\u1ee4A v\u00e0 SON G\u1ea0O c\u1ef1c an to\u00e0n, Lip Scrub \u0110\u01b0\u1eddng N\u00e2u ho\u00e0n thi\u1ec7n b\u1ed9 s\u1ea3n ph\u1ea9m d\u00e0nh cho m\u00f4i gi\u00fap c\u00e1c n\u00e0ng ch\u0103m s\u00f3c \u0111\u00f4i m\u00f4i m\u1ec1m m\u1ecbn c\u0103ng m\u1ecdng v\u00e0 h\u1ed3ng h\u00e0o.<\/p>\n","protected":false},"featured_media":436,"comment_status":"open","ping_status":"closed","template":"","meta":[],"product_brand":[],"product_cat":[24,15],"product_tag":[],"class_list":{"0":"post-434","1":"product","2":"type-product","3":"status-publish","4":"has-post-thumbnail","6":"product_cat-son-mau-khong-chi","7":"product_cat-son-moi","9":"first","10":"instock","11":"shipping-taxable","12":"purchasable","13":"product-type-simple"},"yoast_head":"<!-- This site is optimized with the Yoast SEO plugin v27.6 - https:\/\/yoast.com\/product\/yoast-seo-wordpress\/ -->\n<title>T\u1ea9y da ch\u1ebft m\u00f4i Lip Scrub \u0110\u01b0\u1eddng N\u00e2u - Th\u1ef1c Ph\u1ea9m 12<\/title>\n<meta name=\"robots\" content=\"noindex, follow, max-snippet:-1, max-image-preview:large, max-video-preview:-1\" \/>\n<meta property=\"og:locale\" content=\"vi_VN\" \/>\n<meta property=\"og:type\" content=\"article\" \/>\n<meta property=\"og:title\" content=\"T\u1ea9y da ch\u1ebft m\u00f4i Lip Scrub \u0110\u01b0\u1eddng N\u00e2u - Th\u1ef1c Ph\u1ea9m 12\" \/>\n<meta property=\"og:description\" content=\"C\u00f9ng v\u1edbi SON L\u1ee4A v\u00e0 SON G\u1ea0O c\u1ef1c an to\u00e0n, Lip Scrub \u0110\u01b0\u1eddng N\u00e2u ho\u00e0n thi\u1ec7n b\u1ed9 s\u1ea3n ph\u1ea9m d\u00e0nh cho m\u00f4i gi\u00fap c\u00e1c n\u00e0ng ch\u0103m s\u00f3c \u0111\u00f4i m\u00f4i m\u1ec1m m\u1ecbn c\u0103ng m\u1ecdng v\u00e0 h\u1ed3ng h\u00e0o.\" \/>\n<meta property=\"og:url\" content=\"https:\/\/webthucpham12.vidoweb.vn\/?product=tay-da-chet-moi-lip-scrub-duong-nau\" \/>\n<meta property=\"og:site_name\" content=\"Th\u1ef1c Ph\u1ea9m 12\" \/>\n<meta property=\"og:image\" content=\"https:\/\/webthucpham12.vidoweb.vn\/wp-content\/uploads\/2020\/06\/trans_trans_untitled-1-510x510-1.jpg\" \/>\n\t<meta property=\"og:image:width\" content=\"510\" \/>\n\t<meta property=\"og:image:height\" content=\"510\" \/>\n\t<meta property=\"og:image:type\" content=\"image\/jpeg\" \/>\n<meta name=\"twitter:card\" content=\"summary_large_image\" \/>\n<meta name=\"twitter:label1\" content=\"\u01af\u1edbc t\u00ednh th\u1eddi gian \u0111\u1ecdc\" \/>\n\t<meta name=\"twitter:data1\" content=\"2 ph\u00fat\" \/>\n<script type=\"application\/ld+json\" class=\"yoast-schema-graph\">{\"@context\":\"https:\\\/\\\/schema.org\",\"@graph\":[{\"@type\":\"WebPage\",\"@id\":\"https:\\\/\\\/webthucpham12.vidoweb.vn\\\/?product=tay-da-chet-moi-lip-scrub-duong-nau\",\"url\":\"https:\\\/\\\/webthucpham12.vidoweb.vn\\\/?product=tay-da-chet-moi-lip-scrub-duong-nau\",\"name\":\"T\u1ea9y da ch\u1ebft m\u00f4i Lip Scrub \u0110\u01b0\u1eddng N\u00e2u - Th\u1ef1c Ph\u1ea9m 12\",\"isPartOf\":{\"@id\":\"https:\\\/\\\/webthucpham12.vidoweb.vn\\\/#website\"},\"primaryImageOfPage\":{\"@id\":\"https:\\\/\\\/webthucpham12.vidoweb.vn\\\/?product=tay-da-chet-moi-lip-scrub-duong-nau#primaryimage\"},\"image\":{\"@id\":\"https:\\\/\\\/webthucpham12.vidoweb.vn\\\/?product=tay-da-chet-moi-lip-scrub-duong-nau#primaryimage\"},\"thumbnailUrl\":\"https:\\\/\\\/webthucpham12.vidoweb.vn\\\/wp-content\\\/uploads\\\/2020\\\/06\\\/trans_trans_untitled-1-510x510-1.jpg\",\"datePublished\":\"2020-06-11T15:05:59+00:00\",\"breadcrumb\":{\"@id\":\"https:\\\/\\\/webthucpham12.vidoweb.vn\\\/?product=tay-da-chet-moi-lip-scrub-duong-nau#breadcrumb\"},\"inLanguage\":\"vi\",\"potentialAction\":[{\"@type\":\"ReadAction\",\"target\":[\"https:\\\/\\\/webthucpham12.vidoweb.vn\\\/?product=tay-da-chet-moi-lip-scrub-duong-nau\"]}]},{\"@type\":\"ImageObject\",\"inLanguage\":\"vi\",\"@id\":\"https:\\\/\\\/webthucpham12.vidoweb.vn\\\/?product=tay-da-chet-moi-lip-scrub-duong-nau#primaryimage\",\"url\":\"https:\\\/\\\/webthucpham12.vidoweb.vn\\\/wp-content\\\/uploads\\\/2020\\\/06\\\/trans_trans_untitled-1-510x510-1.jpg\",\"contentUrl\":\"https:\\\/\\\/webthucpham12.vidoweb.vn\\\/wp-content\\\/uploads\\\/2020\\\/06\\\/trans_trans_untitled-1-510x510-1.jpg\",\"width\":510,\"height\":510},{\"@type\":\"BreadcrumbList\",\"@id\":\"https:\\\/\\\/webthucpham12.vidoweb.vn\\\/?product=tay-da-chet-moi-lip-scrub-duong-nau#breadcrumb\",\"itemListElement\":[{\"@type\":\"ListItem\",\"position\":1,\"name\":\"Trang ch\u1ee7\",\"item\":\"https:\\\/\\\/webthucpham12.vidoweb.vn\\\/\"},{\"@type\":\"ListItem\",\"position\":2,\"name\":\"T\u1ea9y da ch\u1ebft m\u00f4i Lip Scrub \u0110\u01b0\u1eddng N\u00e2u\"}]},{\"@type\":\"WebSite\",\"@id\":\"https:\\\/\\\/webthucpham12.vidoweb.vn\\\/#website\",\"url\":\"https:\\\/\\\/webthucpham12.vidoweb.vn\\\/\",\"name\":\"Th\u1ef1c Ph\u1ea9m 12\",\"description\":\"\",\"potentialAction\":[{\"@type\":\"SearchAction\",\"target\":{\"@type\":\"EntryPoint\",\"urlTemplate\":\"https:\\\/\\\/webthucpham12.vidoweb.vn\\\/?s={search_term_string}\"},\"query-input\":{\"@type\":\"PropertyValueSpecification\",\"valueRequired\":true,\"valueName\":\"search_term_string\"}}],\"inLanguage\":\"vi\"}]}<\/script>\n<!-- \/ Yoast SEO plugin. -->","yoast_head_json":{"title":"T\u1ea9y da ch\u1ebft m\u00f4i Lip Scrub \u0110\u01b0\u1eddng N\u00e2u - Th\u1ef1c Ph\u1ea9m 12","robots":{"index":"noindex","follow":"follow","max-snippet":"max-snippet:-1","max-image-preview":"max-image-preview:large","max-video-preview":"max-video-preview:-1"},"og_locale":"vi_VN","og_type":"article","og_title":"T\u1ea9y da ch\u1ebft m\u00f4i Lip Scrub \u0110\u01b0\u1eddng N\u00e2u - Th\u1ef1c Ph\u1ea9m 12","og_description":"C\u00f9ng v\u1edbi SON L\u1ee4A v\u00e0 SON G\u1ea0O c\u1ef1c an to\u00e0n, Lip Scrub \u0110\u01b0\u1eddng N\u00e2u ho\u00e0n thi\u1ec7n b\u1ed9 s\u1ea3n ph\u1ea9m d\u00e0nh cho m\u00f4i gi\u00fap c\u00e1c n\u00e0ng ch\u0103m s\u00f3c \u0111\u00f4i m\u00f4i m\u1ec1m m\u1ecbn c\u0103ng m\u1ecdng v\u00e0 h\u1ed3ng h\u00e0o.","og_url":"https:\/\/webthucpham12.vidoweb.vn\/?product=tay-da-chet-moi-lip-scrub-duong-nau","og_site_name":"Th\u1ef1c Ph\u1ea9m 12","og_image":[{"width":510,"height":510,"url":"https:\/\/webthucpham12.vidoweb.vn\/wp-content\/uploads\/2020\/06\/trans_trans_untitled-1-510x510-1.jpg","type":"image\/jpeg"}],"twitter_card":"summary_large_image","twitter_misc":{"\u01af\u1edbc t\u00ednh th\u1eddi gian \u0111\u1ecdc":"2 ph\u00fat"},"schema":{"@context":"https:\/\/schema.org","@graph":[{"@type":"WebPage","@id":"https:\/\/webthucpham12.vidoweb.vn\/?product=tay-da-chet-moi-lip-scrub-duong-nau","url":"https:\/\/webthucpham12.vidoweb.vn\/?product=tay-da-chet-moi-lip-scrub-duong-nau","name":"T\u1ea9y da ch\u1ebft m\u00f4i Lip Scrub \u0110\u01b0\u1eddng N\u00e2u - Th\u1ef1c Ph\u1ea9m 12","isPartOf":{"@id":"https:\/\/webthucpham12.vidoweb.vn\/#website"},"primaryImageOfPage":{"@id":"https:\/\/webthucpham12.vidoweb.vn\/?product=tay-da-chet-moi-lip-scrub-duong-nau#primaryimage"},"image":{"@id":"https:\/\/webthucpham12.vidoweb.vn\/?product=tay-da-chet-moi-lip-scrub-duong-nau#primaryimage"},"thumbnailUrl":"https:\/\/webthucpham12.vidoweb.vn\/wp-content\/uploads\/2020\/06\/trans_trans_untitled-1-510x510-1.jpg","datePublished":"2020-06-11T15:05:59+00:00","breadcrumb":{"@id":"https:\/\/webthucpham12.vidoweb.vn\/?product=tay-da-chet-moi-lip-scrub-duong-nau#breadcrumb"},"inLanguage":"vi","potentialAction":[{"@type":"ReadAction","target":["https:\/\/webthucpham12.vidoweb.vn\/?product=tay-da-chet-moi-lip-scrub-duong-nau"]}]},{"@type":"ImageObject","inLanguage":"vi","@id":"https:\/\/webthucpham12.vidoweb.vn\/?product=tay-da-chet-moi-lip-scrub-duong-nau#primaryimage","url":"https:\/\/webthucpham12.vidoweb.vn\/wp-content\/uploads\/2020\/06\/trans_trans_untitled-1-510x510-1.jpg","contentUrl":"https:\/\/webthucpham12.vidoweb.vn\/wp-content\/uploads\/2020\/06\/trans_trans_untitled-1-510x510-1.jpg","width":510,"height":510},{"@type":"BreadcrumbList","@id":"https:\/\/webthucpham12.vidoweb.vn\/?product=tay-da-chet-moi-lip-scrub-duong-nau#breadcrumb","itemListElement":[{"@type":"ListItem","position":1,"name":"Trang ch\u1ee7","item":"https:\/\/webthucpham12.vidoweb.vn\/"},{"@type":"ListItem","position":2,"name":"T\u1ea9y da ch\u1ebft m\u00f4i Lip Scrub \u0110\u01b0\u1eddng N\u00e2u"}]},{"@type":"WebSite","@id":"https:\/\/webthucpham12.vidoweb.vn\/#website","url":"https:\/\/webthucpham12.vidoweb.vn\/","name":"Th\u1ef1c Ph\u1ea9m 12","description":"","potentialAction":[{"@type":"SearchAction","target":{"@type":"EntryPoint","urlTemplate":"https:\/\/webthucpham12.vidoweb.vn\/?s={search_term_string}"},"query-input":{"@type":"PropertyValueSpecification","valueRequired":true,"valueName":"search_term_string"}}],"inLanguage":"vi"}]}},"_links":{"self":[{"href":"https:\/\/webthucpham12.vidoweb.vn\/index.php?rest_route=\/wp\/v2\/product\/434","targetHints":{"allow":["GET"]}}],"collection":[{"href":"https:\/\/webthucpham12.vidoweb.vn\/index.php?rest_route=\/wp\/v2\/product"}],"about":[{"href":"https:\/\/webthucpham12.vidoweb.vn\/index.php?rest_route=\/wp\/v2\/types\/product"}],"replies":[{"embeddable":true,"href":"https:\/\/webthucpham12.vidoweb.vn\/index.php?rest_route=%2Fwp%2Fv2%2Fcomments&post=434"}],"wp:featuredmedia":[{"embeddable":true,"href":"https:\/\/webthucpham12.vidoweb.vn\/index.php?rest_route=\/wp\/v2\/media\/436"}],"wp:attachment":[{"href":"https:\/\/webthucpham12.vidoweb.vn\/index.php?rest_route=%2Fwp%2Fv2%2Fmedia&parent=434"}],"wp:term":[{"taxonomy":"product_brand","embeddable":true,"href":"https:\/\/webthucpham12.vidoweb.vn\/index.php?rest_route=%2Fwp%2Fv2%2Fproduct_brand&post=434"},{"taxonomy":"product_cat","embeddable":true,"href":"https:\/\/webthucpham12.vidoweb.vn\/index.php?rest_route=%2Fwp%2Fv2%2Fproduct_cat&post=434"},{"taxonomy":"product_tag","embeddable":true,"href":"https:\/\/webthucpham12.vidoweb.vn\/index.php?rest_route=%2Fwp%2Fv2%2Fproduct_tag&post=434"}],"curies":[{"name":"wp","href":"https:\/\/api.w.org\/{rel}","templated":true}]}}